{"id":32778,"date":"2021-03-28T13:54:37","date_gmt":"2021-03-28T11:56:28","guid":{"rendered":"https:\/\/www.caveavin-lechai.fr\/produit\/pro-lmn1185-2\/"},"modified":"2023-02-07T17:02:42","modified_gmt":"2023-02-07T16:02:42","slug":"pro-lmn1185-2","status":"publish","type":"product","link":"https:\/\/www.caveavin-lechai.fr\/nl\/produit\/pro-lmn1185-2\/","title":{"rendered":"PRO LMN1185"},"content":{"rendered":"<p>&#8211; 1 zone : Offre une temp\u00e9rature de service comprise dans une tranche de 5 \u00e0 22 \u00b0C selon le mod\u00e8le pour pr\u00e9parer les bouteilles \u00e0 \u00eatre servies et amener les vins \u00e0 une temp\u00e9rature id\u00e9ale de d\u00e9gustation.<\/p>\n<p>&#8211; Serrure : Exposer et garder vos bouteilles en s\u00e9curit\u00e9 \u00e0 l\u2019aide de la serrure \u00e0 cl\u00e9 se trouvant sur la porte de votre cave.<\/p>\n<p>&#8211; Clayette double position : Clayette avec une fonction pr\u00e9sentation pour mettre vos bouteilles inclin\u00e9es avec les \u00e9tiquettes visibles (position verticale) et avec la possibilit\u00e9 de coucher enti\u00e8rement la clayette en fonction stockage pour gagner de la capacit\u00e9.<\/p>\n<p>&#8211; Tiroir avec une capacit\u00e9 de 30 bouteilles. En position verticale, vos bouteilles ouvertes resteront \u00e0 la bonne temp\u00e9rature de d\u00e9gustation.<\/p>\n","protected":false},"excerpt":{"rendered":"<p>&#8211; 1 zone : Offre une temp\u00e9rature de service comprise dans une tranche de 5 \u00e0 22 \u00b0C selon le mod\u00e8le pour pr\u00e9parer les bouteilles \u00e0 \u00eatre servies et amener les vins \u00e0 une temp\u00e9rature id\u00e9ale de d\u00e9gustation. &#8211; Serrure : Exposer et garder vos bouteilles en s\u00e9curit\u00e9 \u00e0 l\u2019aide de la serrure \u00e0 cl\u00e9 [&hellip;]<\/p>\n","protected":false},"featured_media":36827,"template":"","meta":[],"product_cat":[631,630],"product_tag":[],"yoast_head":"<!-- This site is optimized with the Yoast SEO plugin v18.3 - https:\/\/yoast.com\/wordpress\/plugins\/seo\/ -->\n<title>PRO LMN1185 | Le Chai<\/title>\n<meta name=\"robots\" content=\"index, follow, max-snippet:-1, max-image-preview:large, max-video-preview:-1\" \/>\n<link rel=\"canonical\" href=\"https:\/\/www.caveavin-lechai.fr\/nl\/produit\/pro-lmn1185-2\/\" \/>\n<meta property=\"og:locale\" content=\"nl_NL\" \/>\n<meta property=\"og:type\" content=\"article\" \/>\n<meta property=\"og:title\" content=\"PRO LMN1185 | Le Chai\" \/>\n<meta property=\"og:description\" content=\"&#8211; 1 zone : Offre une temp\u00e9rature de service comprise dans une tranche de 5 \u00e0 22 \u00b0C selon le mod\u00e8le pour pr\u00e9parer les bouteilles \u00e0 \u00eatre servies et amener les vins \u00e0 une temp\u00e9rature id\u00e9ale de d\u00e9gustation. &#8211; Serrure : Exposer et garder vos bouteilles en s\u00e9curit\u00e9 \u00e0 l\u2019aide de la serrure \u00e0 cl\u00e9 [&hellip;]\" \/>\n<meta property=\"og:url\" content=\"https:\/\/www.caveavin-lechai.fr\/nl\/produit\/pro-lmn1185-2\/\" \/>\n<meta property=\"og:site_name\" content=\"Le Chai\" \/>\n<meta property=\"article:modified_time\" content=\"2023-02-07T16:02:42+00:00\" \/>\n<meta property=\"og:image\" content=\"https:\/\/www.caveavin-lechai.fr\/wp-content\/uploads\/2021\/10\/80-116.png\" \/>\n\t<meta property=\"og:image:width\" content=\"1200\" \/>\n\t<meta property=\"og:image:height\" content=\"2000\" \/>\n\t<meta property=\"og:image:type\" content=\"image\/png\" \/>\n<meta name=\"twitter:card\" content=\"summary_large_image\" \/>\n<meta name=\"twitter:label1\" content=\"Est. reading time\" \/>\n\t<meta name=\"twitter:data1\" content=\"1 minute\" \/>\n<script type=\"application\/ld+json\" class=\"yoast-schema-graph\">{\"@context\":\"https:\/\/schema.org\",\"@graph\":[{\"@type\":\"Organization\",\"@id\":\"https:\/\/www.caveavin-lechai.fr\/da\/#organization\",\"name\":\"Le Chai\",\"url\":\"https:\/\/www.caveavin-lechai.fr\/da\/\",\"sameAs\":[],\"logo\":{\"@type\":\"ImageObject\",\"@id\":\"https:\/\/www.caveavin-lechai.fr\/da\/#logo\",\"inLanguage\":\"nl-NL\",\"url\":\"https:\/\/www.caveavin-lechai.fr\/wp-content\/uploads\/2020\/09\/favion-lechai.png\",\"contentUrl\":\"https:\/\/www.caveavin-lechai.fr\/wp-content\/uploads\/2020\/09\/favion-lechai.png\",\"width\":127,\"height\":122,\"caption\":\"Le Chai\"},\"image\":{\"@id\":\"https:\/\/www.caveavin-lechai.fr\/da\/#logo\"}},{\"@type\":\"WebSite\",\"@id\":\"https:\/\/www.caveavin-lechai.fr\/da\/#website\",\"url\":\"https:\/\/www.caveavin-lechai.fr\/da\/\",\"name\":\"Le Chai\",\"description\":\"L\u2019excellence de la cave \u00e0 vin\",\"publisher\":{\"@id\":\"https:\/\/www.caveavin-lechai.fr\/da\/#organization\"},\"potentialAction\":[{\"@type\":\"SearchAction\",\"target\":{\"@type\":\"EntryPoint\",\"urlTemplate\":\"https:\/\/www.caveavin-lechai.fr\/da\/?s={search_term_string}\"},\"query-input\":\"required name=search_term_string\"}],\"inLanguage\":\"nl-NL\"},{\"@type\":\"ImageObject\",\"@id\":\"https:\/\/www.caveavin-lechai.fr\/nl\/produit\/pro-lmn1185-2\/#primaryimage\",\"inLanguage\":\"nl-NL\",\"url\":\"https:\/\/www.caveavin-lechai.fr\/wp-content\/uploads\/2021\/10\/80-116.png\",\"contentUrl\":\"https:\/\/www.caveavin-lechai.fr\/wp-content\/uploads\/2021\/10\/80-116.png\",\"width\":1200,\"height\":2000},{\"@type\":\"WebPage\",\"@id\":\"https:\/\/www.caveavin-lechai.fr\/nl\/produit\/pro-lmn1185-2\/#webpage\",\"url\":\"https:\/\/www.caveavin-lechai.fr\/nl\/produit\/pro-lmn1185-2\/\",\"name\":\"PRO LMN1185 | Le Chai\",\"isPartOf\":{\"@id\":\"https:\/\/www.caveavin-lechai.fr\/da\/#website\"},\"primaryImageOfPage\":{\"@id\":\"https:\/\/www.caveavin-lechai.fr\/nl\/produit\/pro-lmn1185-2\/#primaryimage\"},\"datePublished\":\"2021-03-28T11:56:28+00:00\",\"dateModified\":\"2023-02-07T16:02:42+00:00\",\"breadcrumb\":{\"@id\":\"https:\/\/www.caveavin-lechai.fr\/nl\/produit\/pro-lmn1185-2\/#breadcrumb\"},\"inLanguage\":\"nl-NL\",\"potentialAction\":[{\"@type\":\"ReadAction\",\"target\":[\"https:\/\/www.caveavin-lechai.fr\/nl\/produit\/pro-lmn1185-2\/\"]}]},{\"@type\":\"BreadcrumbList\",\"@id\":\"https:\/\/www.caveavin-lechai.fr\/nl\/produit\/pro-lmn1185-2\/#breadcrumb\",\"itemListElement\":[{\"@type\":\"ListItem\",\"position\":1,\"name\":\"Home\",\"item\":\"https:\/\/www.caveavin-lechai.fr\/nl\/\"},{\"@type\":\"ListItem\",\"position\":2,\"name\":\"Producten\",\"item\":\"https:\/\/www.caveavin-lechai.fr\/nl\/shop\/\"},{\"@type\":\"ListItem\",\"position\":3,\"name\":\"PRO LMN1185\"}]}]}<\/script>\n<!-- \/ Yoast SEO plugin. -->","yoast_head_json":{"title":"PRO LMN1185 | Le Chai","robots":{"index":"index","follow":"follow","max-snippet":"max-snippet:-1","max-image-preview":"max-image-preview:large","max-video-preview":"max-video-preview:-1"},"canonical":"https:\/\/www.caveavin-lechai.fr\/nl\/produit\/pro-lmn1185-2\/","og_locale":"nl_NL","og_type":"article","og_title":"PRO LMN1185 | Le Chai","og_description":"&#8211; 1 zone : Offre une temp\u00e9rature de service comprise dans une tranche de 5 \u00e0 22 \u00b0C selon le mod\u00e8le pour pr\u00e9parer les bouteilles \u00e0 \u00eatre servies et amener les vins \u00e0 une temp\u00e9rature id\u00e9ale de d\u00e9gustation. &#8211; Serrure : Exposer et garder vos bouteilles en s\u00e9curit\u00e9 \u00e0 l\u2019aide de la serrure \u00e0 cl\u00e9 [&hellip;]","og_url":"https:\/\/www.caveavin-lechai.fr\/nl\/produit\/pro-lmn1185-2\/","og_site_name":"Le Chai","article_modified_time":"2023-02-07T16:02:42+00:00","og_image":[{"width":1200,"height":2000,"url":"https:\/\/www.caveavin-lechai.fr\/wp-content\/uploads\/2021\/10\/80-116.png","type":"image\/png"}],"twitter_card":"summary_large_image","twitter_misc":{"Est. reading time":"1 minute"},"schema":{"@context":"https:\/\/schema.org","@graph":[{"@type":"Organization","@id":"https:\/\/www.caveavin-lechai.fr\/da\/#organization","name":"Le Chai","url":"https:\/\/www.caveavin-lechai.fr\/da\/","sameAs":[],"logo":{"@type":"ImageObject","@id":"https:\/\/www.caveavin-lechai.fr\/da\/#logo","inLanguage":"nl-NL","url":"https:\/\/www.caveavin-lechai.fr\/wp-content\/uploads\/2020\/09\/favion-lechai.png","contentUrl":"https:\/\/www.caveavin-lechai.fr\/wp-content\/uploads\/2020\/09\/favion-lechai.png","width":127,"height":122,"caption":"Le Chai"},"image":{"@id":"https:\/\/www.caveavin-lechai.fr\/da\/#logo"}},{"@type":"WebSite","@id":"https:\/\/www.caveavin-lechai.fr\/da\/#website","url":"https:\/\/www.caveavin-lechai.fr\/da\/","name":"Le Chai","description":"L\u2019excellence de la cave \u00e0 vin","publisher":{"@id":"https:\/\/www.caveavin-lechai.fr\/da\/#organization"},"potentialAction":[{"@type":"SearchAction","target":{"@type":"EntryPoint","urlTemplate":"https:\/\/www.caveavin-lechai.fr\/da\/?s={search_term_string}"},"query-input":"required name=search_term_string"}],"inLanguage":"nl-NL"},{"@type":"ImageObject","@id":"https:\/\/www.caveavin-lechai.fr\/nl\/produit\/pro-lmn1185-2\/#primaryimage","inLanguage":"nl-NL","url":"https:\/\/www.caveavin-lechai.fr\/wp-content\/uploads\/2021\/10\/80-116.png","contentUrl":"https:\/\/www.caveavin-lechai.fr\/wp-content\/uploads\/2021\/10\/80-116.png","width":1200,"height":2000},{"@type":"WebPage","@id":"https:\/\/www.caveavin-lechai.fr\/nl\/produit\/pro-lmn1185-2\/#webpage","url":"https:\/\/www.caveavin-lechai.fr\/nl\/produit\/pro-lmn1185-2\/","name":"PRO LMN1185 | Le Chai","isPartOf":{"@id":"https:\/\/www.caveavin-lechai.fr\/da\/#website"},"primaryImageOfPage":{"@id":"https:\/\/www.caveavin-lechai.fr\/nl\/produit\/pro-lmn1185-2\/#primaryimage"},"datePublished":"2021-03-28T11:56:28+00:00","dateModified":"2023-02-07T16:02:42+00:00","breadcrumb":{"@id":"https:\/\/www.caveavin-lechai.fr\/nl\/produit\/pro-lmn1185-2\/#breadcrumb"},"inLanguage":"nl-NL","potentialAction":[{"@type":"ReadAction","target":["https:\/\/www.caveavin-lechai.fr\/nl\/produit\/pro-lmn1185-2\/"]}]},{"@type":"BreadcrumbList","@id":"https:\/\/www.caveavin-lechai.fr\/nl\/produit\/pro-lmn1185-2\/#breadcrumb","itemListElement":[{"@type":"ListItem","position":1,"name":"Home","item":"https:\/\/www.caveavin-lechai.fr\/nl\/"},{"@type":"ListItem","position":2,"name":"Producten","item":"https:\/\/www.caveavin-lechai.fr\/nl\/shop\/"},{"@type":"ListItem","position":3,"name":"PRO LMN1185"}]}]}},"acf":[],"_links":{"self":[{"href":"https:\/\/www.caveavin-lechai.fr\/nl\/wp-json\/wp\/v2\/product\/32778"}],"collection":[{"href":"https:\/\/www.caveavin-lechai.fr\/nl\/wp-json\/wp\/v2\/product"}],"about":[{"href":"https:\/\/www.caveavin-lechai.fr\/nl\/wp-json\/wp\/v2\/types\/product"}],"wp:featuredmedia":[{"embeddable":true,"href":"https:\/\/www.caveavin-lechai.fr\/nl\/wp-json\/wp\/v2\/media\/36827"}],"wp:attachment":[{"href":"https:\/\/www.caveavin-lechai.fr\/nl\/wp-json\/wp\/v2\/media?parent=32778"}],"wp:term":[{"taxonomy":"product_cat","embeddable":true,"href":"https:\/\/www.caveavin-lechai.fr\/nl\/wp-json\/wp\/v2\/product_cat?post=32778"},{"taxonomy":"product_tag","embeddable":true,"href":"https:\/\/www.caveavin-lechai.fr\/nl\/wp-json\/wp\/v2\/product_tag?post=32778"}],"curies":[{"name":"wp","href":"https:\/\/api.w.org\/{rel}","templated":true}]}}