{"id":36772,"date":"2021-10-14T15:51:30","date_gmt":"2021-10-14T13:52:23","guid":{"rendered":"https:\/\/www.caveavin-lechai.fr\/produit\/nouveau-produit-4\/"},"modified":"2023-02-07T17:04:29","modified_gmt":"2023-02-07T16:04:29","slug":"lb-720v","status":"publish","type":"product","link":"https:\/\/www.caveavin-lechai.fr\/es\/produit\/lb-720v\/","title":{"rendered":"LB 720V"},"content":{"rendered":"<p>2 zones : Zone inf\u00e9rieure et sup\u00e9rieure offrant 2 temp\u00e9ratures diff\u00e9rentes avec r\u00e9glage individuel pour conserver et mettre vos bouteilles \u00e0 la temp\u00e9rature id\u00e9ale de service.   <\/p>\n<p>Niche 122 cm : Hauteur d&#8217;encastrement dans une niche de meuble colonne.<\/p>\n<p>Auto-ventil\u00e9 : Ce produit n&#8217;a pas besoin (comme d&#8217;autres) de poss\u00e9der une ventilation sous la colonne et \u00e0 l&#8217;arri\u00e8re de cette derni\u00e8re. Un syst\u00e8me de ventilation tangentielle interne assure l&#8217;\u00e9vacuation de la chaleur produite par le condenseur et le compresseur. On notera \u00e9galement un gain de temps par son installation simplifi\u00e9e gr\u00e2ce \u00e0 sa ventilation en fa\u00e7ade, il suffit juste de la brancher sans avoir le besoin de pr\u00e9voir d&#8217;a\u00e9ration dans les meubles.<\/p>\n","protected":false},"excerpt":{"rendered":"<p>2 zones : Zone inf\u00e9rieure et sup\u00e9rieure offrant 2 temp\u00e9ratures diff\u00e9rentes avec r\u00e9glage individuel pour conserver et mettre vos bouteilles \u00e0 la temp\u00e9rature id\u00e9ale de service. Niche 122 cm : Hauteur d&#8217;encastrement dans une niche de meuble colonne. Auto-ventil\u00e9 : Ce produit n&#8217;a pas besoin (comme d&#8217;autres) de poss\u00e9der une ventilation sous la colonne et [&hellip;]<\/p>\n","protected":false},"featured_media":43200,"template":"","meta":[],"product_cat":[646,645],"product_tag":[],"yoast_head":"<!-- This site is optimized with the Yoast SEO plugin v18.3 - https:\/\/yoast.com\/wordpress\/plugins\/seo\/ -->\n<title>LB 720V | Le Chai<\/title>\n<meta name=\"robots\" content=\"index, follow, max-snippet:-1, max-image-preview:large, max-video-preview:-1\" \/>\n<link rel=\"canonical\" href=\"https:\/\/www.caveavin-lechai.fr\/es\/produit\/lb-720v\/\" \/>\n<meta property=\"og:locale\" content=\"es_ES\" \/>\n<meta property=\"og:type\" content=\"article\" \/>\n<meta property=\"og:title\" content=\"LB 720V | Le Chai\" \/>\n<meta property=\"og:description\" content=\"2 zones : Zone inf\u00e9rieure et sup\u00e9rieure offrant 2 temp\u00e9ratures diff\u00e9rentes avec r\u00e9glage individuel pour conserver et mettre vos bouteilles \u00e0 la temp\u00e9rature id\u00e9ale de service. Niche 122 cm : Hauteur d&#8217;encastrement dans une niche de meuble colonne. Auto-ventil\u00e9 : Ce produit n&#8217;a pas besoin (comme d&#8217;autres) de poss\u00e9der une ventilation sous la colonne et [&hellip;]\" \/>\n<meta property=\"og:url\" content=\"https:\/\/www.caveavin-lechai.fr\/es\/produit\/lb-720v\/\" \/>\n<meta property=\"og:site_name\" content=\"Le Chai\" \/>\n<meta property=\"article:modified_time\" content=\"2023-02-07T16:04:29+00:00\" \/>\n<meta property=\"og:image\" content=\"https:\/\/www.caveavin-lechai.fr\/wp-content\/uploads\/2023\/02\/80-107.png\" \/>\n\t<meta property=\"og:image:width\" content=\"1200\" \/>\n\t<meta property=\"og:image:height\" content=\"2446\" \/>\n\t<meta property=\"og:image:type\" content=\"image\/png\" \/>\n<meta name=\"twitter:card\" content=\"summary_large_image\" \/>\n<meta name=\"twitter:label1\" content=\"Est. reading time\" \/>\n\t<meta name=\"twitter:data1\" content=\"1 minute\" \/>\n<script type=\"application\/ld+json\" class=\"yoast-schema-graph\">{\"@context\":\"https:\/\/schema.org\",\"@graph\":[{\"@type\":\"Organization\",\"@id\":\"https:\/\/www.caveavin-lechai.fr\/da\/#organization\",\"name\":\"Le Chai\",\"url\":\"https:\/\/www.caveavin-lechai.fr\/da\/\",\"sameAs\":[],\"logo\":{\"@type\":\"ImageObject\",\"@id\":\"https:\/\/www.caveavin-lechai.fr\/da\/#logo\",\"inLanguage\":\"es-ES\",\"url\":\"https:\/\/www.caveavin-lechai.fr\/wp-content\/uploads\/2020\/09\/favion-lechai.png\",\"contentUrl\":\"https:\/\/www.caveavin-lechai.fr\/wp-content\/uploads\/2020\/09\/favion-lechai.png\",\"width\":127,\"height\":122,\"caption\":\"Le Chai\"},\"image\":{\"@id\":\"https:\/\/www.caveavin-lechai.fr\/da\/#logo\"}},{\"@type\":\"WebSite\",\"@id\":\"https:\/\/www.caveavin-lechai.fr\/da\/#website\",\"url\":\"https:\/\/www.caveavin-lechai.fr\/da\/\",\"name\":\"Le Chai\",\"description\":\"L\u2019excellence de la cave \u00e0 vin\",\"publisher\":{\"@id\":\"https:\/\/www.caveavin-lechai.fr\/da\/#organization\"},\"potentialAction\":[{\"@type\":\"SearchAction\",\"target\":{\"@type\":\"EntryPoint\",\"urlTemplate\":\"https:\/\/www.caveavin-lechai.fr\/da\/?s={search_term_string}\"},\"query-input\":\"required name=search_term_string\"}],\"inLanguage\":\"es-ES\"},{\"@type\":\"ImageObject\",\"@id\":\"https:\/\/www.caveavin-lechai.fr\/es\/produit\/lb-720v\/#primaryimage\",\"inLanguage\":\"es-ES\",\"url\":\"https:\/\/www.caveavin-lechai.fr\/wp-content\/uploads\/2023\/02\/80-107.png\",\"contentUrl\":\"https:\/\/www.caveavin-lechai.fr\/wp-content\/uploads\/2023\/02\/80-107.png\",\"width\":1200,\"height\":2446},{\"@type\":\"WebPage\",\"@id\":\"https:\/\/www.caveavin-lechai.fr\/es\/produit\/lb-720v\/#webpage\",\"url\":\"https:\/\/www.caveavin-lechai.fr\/es\/produit\/lb-720v\/\",\"name\":\"LB 720V | Le Chai\",\"isPartOf\":{\"@id\":\"https:\/\/www.caveavin-lechai.fr\/da\/#website\"},\"primaryImageOfPage\":{\"@id\":\"https:\/\/www.caveavin-lechai.fr\/es\/produit\/lb-720v\/#primaryimage\"},\"datePublished\":\"2021-10-14T13:52:23+00:00\",\"dateModified\":\"2023-02-07T16:04:29+00:00\",\"breadcrumb\":{\"@id\":\"https:\/\/www.caveavin-lechai.fr\/es\/produit\/lb-720v\/#breadcrumb\"},\"inLanguage\":\"es-ES\",\"potentialAction\":[{\"@type\":\"ReadAction\",\"target\":[\"https:\/\/www.caveavin-lechai.fr\/es\/produit\/lb-720v\/\"]}]},{\"@type\":\"BreadcrumbList\",\"@id\":\"https:\/\/www.caveavin-lechai.fr\/es\/produit\/lb-720v\/#breadcrumb\",\"itemListElement\":[{\"@type\":\"ListItem\",\"position\":1,\"name\":\"Inicio\",\"item\":\"https:\/\/www.caveavin-lechai.fr\/es\/\"},{\"@type\":\"ListItem\",\"position\":2,\"name\":\"Productos\",\"item\":\"https:\/\/www.caveavin-lechai.fr\/es\/shop\/\"},{\"@type\":\"ListItem\",\"position\":3,\"name\":\"LB 720V\"}]}]}<\/script>\n<!-- \/ Yoast SEO plugin. -->","yoast_head_json":{"title":"LB 720V | Le Chai","robots":{"index":"index","follow":"follow","max-snippet":"max-snippet:-1","max-image-preview":"max-image-preview:large","max-video-preview":"max-video-preview:-1"},"canonical":"https:\/\/www.caveavin-lechai.fr\/es\/produit\/lb-720v\/","og_locale":"es_ES","og_type":"article","og_title":"LB 720V | Le Chai","og_description":"2 zones : Zone inf\u00e9rieure et sup\u00e9rieure offrant 2 temp\u00e9ratures diff\u00e9rentes avec r\u00e9glage individuel pour conserver et mettre vos bouteilles \u00e0 la temp\u00e9rature id\u00e9ale de service. Niche 122 cm : Hauteur d&#8217;encastrement dans une niche de meuble colonne. Auto-ventil\u00e9 : Ce produit n&#8217;a pas besoin (comme d&#8217;autres) de poss\u00e9der une ventilation sous la colonne et [&hellip;]","og_url":"https:\/\/www.caveavin-lechai.fr\/es\/produit\/lb-720v\/","og_site_name":"Le Chai","article_modified_time":"2023-02-07T16:04:29+00:00","og_image":[{"width":1200,"height":2446,"url":"https:\/\/www.caveavin-lechai.fr\/wp-content\/uploads\/2023\/02\/80-107.png","type":"image\/png"}],"twitter_card":"summary_large_image","twitter_misc":{"Est. reading time":"1 minute"},"schema":{"@context":"https:\/\/schema.org","@graph":[{"@type":"Organization","@id":"https:\/\/www.caveavin-lechai.fr\/da\/#organization","name":"Le Chai","url":"https:\/\/www.caveavin-lechai.fr\/da\/","sameAs":[],"logo":{"@type":"ImageObject","@id":"https:\/\/www.caveavin-lechai.fr\/da\/#logo","inLanguage":"es-ES","url":"https:\/\/www.caveavin-lechai.fr\/wp-content\/uploads\/2020\/09\/favion-lechai.png","contentUrl":"https:\/\/www.caveavin-lechai.fr\/wp-content\/uploads\/2020\/09\/favion-lechai.png","width":127,"height":122,"caption":"Le Chai"},"image":{"@id":"https:\/\/www.caveavin-lechai.fr\/da\/#logo"}},{"@type":"WebSite","@id":"https:\/\/www.caveavin-lechai.fr\/da\/#website","url":"https:\/\/www.caveavin-lechai.fr\/da\/","name":"Le Chai","description":"L\u2019excellence de la cave \u00e0 vin","publisher":{"@id":"https:\/\/www.caveavin-lechai.fr\/da\/#organization"},"potentialAction":[{"@type":"SearchAction","target":{"@type":"EntryPoint","urlTemplate":"https:\/\/www.caveavin-lechai.fr\/da\/?s={search_term_string}"},"query-input":"required name=search_term_string"}],"inLanguage":"es-ES"},{"@type":"ImageObject","@id":"https:\/\/www.caveavin-lechai.fr\/es\/produit\/lb-720v\/#primaryimage","inLanguage":"es-ES","url":"https:\/\/www.caveavin-lechai.fr\/wp-content\/uploads\/2023\/02\/80-107.png","contentUrl":"https:\/\/www.caveavin-lechai.fr\/wp-content\/uploads\/2023\/02\/80-107.png","width":1200,"height":2446},{"@type":"WebPage","@id":"https:\/\/www.caveavin-lechai.fr\/es\/produit\/lb-720v\/#webpage","url":"https:\/\/www.caveavin-lechai.fr\/es\/produit\/lb-720v\/","name":"LB 720V | Le Chai","isPartOf":{"@id":"https:\/\/www.caveavin-lechai.fr\/da\/#website"},"primaryImageOfPage":{"@id":"https:\/\/www.caveavin-lechai.fr\/es\/produit\/lb-720v\/#primaryimage"},"datePublished":"2021-10-14T13:52:23+00:00","dateModified":"2023-02-07T16:04:29+00:00","breadcrumb":{"@id":"https:\/\/www.caveavin-lechai.fr\/es\/produit\/lb-720v\/#breadcrumb"},"inLanguage":"es-ES","potentialAction":[{"@type":"ReadAction","target":["https:\/\/www.caveavin-lechai.fr\/es\/produit\/lb-720v\/"]}]},{"@type":"BreadcrumbList","@id":"https:\/\/www.caveavin-lechai.fr\/es\/produit\/lb-720v\/#breadcrumb","itemListElement":[{"@type":"ListItem","position":1,"name":"Inicio","item":"https:\/\/www.caveavin-lechai.fr\/es\/"},{"@type":"ListItem","position":2,"name":"Productos","item":"https:\/\/www.caveavin-lechai.fr\/es\/shop\/"},{"@type":"ListItem","position":3,"name":"LB 720V"}]}]}},"acf":[],"_links":{"self":[{"href":"https:\/\/www.caveavin-lechai.fr\/es\/wp-json\/wp\/v2\/product\/36772"}],"collection":[{"href":"https:\/\/www.caveavin-lechai.fr\/es\/wp-json\/wp\/v2\/product"}],"about":[{"href":"https:\/\/www.caveavin-lechai.fr\/es\/wp-json\/wp\/v2\/types\/product"}],"wp:featuredmedia":[{"embeddable":true,"href":"https:\/\/www.caveavin-lechai.fr\/es\/wp-json\/wp\/v2\/media\/43200"}],"wp:attachment":[{"href":"https:\/\/www.caveavin-lechai.fr\/es\/wp-json\/wp\/v2\/media?parent=36772"}],"wp:term":[{"taxonomy":"product_cat","embeddable":true,"href":"https:\/\/www.caveavin-lechai.fr\/es\/wp-json\/wp\/v2\/product_cat?post=36772"},{"taxonomy":"product_tag","embeddable":true,"href":"https:\/\/www.caveavin-lechai.fr\/es\/wp-json\/wp\/v2\/product_tag?post=36772"}],"curies":[{"name":"wp","href":"https:\/\/api.w.org\/{rel}","templated":true}]}}