{"id":21087,"date":"2020-06-24T18:17:46","date_gmt":"2020-08-04T09:01:40","guid":{"rendered":"https:\/\/www.caveavin-lechai.fr\/produit\/chroma-540-2\/"},"modified":"2023-02-07T16:57:25","modified_gmt":"2023-02-07T15:57:25","slug":"chroma-540-2","status":"publish","type":"product","link":"https:\/\/www.caveavin-lechai.fr\/es\/produit\/chroma-540-2\/","title":{"rendered":"CHROMA 540"},"content":{"rendered":"<p>\u2022 1 zona: Ofrece una temperatura de servicio de entre 5 y 22 \u00b0C, seg\u00fan el modelo, para preparar las botellas que se van a servir y llevar los vinos a una temperatura de degustaci\u00f3n ideal.<br \/>\n\u2022 88 cm bajo encimera: Altura m\u00ednima debajo de la encimera para puerta con una altura de 78 cm.<br \/>\n\u2022 Electrocr\u00f3mica:<br \/>\nOPACAR PARA PROTEGER<br \/>\nEl principal enemigo del vino es la luz. Por este motivo, hemos equipado nuestros aparatos con una puerta electrocr\u00f3mica que, en funci\u00f3n opaca, permite un \u00f3ptimo filtrado de los rayos UV. El cristal opaco protege y conserva sus mejores caldos.<br \/>\nILUMINAR PARA SELECCIONAR<br \/>\nCon una simple acci\u00f3n, el cristal de la puerta cambia de opaco a transparente para que pueda visualizar el interior de su vinoteca sin abrir la puerta y, de esta forma, evitar las variaciones de temperatura y mantener la temperatura interior de la cava.<br \/>\n\u2022 Filtro de carb\u00f3n: Proteja sus vinos de olores mediante la limpieza y purificaci\u00f3n del aire de su vinoteca.<br \/>\n\u2022 Iluminaci\u00f3n m\u00faltiple: En este modelo puede elegir entre diferentes colores de iluminaci\u00f3n para su vinoteca, dependiendo de su dise\u00f1o interior y su color o del ambiente deseado. En algunos modelos existe una funci\u00f3n aleatoria para que los colores cambien sucesivamente y se genere un ambiente festivo.<\/p>\n","protected":false},"excerpt":{"rendered":"<p>\u2022 1 zona: Ofrece una temperatura de servicio de entre 5 y 22 \u00b0C, seg\u00fan el modelo, para preparar las botellas que se van a servir y llevar los vinos a una temperatura de degustaci\u00f3n ideal. \u2022 88 cm bajo encimera: Altura m\u00ednima debajo de la encimera para puerta con una altura de 78 cm. [&hellip;]<\/p>\n","protected":false},"featured_media":21086,"template":"","meta":[],"product_cat":[648,645],"product_tag":[],"yoast_head":"<!-- This site is optimized with the Yoast SEO plugin v18.3 - https:\/\/yoast.com\/wordpress\/plugins\/seo\/ -->\n<title>CHROMA 540 | Le Chai<\/title>\n<meta name=\"robots\" content=\"index, follow, max-snippet:-1, max-image-preview:large, max-video-preview:-1\" \/>\n<link rel=\"canonical\" href=\"https:\/\/www.caveavin-lechai.fr\/es\/produit\/chroma-540-2\/\" \/>\n<meta property=\"og:locale\" content=\"es_ES\" \/>\n<meta property=\"og:type\" content=\"article\" \/>\n<meta property=\"og:title\" content=\"CHROMA 540 | Le Chai\" \/>\n<meta property=\"og:description\" content=\"\u2022 1 zona: Ofrece una temperatura de servicio de entre 5 y 22 \u00b0C, seg\u00fan el modelo, para preparar las botellas que se van a servir y llevar los vinos a una temperatura de degustaci\u00f3n ideal. \u2022 88 cm bajo encimera: Altura m\u00ednima debajo de la encimera para puerta con una altura de 78 cm. [&hellip;]\" \/>\n<meta property=\"og:url\" content=\"https:\/\/www.caveavin-lechai.fr\/es\/produit\/chroma-540-2\/\" \/>\n<meta property=\"og:site_name\" content=\"Le Chai\" \/>\n<meta property=\"article:modified_time\" content=\"2023-02-07T15:57:25+00:00\" \/>\n<meta property=\"og:image\" content=\"https:\/\/www.caveavin-lechai.fr\/wp-content\/uploads\/2020\/08\/80-54.png\" \/>\n\t<meta property=\"og:image:width\" content=\"1200\" \/>\n\t<meta property=\"og:image:height\" content=\"1677\" \/>\n\t<meta property=\"og:image:type\" content=\"image\/png\" \/>\n<meta name=\"twitter:card\" content=\"summary_large_image\" \/>\n<meta name=\"twitter:label1\" content=\"Est. reading time\" \/>\n\t<meta name=\"twitter:data1\" content=\"1 minute\" \/>\n<script type=\"application\/ld+json\" class=\"yoast-schema-graph\">{\"@context\":\"https:\/\/schema.org\",\"@graph\":[{\"@type\":\"Organization\",\"@id\":\"https:\/\/www.caveavin-lechai.fr\/da\/#organization\",\"name\":\"Le Chai\",\"url\":\"https:\/\/www.caveavin-lechai.fr\/da\/\",\"sameAs\":[],\"logo\":{\"@type\":\"ImageObject\",\"@id\":\"https:\/\/www.caveavin-lechai.fr\/da\/#logo\",\"inLanguage\":\"es-ES\",\"url\":\"https:\/\/www.caveavin-lechai.fr\/wp-content\/uploads\/2020\/09\/favion-lechai.png\",\"contentUrl\":\"https:\/\/www.caveavin-lechai.fr\/wp-content\/uploads\/2020\/09\/favion-lechai.png\",\"width\":127,\"height\":122,\"caption\":\"Le Chai\"},\"image\":{\"@id\":\"https:\/\/www.caveavin-lechai.fr\/da\/#logo\"}},{\"@type\":\"WebSite\",\"@id\":\"https:\/\/www.caveavin-lechai.fr\/da\/#website\",\"url\":\"https:\/\/www.caveavin-lechai.fr\/da\/\",\"name\":\"Le Chai\",\"description\":\"L\u2019excellence de la cave \u00e0 vin\",\"publisher\":{\"@id\":\"https:\/\/www.caveavin-lechai.fr\/da\/#organization\"},\"potentialAction\":[{\"@type\":\"SearchAction\",\"target\":{\"@type\":\"EntryPoint\",\"urlTemplate\":\"https:\/\/www.caveavin-lechai.fr\/da\/?s={search_term_string}\"},\"query-input\":\"required name=search_term_string\"}],\"inLanguage\":\"es-ES\"},{\"@type\":\"ImageObject\",\"@id\":\"https:\/\/www.caveavin-lechai.fr\/es\/produit\/chroma-540-2\/#primaryimage\",\"inLanguage\":\"es-ES\",\"url\":\"https:\/\/www.caveavin-lechai.fr\/wp-content\/uploads\/2020\/08\/80-54.png\",\"contentUrl\":\"https:\/\/www.caveavin-lechai.fr\/wp-content\/uploads\/2020\/08\/80-54.png\",\"width\":1200,\"height\":1677},{\"@type\":\"WebPage\",\"@id\":\"https:\/\/www.caveavin-lechai.fr\/es\/produit\/chroma-540-2\/#webpage\",\"url\":\"https:\/\/www.caveavin-lechai.fr\/es\/produit\/chroma-540-2\/\",\"name\":\"CHROMA 540 | Le Chai\",\"isPartOf\":{\"@id\":\"https:\/\/www.caveavin-lechai.fr\/da\/#website\"},\"primaryImageOfPage\":{\"@id\":\"https:\/\/www.caveavin-lechai.fr\/es\/produit\/chroma-540-2\/#primaryimage\"},\"datePublished\":\"2020-08-04T09:01:40+00:00\",\"dateModified\":\"2023-02-07T15:57:25+00:00\",\"breadcrumb\":{\"@id\":\"https:\/\/www.caveavin-lechai.fr\/es\/produit\/chroma-540-2\/#breadcrumb\"},\"inLanguage\":\"es-ES\",\"potentialAction\":[{\"@type\":\"ReadAction\",\"target\":[\"https:\/\/www.caveavin-lechai.fr\/es\/produit\/chroma-540-2\/\"]}]},{\"@type\":\"BreadcrumbList\",\"@id\":\"https:\/\/www.caveavin-lechai.fr\/es\/produit\/chroma-540-2\/#breadcrumb\",\"itemListElement\":[{\"@type\":\"ListItem\",\"position\":1,\"name\":\"Inicio\",\"item\":\"https:\/\/www.caveavin-lechai.fr\/es\/\"},{\"@type\":\"ListItem\",\"position\":2,\"name\":\"Productos\",\"item\":\"https:\/\/www.caveavin-lechai.fr\/es\/shop\/\"},{\"@type\":\"ListItem\",\"position\":3,\"name\":\"CHROMA 540\"}]}]}<\/script>\n<!-- \/ Yoast SEO plugin. -->","yoast_head_json":{"title":"CHROMA 540 | Le Chai","robots":{"index":"index","follow":"follow","max-snippet":"max-snippet:-1","max-image-preview":"max-image-preview:large","max-video-preview":"max-video-preview:-1"},"canonical":"https:\/\/www.caveavin-lechai.fr\/es\/produit\/chroma-540-2\/","og_locale":"es_ES","og_type":"article","og_title":"CHROMA 540 | Le Chai","og_description":"\u2022 1 zona: Ofrece una temperatura de servicio de entre 5 y 22 \u00b0C, seg\u00fan el modelo, para preparar las botellas que se van a servir y llevar los vinos a una temperatura de degustaci\u00f3n ideal. \u2022 88 cm bajo encimera: Altura m\u00ednima debajo de la encimera para puerta con una altura de 78 cm. [&hellip;]","og_url":"https:\/\/www.caveavin-lechai.fr\/es\/produit\/chroma-540-2\/","og_site_name":"Le Chai","article_modified_time":"2023-02-07T15:57:25+00:00","og_image":[{"width":1200,"height":1677,"url":"https:\/\/www.caveavin-lechai.fr\/wp-content\/uploads\/2020\/08\/80-54.png","type":"image\/png"}],"twitter_card":"summary_large_image","twitter_misc":{"Est. reading time":"1 minute"},"schema":{"@context":"https:\/\/schema.org","@graph":[{"@type":"Organization","@id":"https:\/\/www.caveavin-lechai.fr\/da\/#organization","name":"Le Chai","url":"https:\/\/www.caveavin-lechai.fr\/da\/","sameAs":[],"logo":{"@type":"ImageObject","@id":"https:\/\/www.caveavin-lechai.fr\/da\/#logo","inLanguage":"es-ES","url":"https:\/\/www.caveavin-lechai.fr\/wp-content\/uploads\/2020\/09\/favion-lechai.png","contentUrl":"https:\/\/www.caveavin-lechai.fr\/wp-content\/uploads\/2020\/09\/favion-lechai.png","width":127,"height":122,"caption":"Le Chai"},"image":{"@id":"https:\/\/www.caveavin-lechai.fr\/da\/#logo"}},{"@type":"WebSite","@id":"https:\/\/www.caveavin-lechai.fr\/da\/#website","url":"https:\/\/www.caveavin-lechai.fr\/da\/","name":"Le Chai","description":"L\u2019excellence de la cave \u00e0 vin","publisher":{"@id":"https:\/\/www.caveavin-lechai.fr\/da\/#organization"},"potentialAction":[{"@type":"SearchAction","target":{"@type":"EntryPoint","urlTemplate":"https:\/\/www.caveavin-lechai.fr\/da\/?s={search_term_string}"},"query-input":"required name=search_term_string"}],"inLanguage":"es-ES"},{"@type":"ImageObject","@id":"https:\/\/www.caveavin-lechai.fr\/es\/produit\/chroma-540-2\/#primaryimage","inLanguage":"es-ES","url":"https:\/\/www.caveavin-lechai.fr\/wp-content\/uploads\/2020\/08\/80-54.png","contentUrl":"https:\/\/www.caveavin-lechai.fr\/wp-content\/uploads\/2020\/08\/80-54.png","width":1200,"height":1677},{"@type":"WebPage","@id":"https:\/\/www.caveavin-lechai.fr\/es\/produit\/chroma-540-2\/#webpage","url":"https:\/\/www.caveavin-lechai.fr\/es\/produit\/chroma-540-2\/","name":"CHROMA 540 | Le Chai","isPartOf":{"@id":"https:\/\/www.caveavin-lechai.fr\/da\/#website"},"primaryImageOfPage":{"@id":"https:\/\/www.caveavin-lechai.fr\/es\/produit\/chroma-540-2\/#primaryimage"},"datePublished":"2020-08-04T09:01:40+00:00","dateModified":"2023-02-07T15:57:25+00:00","breadcrumb":{"@id":"https:\/\/www.caveavin-lechai.fr\/es\/produit\/chroma-540-2\/#breadcrumb"},"inLanguage":"es-ES","potentialAction":[{"@type":"ReadAction","target":["https:\/\/www.caveavin-lechai.fr\/es\/produit\/chroma-540-2\/"]}]},{"@type":"BreadcrumbList","@id":"https:\/\/www.caveavin-lechai.fr\/es\/produit\/chroma-540-2\/#breadcrumb","itemListElement":[{"@type":"ListItem","position":1,"name":"Inicio","item":"https:\/\/www.caveavin-lechai.fr\/es\/"},{"@type":"ListItem","position":2,"name":"Productos","item":"https:\/\/www.caveavin-lechai.fr\/es\/shop\/"},{"@type":"ListItem","position":3,"name":"CHROMA 540"}]}]}},"acf":[],"_links":{"self":[{"href":"https:\/\/www.caveavin-lechai.fr\/es\/wp-json\/wp\/v2\/product\/21087"}],"collection":[{"href":"https:\/\/www.caveavin-lechai.fr\/es\/wp-json\/wp\/v2\/product"}],"about":[{"href":"https:\/\/www.caveavin-lechai.fr\/es\/wp-json\/wp\/v2\/types\/product"}],"wp:featuredmedia":[{"embeddable":true,"href":"https:\/\/www.caveavin-lechai.fr\/es\/wp-json\/wp\/v2\/media\/21086"}],"wp:attachment":[{"href":"https:\/\/www.caveavin-lechai.fr\/es\/wp-json\/wp\/v2\/media?parent=21087"}],"wp:term":[{"taxonomy":"product_cat","embeddable":true,"href":"https:\/\/www.caveavin-lechai.fr\/es\/wp-json\/wp\/v2\/product_cat?post=21087"},{"taxonomy":"product_tag","embeddable":true,"href":"https:\/\/www.caveavin-lechai.fr\/es\/wp-json\/wp\/v2\/product_tag?post=21087"}],"curies":[{"name":"wp","href":"https:\/\/api.w.org\/{rel}","templated":true}]}}