{"id":20641,"date":"2020-06-24T18:58:53","date_gmt":"2020-08-04T08:14:01","guid":{"rendered":"https:\/\/www.caveavin-lechai.fr\/produit\/lmv-2370hd-2\/"},"modified":"2023-02-07T16:32:46","modified_gmt":"2023-02-07T15:32:46","slug":"lmv-2370hd-2","status":"publish","type":"product","link":"https:\/\/www.caveavin-lechai.fr\/es\/produit\/lmv-2370hd-2\/","title":{"rendered":"LMV 2370HD"},"content":{"rendered":"<p>\u2022 1 zona: Ofrece una temperatura de servicio de entre 5 y 22 \u00b0C, seg\u00fan el modelo, para preparar las botellas que se van a servir y llevar los vinos a una temperatura de degustaci\u00f3n ideal.<br \/>\n\u2022 Higrometr\u00eda electr\u00f3nica: En una vinoteca de envejecimiento es importante mantener un nivel de humedad de entre el 60 y el 75 % para conservar los tapones de las botellas de prolongada guarda en las mejores condiciones posibles. Es imprescindible evitar que se sequen. Esta vinoteca, dotada de un sensor, puede actuar por s\u00ed misma para mantener el nivel ideal de humedad. A diferencia del sistema mec\u00e1nico, el sistema electr\u00f3nico le permitir\u00e1 elegir el nivel de humedad que desee.<br \/>\n\u2022 Cierre: Exponga y mantenga sus botellas de vino a buen recaudo gracias a la cerradura con llave que se encuentra en la puerta de su vinoteca.<br \/>\n\u2022 Funci\u00f3n invierno: Si instala la vinoteca en una estancia con temperaturas inferiores a los 10 \u00b0C, como un garaje o un lavadero, es necesario que sea un modelo equipado con la funci\u00f3n \u00abInvierno\u00bb, lo cual permitir\u00e1 mantener una temperatura m\u00ednima en el interior de la cava y conservar sus vinos en las mejores condiciones.<br \/>\n\u2022 Alarma de puerta: Si la puerta se abre de forma involuntaria o se cierra de forma incorrecta, al cabo de unos segundos sonar\u00e1 una se\u00f1al ac\u00fastica para informarle del problema. Para solucionarlo, solo tendr\u00e1 que cerrar la puerta correctamente.<br \/>\n\u2022 Filtro de carb\u00f3n: Proteja sus vinos de olores mediante la limpieza y purificaci\u00f3n del aire de su vinoteca.<br \/>\n\u2022 Caj\u00f3n: Permite guardar botellas de diferentes tama\u00f1os hasta Magnum y proteger sus caldos de la luz para un envejecimiento \u00f3ptimo.<\/p>\n","protected":false},"excerpt":{"rendered":"<p>\u2022 1 zona: Ofrece una temperatura de servicio de entre 5 y 22 \u00b0C, seg\u00fan el modelo, para preparar las botellas que se van a servir y llevar los vinos a una temperatura de degustaci\u00f3n ideal. \u2022 Higrometr\u00eda electr\u00f3nica: En una vinoteca de envejecimiento es importante mantener un nivel de humedad de entre el 60 [&hellip;]<\/p>\n","protected":false},"featured_media":28660,"template":"","meta":[],"product_cat":[641,637],"product_tag":[],"yoast_head":"<!-- This site is optimized with the Yoast SEO plugin v18.3 - https:\/\/yoast.com\/wordpress\/plugins\/seo\/ -->\n<title>LMV 2370HD | Le Chai<\/title>\n<meta name=\"robots\" content=\"index, follow, max-snippet:-1, max-image-preview:large, max-video-preview:-1\" \/>\n<link rel=\"canonical\" href=\"https:\/\/www.caveavin-lechai.fr\/es\/produit\/lmv-2370hd-2\/\" \/>\n<meta property=\"og:locale\" content=\"es_ES\" \/>\n<meta property=\"og:type\" content=\"article\" \/>\n<meta property=\"og:title\" content=\"LMV 2370HD | Le Chai\" \/>\n<meta property=\"og:description\" content=\"\u2022 1 zona: Ofrece una temperatura de servicio de entre 5 y 22 \u00b0C, seg\u00fan el modelo, para preparar las botellas que se van a servir y llevar los vinos a una temperatura de degustaci\u00f3n ideal. \u2022 Higrometr\u00eda electr\u00f3nica: En una vinoteca de envejecimiento es importante mantener un nivel de humedad de entre el 60 [&hellip;]\" \/>\n<meta property=\"og:url\" content=\"https:\/\/www.caveavin-lechai.fr\/es\/produit\/lmv-2370hd-2\/\" \/>\n<meta property=\"og:site_name\" content=\"Le Chai\" \/>\n<meta property=\"article:modified_time\" content=\"2023-02-07T15:32:46+00:00\" \/>\n<meta property=\"og:image\" content=\"https:\/\/www.caveavin-lechai.fr\/wp-content\/uploads\/2020\/09\/80-487.png\" \/>\n\t<meta property=\"og:image:width\" content=\"531\" \/>\n\t<meta property=\"og:image:height\" content=\"1654\" \/>\n\t<meta property=\"og:image:type\" content=\"image\/png\" \/>\n<meta name=\"twitter:card\" content=\"summary_large_image\" \/>\n<meta name=\"twitter:label1\" content=\"Est. reading time\" \/>\n\t<meta name=\"twitter:data1\" content=\"1 minute\" \/>\n<script type=\"application\/ld+json\" class=\"yoast-schema-graph\">{\"@context\":\"https:\/\/schema.org\",\"@graph\":[{\"@type\":\"Organization\",\"@id\":\"https:\/\/www.caveavin-lechai.fr\/da\/#organization\",\"name\":\"Le Chai\",\"url\":\"https:\/\/www.caveavin-lechai.fr\/da\/\",\"sameAs\":[],\"logo\":{\"@type\":\"ImageObject\",\"@id\":\"https:\/\/www.caveavin-lechai.fr\/da\/#logo\",\"inLanguage\":\"es-ES\",\"url\":\"https:\/\/www.caveavin-lechai.fr\/wp-content\/uploads\/2020\/09\/favion-lechai.png\",\"contentUrl\":\"https:\/\/www.caveavin-lechai.fr\/wp-content\/uploads\/2020\/09\/favion-lechai.png\",\"width\":127,\"height\":122,\"caption\":\"Le Chai\"},\"image\":{\"@id\":\"https:\/\/www.caveavin-lechai.fr\/da\/#logo\"}},{\"@type\":\"WebSite\",\"@id\":\"https:\/\/www.caveavin-lechai.fr\/da\/#website\",\"url\":\"https:\/\/www.caveavin-lechai.fr\/da\/\",\"name\":\"Le Chai\",\"description\":\"L\u2019excellence de la cave \u00e0 vin\",\"publisher\":{\"@id\":\"https:\/\/www.caveavin-lechai.fr\/da\/#organization\"},\"potentialAction\":[{\"@type\":\"SearchAction\",\"target\":{\"@type\":\"EntryPoint\",\"urlTemplate\":\"https:\/\/www.caveavin-lechai.fr\/da\/?s={search_term_string}\"},\"query-input\":\"required name=search_term_string\"}],\"inLanguage\":\"es-ES\"},{\"@type\":\"ImageObject\",\"@id\":\"https:\/\/www.caveavin-lechai.fr\/es\/produit\/lmv-2370hd-2\/#primaryimage\",\"inLanguage\":\"es-ES\",\"url\":\"https:\/\/www.caveavin-lechai.fr\/wp-content\/uploads\/2020\/09\/80-487.png\",\"contentUrl\":\"https:\/\/www.caveavin-lechai.fr\/wp-content\/uploads\/2020\/09\/80-487.png\",\"width\":531,\"height\":1654},{\"@type\":\"WebPage\",\"@id\":\"https:\/\/www.caveavin-lechai.fr\/es\/produit\/lmv-2370hd-2\/#webpage\",\"url\":\"https:\/\/www.caveavin-lechai.fr\/es\/produit\/lmv-2370hd-2\/\",\"name\":\"LMV 2370HD | Le Chai\",\"isPartOf\":{\"@id\":\"https:\/\/www.caveavin-lechai.fr\/da\/#website\"},\"primaryImageOfPage\":{\"@id\":\"https:\/\/www.caveavin-lechai.fr\/es\/produit\/lmv-2370hd-2\/#primaryimage\"},\"datePublished\":\"2020-08-04T08:14:01+00:00\",\"dateModified\":\"2023-02-07T15:32:46+00:00\",\"breadcrumb\":{\"@id\":\"https:\/\/www.caveavin-lechai.fr\/es\/produit\/lmv-2370hd-2\/#breadcrumb\"},\"inLanguage\":\"es-ES\",\"potentialAction\":[{\"@type\":\"ReadAction\",\"target\":[\"https:\/\/www.caveavin-lechai.fr\/es\/produit\/lmv-2370hd-2\/\"]}]},{\"@type\":\"BreadcrumbList\",\"@id\":\"https:\/\/www.caveavin-lechai.fr\/es\/produit\/lmv-2370hd-2\/#breadcrumb\",\"itemListElement\":[{\"@type\":\"ListItem\",\"position\":1,\"name\":\"Inicio\",\"item\":\"https:\/\/www.caveavin-lechai.fr\/es\/\"},{\"@type\":\"ListItem\",\"position\":2,\"name\":\"Productos\",\"item\":\"https:\/\/www.caveavin-lechai.fr\/es\/shop\/\"},{\"@type\":\"ListItem\",\"position\":3,\"name\":\"LMV 2370HD\"}]}]}<\/script>\n<!-- \/ Yoast SEO plugin. -->","yoast_head_json":{"title":"LMV 2370HD | Le Chai","robots":{"index":"index","follow":"follow","max-snippet":"max-snippet:-1","max-image-preview":"max-image-preview:large","max-video-preview":"max-video-preview:-1"},"canonical":"https:\/\/www.caveavin-lechai.fr\/es\/produit\/lmv-2370hd-2\/","og_locale":"es_ES","og_type":"article","og_title":"LMV 2370HD | Le Chai","og_description":"\u2022 1 zona: Ofrece una temperatura de servicio de entre 5 y 22 \u00b0C, seg\u00fan el modelo, para preparar las botellas que se van a servir y llevar los vinos a una temperatura de degustaci\u00f3n ideal. \u2022 Higrometr\u00eda electr\u00f3nica: En una vinoteca de envejecimiento es importante mantener un nivel de humedad de entre el 60 [&hellip;]","og_url":"https:\/\/www.caveavin-lechai.fr\/es\/produit\/lmv-2370hd-2\/","og_site_name":"Le Chai","article_modified_time":"2023-02-07T15:32:46+00:00","og_image":[{"width":531,"height":1654,"url":"https:\/\/www.caveavin-lechai.fr\/wp-content\/uploads\/2020\/09\/80-487.png","type":"image\/png"}],"twitter_card":"summary_large_image","twitter_misc":{"Est. reading time":"1 minute"},"schema":{"@context":"https:\/\/schema.org","@graph":[{"@type":"Organization","@id":"https:\/\/www.caveavin-lechai.fr\/da\/#organization","name":"Le Chai","url":"https:\/\/www.caveavin-lechai.fr\/da\/","sameAs":[],"logo":{"@type":"ImageObject","@id":"https:\/\/www.caveavin-lechai.fr\/da\/#logo","inLanguage":"es-ES","url":"https:\/\/www.caveavin-lechai.fr\/wp-content\/uploads\/2020\/09\/favion-lechai.png","contentUrl":"https:\/\/www.caveavin-lechai.fr\/wp-content\/uploads\/2020\/09\/favion-lechai.png","width":127,"height":122,"caption":"Le Chai"},"image":{"@id":"https:\/\/www.caveavin-lechai.fr\/da\/#logo"}},{"@type":"WebSite","@id":"https:\/\/www.caveavin-lechai.fr\/da\/#website","url":"https:\/\/www.caveavin-lechai.fr\/da\/","name":"Le Chai","description":"L\u2019excellence de la cave \u00e0 vin","publisher":{"@id":"https:\/\/www.caveavin-lechai.fr\/da\/#organization"},"potentialAction":[{"@type":"SearchAction","target":{"@type":"EntryPoint","urlTemplate":"https:\/\/www.caveavin-lechai.fr\/da\/?s={search_term_string}"},"query-input":"required name=search_term_string"}],"inLanguage":"es-ES"},{"@type":"ImageObject","@id":"https:\/\/www.caveavin-lechai.fr\/es\/produit\/lmv-2370hd-2\/#primaryimage","inLanguage":"es-ES","url":"https:\/\/www.caveavin-lechai.fr\/wp-content\/uploads\/2020\/09\/80-487.png","contentUrl":"https:\/\/www.caveavin-lechai.fr\/wp-content\/uploads\/2020\/09\/80-487.png","width":531,"height":1654},{"@type":"WebPage","@id":"https:\/\/www.caveavin-lechai.fr\/es\/produit\/lmv-2370hd-2\/#webpage","url":"https:\/\/www.caveavin-lechai.fr\/es\/produit\/lmv-2370hd-2\/","name":"LMV 2370HD | Le Chai","isPartOf":{"@id":"https:\/\/www.caveavin-lechai.fr\/da\/#website"},"primaryImageOfPage":{"@id":"https:\/\/www.caveavin-lechai.fr\/es\/produit\/lmv-2370hd-2\/#primaryimage"},"datePublished":"2020-08-04T08:14:01+00:00","dateModified":"2023-02-07T15:32:46+00:00","breadcrumb":{"@id":"https:\/\/www.caveavin-lechai.fr\/es\/produit\/lmv-2370hd-2\/#breadcrumb"},"inLanguage":"es-ES","potentialAction":[{"@type":"ReadAction","target":["https:\/\/www.caveavin-lechai.fr\/es\/produit\/lmv-2370hd-2\/"]}]},{"@type":"BreadcrumbList","@id":"https:\/\/www.caveavin-lechai.fr\/es\/produit\/lmv-2370hd-2\/#breadcrumb","itemListElement":[{"@type":"ListItem","position":1,"name":"Inicio","item":"https:\/\/www.caveavin-lechai.fr\/es\/"},{"@type":"ListItem","position":2,"name":"Productos","item":"https:\/\/www.caveavin-lechai.fr\/es\/shop\/"},{"@type":"ListItem","position":3,"name":"LMV 2370HD"}]}]}},"acf":[],"_links":{"self":[{"href":"https:\/\/www.caveavin-lechai.fr\/es\/wp-json\/wp\/v2\/product\/20641"}],"collection":[{"href":"https:\/\/www.caveavin-lechai.fr\/es\/wp-json\/wp\/v2\/product"}],"about":[{"href":"https:\/\/www.caveavin-lechai.fr\/es\/wp-json\/wp\/v2\/types\/product"}],"wp:featuredmedia":[{"embeddable":true,"href":"https:\/\/www.caveavin-lechai.fr\/es\/wp-json\/wp\/v2\/media\/28660"}],"wp:attachment":[{"href":"https:\/\/www.caveavin-lechai.fr\/es\/wp-json\/wp\/v2\/media?parent=20641"}],"wp:term":[{"taxonomy":"product_cat","embeddable":true,"href":"https:\/\/www.caveavin-lechai.fr\/es\/wp-json\/wp\/v2\/product_cat?post=20641"},{"taxonomy":"product_tag","embeddable":true,"href":"https:\/\/www.caveavin-lechai.fr\/es\/wp-json\/wp\/v2\/product_tag?post=20641"}],"curies":[{"name":"wp","href":"https:\/\/api.w.org\/{rel}","templated":true}]}}