{"id":32735,"date":"2021-03-28T13:42:35","date_gmt":"2021-03-28T11:42:46","guid":{"rendered":"https:\/\/www.caveavin-lechai.fr\/produit\/lbn-1005-2\/"},"modified":"2023-02-07T16:59:24","modified_gmt":"2023-02-07T15:59:24","slug":"lbn-1005-2","status":"publish","type":"product","link":"https:\/\/www.caveavin-lechai.fr\/en\/product\/lbn-1005-2\/","title":{"rendered":"LBN 1005"},"content":{"rendered":"<p>1 zone: Offers a serving temperature between 5 and 22 \u00b0C depending on the model to prepare the bottles to be served and bring the wines to an ideal tasting temperature.   <\/p>\n<p>\u0095 Lock :  Expose and keep your bottles safe using the key lock on your cellar door.<\/p>\n<p>\u0095 Clayette double position : Clayette avec une fonction pr\u00e9sentation pour mettre vos bouteilles inclin\u00e9es avec les \u00e9tiquettes visibles (position verticale) et avec la possibilit\u00e9 de coucher enti\u00e8rement la clayette en fonction stockage pour gagner de la capacit\u00e9.<\/p>\n","protected":false},"excerpt":{"rendered":"<p>1 zone: Offers a serving temperature between 5 and 22 \u00b0C depending on the model to prepare the bottles to be served and bring the wines to an ideal tasting temperature. \u0095 Lock : Expose and keep your bottles safe using the key lock on your cellar door. \u0095 Clayette double position : Clayette avec [&hellip;]<\/p>\n","protected":false},"featured_media":38051,"template":"","meta":[],"product_cat":[527,498],"product_tag":[],"yoast_head":"<!-- This site is optimized with the Yoast SEO plugin v18.3 - https:\/\/yoast.com\/wordpress\/plugins\/seo\/ -->\n<title>LBN 1005 | Le Chai<\/title>\n<meta name=\"robots\" content=\"index, follow, max-snippet:-1, max-image-preview:large, max-video-preview:-1\" \/>\n<link rel=\"canonical\" href=\"https:\/\/www.caveavin-lechai.fr\/en\/product\/lbn-1005-2\/\" \/>\n<meta property=\"og:locale\" content=\"en_US\" \/>\n<meta property=\"og:type\" content=\"article\" \/>\n<meta property=\"og:title\" content=\"LBN 1005 | Le Chai\" \/>\n<meta property=\"og:description\" content=\"1 zone: Offers a serving temperature between 5 and 22 \u00b0C depending on the model to prepare the bottles to be served and bring the wines to an ideal tasting temperature. \u0095 Lock : Expose and keep your bottles safe using the key lock on your cellar door. \u0095 Clayette double position : Clayette avec [&hellip;]\" \/>\n<meta property=\"og:url\" content=\"https:\/\/www.caveavin-lechai.fr\/en\/product\/lbn-1005-2\/\" \/>\n<meta property=\"og:site_name\" content=\"Le Chai\" \/>\n<meta property=\"article:modified_time\" content=\"2023-02-07T15:59:24+00:00\" \/>\n<meta property=\"og:image\" content=\"https:\/\/www.caveavin-lechai.fr\/wp-content\/uploads\/2022\/03\/80-60-460x1024.png\" \/>\n\t<meta property=\"og:image:width\" content=\"460\" \/>\n\t<meta property=\"og:image:height\" content=\"1024\" \/>\n\t<meta property=\"og:image:type\" content=\"image\/png\" \/>\n<meta name=\"twitter:card\" content=\"summary_large_image\" \/>\n<script type=\"application\/ld+json\" class=\"yoast-schema-graph\">{\"@context\":\"https:\/\/schema.org\",\"@graph\":[{\"@type\":\"Organization\",\"@id\":\"https:\/\/www.caveavin-lechai.fr\/da\/#organization\",\"name\":\"Le Chai\",\"url\":\"https:\/\/www.caveavin-lechai.fr\/da\/\",\"sameAs\":[],\"logo\":{\"@type\":\"ImageObject\",\"@id\":\"https:\/\/www.caveavin-lechai.fr\/da\/#logo\",\"inLanguage\":\"en-US\",\"url\":\"https:\/\/www.caveavin-lechai.fr\/wp-content\/uploads\/2020\/09\/favion-lechai.png\",\"contentUrl\":\"https:\/\/www.caveavin-lechai.fr\/wp-content\/uploads\/2020\/09\/favion-lechai.png\",\"width\":127,\"height\":122,\"caption\":\"Le Chai\"},\"image\":{\"@id\":\"https:\/\/www.caveavin-lechai.fr\/da\/#logo\"}},{\"@type\":\"WebSite\",\"@id\":\"https:\/\/www.caveavin-lechai.fr\/da\/#website\",\"url\":\"https:\/\/www.caveavin-lechai.fr\/da\/\",\"name\":\"Le Chai\",\"description\":\"L\u2019excellence de la cave \u00e0 vin\",\"publisher\":{\"@id\":\"https:\/\/www.caveavin-lechai.fr\/da\/#organization\"},\"potentialAction\":[{\"@type\":\"SearchAction\",\"target\":{\"@type\":\"EntryPoint\",\"urlTemplate\":\"https:\/\/www.caveavin-lechai.fr\/da\/?s={search_term_string}\"},\"query-input\":\"required name=search_term_string\"}],\"inLanguage\":\"en-US\"},{\"@type\":\"ImageObject\",\"@id\":\"https:\/\/www.caveavin-lechai.fr\/en\/product\/lbn-1005-2\/#primaryimage\",\"inLanguage\":\"en-US\",\"url\":\"https:\/\/www.caveavin-lechai.fr\/wp-content\/uploads\/2022\/03\/80-60.png\",\"contentUrl\":\"https:\/\/www.caveavin-lechai.fr\/wp-content\/uploads\/2022\/03\/80-60.png\",\"width\":1200,\"height\":2670},{\"@type\":\"WebPage\",\"@id\":\"https:\/\/www.caveavin-lechai.fr\/en\/product\/lbn-1005-2\/#webpage\",\"url\":\"https:\/\/www.caveavin-lechai.fr\/en\/product\/lbn-1005-2\/\",\"name\":\"LBN 1005 | Le Chai\",\"isPartOf\":{\"@id\":\"https:\/\/www.caveavin-lechai.fr\/da\/#website\"},\"primaryImageOfPage\":{\"@id\":\"https:\/\/www.caveavin-lechai.fr\/en\/product\/lbn-1005-2\/#primaryimage\"},\"datePublished\":\"2021-03-28T11:42:46+00:00\",\"dateModified\":\"2023-02-07T15:59:24+00:00\",\"breadcrumb\":{\"@id\":\"https:\/\/www.caveavin-lechai.fr\/en\/product\/lbn-1005-2\/#breadcrumb\"},\"inLanguage\":\"en-US\",\"potentialAction\":[{\"@type\":\"ReadAction\",\"target\":[\"https:\/\/www.caveavin-lechai.fr\/en\/product\/lbn-1005-2\/\"]}]},{\"@type\":\"BreadcrumbList\",\"@id\":\"https:\/\/www.caveavin-lechai.fr\/en\/product\/lbn-1005-2\/#breadcrumb\",\"itemListElement\":[{\"@type\":\"ListItem\",\"position\":1,\"name\":\"Home\",\"item\":\"https:\/\/www.caveavin-lechai.fr\/en\/\"},{\"@type\":\"ListItem\",\"position\":2,\"name\":\"Products\",\"item\":\"https:\/\/www.caveavin-lechai.fr\/en\/shop\/\"},{\"@type\":\"ListItem\",\"position\":3,\"name\":\"LBN 1005\"}]}]}<\/script>\n<!-- \/ Yoast SEO plugin. -->","yoast_head_json":{"title":"LBN 1005 | Le Chai","robots":{"index":"index","follow":"follow","max-snippet":"max-snippet:-1","max-image-preview":"max-image-preview:large","max-video-preview":"max-video-preview:-1"},"canonical":"https:\/\/www.caveavin-lechai.fr\/en\/product\/lbn-1005-2\/","og_locale":"en_US","og_type":"article","og_title":"LBN 1005 | Le Chai","og_description":"1 zone: Offers a serving temperature between 5 and 22 \u00b0C depending on the model to prepare the bottles to be served and bring the wines to an ideal tasting temperature. \u0095 Lock : Expose and keep your bottles safe using the key lock on your cellar door. \u0095 Clayette double position : Clayette avec [&hellip;]","og_url":"https:\/\/www.caveavin-lechai.fr\/en\/product\/lbn-1005-2\/","og_site_name":"Le Chai","article_modified_time":"2023-02-07T15:59:24+00:00","og_image":[{"width":460,"height":1024,"url":"https:\/\/www.caveavin-lechai.fr\/wp-content\/uploads\/2022\/03\/80-60-460x1024.png","type":"image\/png"}],"twitter_card":"summary_large_image","schema":{"@context":"https:\/\/schema.org","@graph":[{"@type":"Organization","@id":"https:\/\/www.caveavin-lechai.fr\/da\/#organization","name":"Le Chai","url":"https:\/\/www.caveavin-lechai.fr\/da\/","sameAs":[],"logo":{"@type":"ImageObject","@id":"https:\/\/www.caveavin-lechai.fr\/da\/#logo","inLanguage":"en-US","url":"https:\/\/www.caveavin-lechai.fr\/wp-content\/uploads\/2020\/09\/favion-lechai.png","contentUrl":"https:\/\/www.caveavin-lechai.fr\/wp-content\/uploads\/2020\/09\/favion-lechai.png","width":127,"height":122,"caption":"Le Chai"},"image":{"@id":"https:\/\/www.caveavin-lechai.fr\/da\/#logo"}},{"@type":"WebSite","@id":"https:\/\/www.caveavin-lechai.fr\/da\/#website","url":"https:\/\/www.caveavin-lechai.fr\/da\/","name":"Le Chai","description":"L\u2019excellence de la cave \u00e0 vin","publisher":{"@id":"https:\/\/www.caveavin-lechai.fr\/da\/#organization"},"potentialAction":[{"@type":"SearchAction","target":{"@type":"EntryPoint","urlTemplate":"https:\/\/www.caveavin-lechai.fr\/da\/?s={search_term_string}"},"query-input":"required name=search_term_string"}],"inLanguage":"en-US"},{"@type":"ImageObject","@id":"https:\/\/www.caveavin-lechai.fr\/en\/product\/lbn-1005-2\/#primaryimage","inLanguage":"en-US","url":"https:\/\/www.caveavin-lechai.fr\/wp-content\/uploads\/2022\/03\/80-60.png","contentUrl":"https:\/\/www.caveavin-lechai.fr\/wp-content\/uploads\/2022\/03\/80-60.png","width":1200,"height":2670},{"@type":"WebPage","@id":"https:\/\/www.caveavin-lechai.fr\/en\/product\/lbn-1005-2\/#webpage","url":"https:\/\/www.caveavin-lechai.fr\/en\/product\/lbn-1005-2\/","name":"LBN 1005 | Le Chai","isPartOf":{"@id":"https:\/\/www.caveavin-lechai.fr\/da\/#website"},"primaryImageOfPage":{"@id":"https:\/\/www.caveavin-lechai.fr\/en\/product\/lbn-1005-2\/#primaryimage"},"datePublished":"2021-03-28T11:42:46+00:00","dateModified":"2023-02-07T15:59:24+00:00","breadcrumb":{"@id":"https:\/\/www.caveavin-lechai.fr\/en\/product\/lbn-1005-2\/#breadcrumb"},"inLanguage":"en-US","potentialAction":[{"@type":"ReadAction","target":["https:\/\/www.caveavin-lechai.fr\/en\/product\/lbn-1005-2\/"]}]},{"@type":"BreadcrumbList","@id":"https:\/\/www.caveavin-lechai.fr\/en\/product\/lbn-1005-2\/#breadcrumb","itemListElement":[{"@type":"ListItem","position":1,"name":"Home","item":"https:\/\/www.caveavin-lechai.fr\/en\/"},{"@type":"ListItem","position":2,"name":"Products","item":"https:\/\/www.caveavin-lechai.fr\/en\/shop\/"},{"@type":"ListItem","position":3,"name":"LBN 1005"}]}]}},"acf":[],"_links":{"self":[{"href":"https:\/\/www.caveavin-lechai.fr\/en\/wp-json\/wp\/v2\/product\/32735"}],"collection":[{"href":"https:\/\/www.caveavin-lechai.fr\/en\/wp-json\/wp\/v2\/product"}],"about":[{"href":"https:\/\/www.caveavin-lechai.fr\/en\/wp-json\/wp\/v2\/types\/product"}],"wp:featuredmedia":[{"embeddable":true,"href":"https:\/\/www.caveavin-lechai.fr\/en\/wp-json\/wp\/v2\/media\/38051"}],"wp:attachment":[{"href":"https:\/\/www.caveavin-lechai.fr\/en\/wp-json\/wp\/v2\/media?parent=32735"}],"wp:term":[{"taxonomy":"product_cat","embeddable":true,"href":"https:\/\/www.caveavin-lechai.fr\/en\/wp-json\/wp\/v2\/product_cat?post=32735"},{"taxonomy":"product_tag","embeddable":true,"href":"https:\/\/www.caveavin-lechai.fr\/en\/wp-json\/wp\/v2\/product_tag?post=32735"}],"curies":[{"name":"wp","href":"https:\/\/api.w.org\/{rel}","templated":true}]}}