{"id":32730,"date":"2021-03-28T13:39:38","date_gmt":"2021-03-28T11:39:50","guid":{"rendered":"https:\/\/www.caveavin-lechai.fr\/produit\/lmn-1105-2\/"},"modified":"2023-02-07T16:58:51","modified_gmt":"2023-02-07T15:58:51","slug":"lmn-1105-2","status":"publish","type":"product","link":"https:\/\/www.caveavin-lechai.fr\/en\/product\/lmn-1105-2\/","title":{"rendered":"LMN 1105"},"content":{"rendered":"<p>2 zones: Lower and upper zone offering 2 different temperatures with individual settings to keep and set your bottles at the ideal serving temperature.    <\/p>\n<p> Lock :  Expose and keep your bottles safe using the key lock on your cellar door.<\/p>\n<p>\u0095 Clayette double position : Clayette avec une fonction pr\u00e9sentation pour mettre vos bouteilles inclin\u00e9es avec les \u00e9tiquettes visibles (position verticale) et avec la possibilit\u00e9 de coucher enti\u00e8rement la clayette en fonction stockage pour gagner de la capacit\u00e9.<\/p>\n","protected":false},"excerpt":{"rendered":"<p>2 zones: Lower and upper zone offering 2 different temperatures with individual settings to keep and set your bottles at the ideal serving temperature. Lock : Expose and keep your bottles safe using the key lock on your cellar door. \u0095 Clayette double position : Clayette avec une fonction pr\u00e9sentation pour mettre vos bouteilles inclin\u00e9es [&hellip;]<\/p>\n","protected":false},"featured_media":38046,"template":"","meta":[],"product_cat":[527,498],"product_tag":[],"yoast_head":"<!-- This site is optimized with the Yoast SEO plugin v18.3 - https:\/\/yoast.com\/wordpress\/plugins\/seo\/ -->\n<title>LMN 1105 | Le Chai<\/title>\n<meta name=\"robots\" content=\"index, follow, max-snippet:-1, max-image-preview:large, max-video-preview:-1\" \/>\n<link rel=\"canonical\" href=\"https:\/\/www.caveavin-lechai.fr\/en\/product\/lmn-1105-2\/\" \/>\n<meta property=\"og:locale\" content=\"en_US\" \/>\n<meta property=\"og:type\" content=\"article\" \/>\n<meta property=\"og:title\" content=\"LMN 1105 | Le Chai\" \/>\n<meta property=\"og:description\" content=\"2 zones: Lower and upper zone offering 2 different temperatures with individual settings to keep and set your bottles at the ideal serving temperature. Lock : Expose and keep your bottles safe using the key lock on your cellar door. \u0095 Clayette double position : Clayette avec une fonction pr\u00e9sentation pour mettre vos bouteilles inclin\u00e9es [&hellip;]\" \/>\n<meta property=\"og:url\" content=\"https:\/\/www.caveavin-lechai.fr\/en\/product\/lmn-1105-2\/\" \/>\n<meta property=\"og:site_name\" content=\"Le Chai\" \/>\n<meta property=\"article:modified_time\" content=\"2023-02-07T15:58:51+00:00\" \/>\n<meta property=\"og:image\" content=\"https:\/\/www.caveavin-lechai.fr\/wp-content\/uploads\/2022\/03\/80-59-455x1024.png\" \/>\n\t<meta property=\"og:image:width\" content=\"455\" \/>\n\t<meta property=\"og:image:height\" content=\"1024\" \/>\n\t<meta property=\"og:image:type\" content=\"image\/png\" \/>\n<meta name=\"twitter:card\" content=\"summary_large_image\" \/>\n<script type=\"application\/ld+json\" class=\"yoast-schema-graph\">{\"@context\":\"https:\/\/schema.org\",\"@graph\":[{\"@type\":\"Organization\",\"@id\":\"https:\/\/www.caveavin-lechai.fr\/da\/#organization\",\"name\":\"Le Chai\",\"url\":\"https:\/\/www.caveavin-lechai.fr\/da\/\",\"sameAs\":[],\"logo\":{\"@type\":\"ImageObject\",\"@id\":\"https:\/\/www.caveavin-lechai.fr\/da\/#logo\",\"inLanguage\":\"en-US\",\"url\":\"https:\/\/www.caveavin-lechai.fr\/wp-content\/uploads\/2020\/09\/favion-lechai.png\",\"contentUrl\":\"https:\/\/www.caveavin-lechai.fr\/wp-content\/uploads\/2020\/09\/favion-lechai.png\",\"width\":127,\"height\":122,\"caption\":\"Le Chai\"},\"image\":{\"@id\":\"https:\/\/www.caveavin-lechai.fr\/da\/#logo\"}},{\"@type\":\"WebSite\",\"@id\":\"https:\/\/www.caveavin-lechai.fr\/da\/#website\",\"url\":\"https:\/\/www.caveavin-lechai.fr\/da\/\",\"name\":\"Le Chai\",\"description\":\"L\u2019excellence de la cave \u00e0 vin\",\"publisher\":{\"@id\":\"https:\/\/www.caveavin-lechai.fr\/da\/#organization\"},\"potentialAction\":[{\"@type\":\"SearchAction\",\"target\":{\"@type\":\"EntryPoint\",\"urlTemplate\":\"https:\/\/www.caveavin-lechai.fr\/da\/?s={search_term_string}\"},\"query-input\":\"required name=search_term_string\"}],\"inLanguage\":\"en-US\"},{\"@type\":\"ImageObject\",\"@id\":\"https:\/\/www.caveavin-lechai.fr\/en\/product\/lmn-1105-2\/#primaryimage\",\"inLanguage\":\"en-US\",\"url\":\"https:\/\/www.caveavin-lechai.fr\/wp-content\/uploads\/2022\/03\/80-59.png\",\"contentUrl\":\"https:\/\/www.caveavin-lechai.fr\/wp-content\/uploads\/2022\/03\/80-59.png\",\"width\":1200,\"height\":2703},{\"@type\":\"WebPage\",\"@id\":\"https:\/\/www.caveavin-lechai.fr\/en\/product\/lmn-1105-2\/#webpage\",\"url\":\"https:\/\/www.caveavin-lechai.fr\/en\/product\/lmn-1105-2\/\",\"name\":\"LMN 1105 | Le Chai\",\"isPartOf\":{\"@id\":\"https:\/\/www.caveavin-lechai.fr\/da\/#website\"},\"primaryImageOfPage\":{\"@id\":\"https:\/\/www.caveavin-lechai.fr\/en\/product\/lmn-1105-2\/#primaryimage\"},\"datePublished\":\"2021-03-28T11:39:50+00:00\",\"dateModified\":\"2023-02-07T15:58:51+00:00\",\"breadcrumb\":{\"@id\":\"https:\/\/www.caveavin-lechai.fr\/en\/product\/lmn-1105-2\/#breadcrumb\"},\"inLanguage\":\"en-US\",\"potentialAction\":[{\"@type\":\"ReadAction\",\"target\":[\"https:\/\/www.caveavin-lechai.fr\/en\/product\/lmn-1105-2\/\"]}]},{\"@type\":\"BreadcrumbList\",\"@id\":\"https:\/\/www.caveavin-lechai.fr\/en\/product\/lmn-1105-2\/#breadcrumb\",\"itemListElement\":[{\"@type\":\"ListItem\",\"position\":1,\"name\":\"Home\",\"item\":\"https:\/\/www.caveavin-lechai.fr\/en\/\"},{\"@type\":\"ListItem\",\"position\":2,\"name\":\"Products\",\"item\":\"https:\/\/www.caveavin-lechai.fr\/en\/shop\/\"},{\"@type\":\"ListItem\",\"position\":3,\"name\":\"LMN 1105\"}]}]}<\/script>\n<!-- \/ Yoast SEO plugin. -->","yoast_head_json":{"title":"LMN 1105 | Le Chai","robots":{"index":"index","follow":"follow","max-snippet":"max-snippet:-1","max-image-preview":"max-image-preview:large","max-video-preview":"max-video-preview:-1"},"canonical":"https:\/\/www.caveavin-lechai.fr\/en\/product\/lmn-1105-2\/","og_locale":"en_US","og_type":"article","og_title":"LMN 1105 | Le Chai","og_description":"2 zones: Lower and upper zone offering 2 different temperatures with individual settings to keep and set your bottles at the ideal serving temperature. Lock : Expose and keep your bottles safe using the key lock on your cellar door. \u0095 Clayette double position : Clayette avec une fonction pr\u00e9sentation pour mettre vos bouteilles inclin\u00e9es [&hellip;]","og_url":"https:\/\/www.caveavin-lechai.fr\/en\/product\/lmn-1105-2\/","og_site_name":"Le Chai","article_modified_time":"2023-02-07T15:58:51+00:00","og_image":[{"width":455,"height":1024,"url":"https:\/\/www.caveavin-lechai.fr\/wp-content\/uploads\/2022\/03\/80-59-455x1024.png","type":"image\/png"}],"twitter_card":"summary_large_image","schema":{"@context":"https:\/\/schema.org","@graph":[{"@type":"Organization","@id":"https:\/\/www.caveavin-lechai.fr\/da\/#organization","name":"Le Chai","url":"https:\/\/www.caveavin-lechai.fr\/da\/","sameAs":[],"logo":{"@type":"ImageObject","@id":"https:\/\/www.caveavin-lechai.fr\/da\/#logo","inLanguage":"en-US","url":"https:\/\/www.caveavin-lechai.fr\/wp-content\/uploads\/2020\/09\/favion-lechai.png","contentUrl":"https:\/\/www.caveavin-lechai.fr\/wp-content\/uploads\/2020\/09\/favion-lechai.png","width":127,"height":122,"caption":"Le Chai"},"image":{"@id":"https:\/\/www.caveavin-lechai.fr\/da\/#logo"}},{"@type":"WebSite","@id":"https:\/\/www.caveavin-lechai.fr\/da\/#website","url":"https:\/\/www.caveavin-lechai.fr\/da\/","name":"Le Chai","description":"L\u2019excellence de la cave \u00e0 vin","publisher":{"@id":"https:\/\/www.caveavin-lechai.fr\/da\/#organization"},"potentialAction":[{"@type":"SearchAction","target":{"@type":"EntryPoint","urlTemplate":"https:\/\/www.caveavin-lechai.fr\/da\/?s={search_term_string}"},"query-input":"required name=search_term_string"}],"inLanguage":"en-US"},{"@type":"ImageObject","@id":"https:\/\/www.caveavin-lechai.fr\/en\/product\/lmn-1105-2\/#primaryimage","inLanguage":"en-US","url":"https:\/\/www.caveavin-lechai.fr\/wp-content\/uploads\/2022\/03\/80-59.png","contentUrl":"https:\/\/www.caveavin-lechai.fr\/wp-content\/uploads\/2022\/03\/80-59.png","width":1200,"height":2703},{"@type":"WebPage","@id":"https:\/\/www.caveavin-lechai.fr\/en\/product\/lmn-1105-2\/#webpage","url":"https:\/\/www.caveavin-lechai.fr\/en\/product\/lmn-1105-2\/","name":"LMN 1105 | Le Chai","isPartOf":{"@id":"https:\/\/www.caveavin-lechai.fr\/da\/#website"},"primaryImageOfPage":{"@id":"https:\/\/www.caveavin-lechai.fr\/en\/product\/lmn-1105-2\/#primaryimage"},"datePublished":"2021-03-28T11:39:50+00:00","dateModified":"2023-02-07T15:58:51+00:00","breadcrumb":{"@id":"https:\/\/www.caveavin-lechai.fr\/en\/product\/lmn-1105-2\/#breadcrumb"},"inLanguage":"en-US","potentialAction":[{"@type":"ReadAction","target":["https:\/\/www.caveavin-lechai.fr\/en\/product\/lmn-1105-2\/"]}]},{"@type":"BreadcrumbList","@id":"https:\/\/www.caveavin-lechai.fr\/en\/product\/lmn-1105-2\/#breadcrumb","itemListElement":[{"@type":"ListItem","position":1,"name":"Home","item":"https:\/\/www.caveavin-lechai.fr\/en\/"},{"@type":"ListItem","position":2,"name":"Products","item":"https:\/\/www.caveavin-lechai.fr\/en\/shop\/"},{"@type":"ListItem","position":3,"name":"LMN 1105"}]}]}},"acf":[],"_links":{"self":[{"href":"https:\/\/www.caveavin-lechai.fr\/en\/wp-json\/wp\/v2\/product\/32730"}],"collection":[{"href":"https:\/\/www.caveavin-lechai.fr\/en\/wp-json\/wp\/v2\/product"}],"about":[{"href":"https:\/\/www.caveavin-lechai.fr\/en\/wp-json\/wp\/v2\/types\/product"}],"wp:featuredmedia":[{"embeddable":true,"href":"https:\/\/www.caveavin-lechai.fr\/en\/wp-json\/wp\/v2\/media\/38046"}],"wp:attachment":[{"href":"https:\/\/www.caveavin-lechai.fr\/en\/wp-json\/wp\/v2\/media?parent=32730"}],"wp:term":[{"taxonomy":"product_cat","embeddable":true,"href":"https:\/\/www.caveavin-lechai.fr\/en\/wp-json\/wp\/v2\/product_cat?post=32730"},{"taxonomy":"product_tag","embeddable":true,"href":"https:\/\/www.caveavin-lechai.fr\/en\/wp-json\/wp\/v2\/product_tag?post=32730"}],"curies":[{"name":"wp","href":"https:\/\/api.w.org\/{rel}","templated":true}]}}