{"id":38172,"date":"2022-03-02T10:47:57","date_gmt":"2022-03-02T09:49:35","guid":{"rendered":"https:\/\/www.caveavin-lechai.fr\/produit\/nouveau-produit-8\/"},"modified":"2022-04-25T16:25:25","modified_gmt":"2022-04-25T14:25:25","slug":"nouveau-produit-8","status":"publish","type":"product","link":"https:\/\/www.caveavin-lechai.fr\/da\/produit\/nouveau-produit-8\/","title":{"rendered":"Nouveau produit"},"content":{"rendered":"<p>&#8211; 1 zone : Offre une temp\u00e9rature de service comprise dans une tranche de 5 \u00e0 22 \u00b0C selon le mod\u00e8le pour pr\u00e9parer les bouteilles \u00e0 \u00eatre servies et amener les vins \u00e0 une temp\u00e9rature id\u00e9ale de d\u00e9gustation. <\/p>\n<p>&#8211; Hygrom\u00e9trie m\u00e9canique : Le maintien d&#8217;une hygrom\u00e9trie entre 60 et 75 % est importante dans une cave de vieillissement afin de garder les bouchons des bouteilles de longue garde dans le meilleur \u00e9tat possible. Il faut absolument \u00e9viter le dess\u00e8chement de ces derniers. Un syst\u00e8me de sensor permettra \u00e0 la cave de r\u00e9agir et maintenir le niveau d&#8217;hygrom\u00e9trie id\u00e9al.<\/p>\n<p>&#8211; Fonction Hiver : Pour l&#8217;installation dans une pi\u00e8ce descendant sous les 10 \u00b0C comme un garage ou une buanderie, il est n\u00e9cessaire d&#8217;avoir un mod\u00e8le \u00e9quip\u00e9 de la fonction &#8220;Hiver&#8221; qui permet de maintenir une temp\u00e9rature minimale \u00e0 l&#8217;int\u00e9rieur de la cave afin de pr\u00e9server vos vins dans les meilleures conditions.<\/p>\n<p>&#8211; Filtre \u00e0 charbon : Prot\u00e8ge vos vins des odeurs par un assainissement et une purification de l&#8217;air de votre cave.<\/p>\n","protected":false},"excerpt":{"rendered":"<p>&#8211; 1 zone : Offre une temp\u00e9rature de service comprise dans une tranche de 5 \u00e0 22 \u00b0C selon le mod\u00e8le pour pr\u00e9parer les bouteilles \u00e0 \u00eatre servies et amener les vins \u00e0 une temp\u00e9rature id\u00e9ale de d\u00e9gustation. &#8211; Hygrom\u00e9trie m\u00e9canique : Le maintien d&#8217;une hygrom\u00e9trie entre 60 et 75 % est importante dans une [&hellip;]<\/p>\n","protected":false},"featured_media":38155,"template":"","meta":[],"product_cat":[614,611],"product_tag":[],"yoast_head":"<!-- This site is optimized with the Yoast SEO plugin v18.3 - https:\/\/yoast.com\/wordpress\/plugins\/seo\/ -->\n<title>Nouveau produit | Le Chai<\/title>\n<meta name=\"robots\" content=\"index, follow, max-snippet:-1, max-image-preview:large, max-video-preview:-1\" \/>\n<link rel=\"canonical\" href=\"https:\/\/www.caveavin-lechai.fr\/da\/produit\/nouveau-produit-8\/\" \/>\n<meta property=\"og:locale\" content=\"da_DK\" \/>\n<meta property=\"og:type\" content=\"article\" \/>\n<meta property=\"og:title\" content=\"Nouveau produit | Le Chai\" \/>\n<meta property=\"og:description\" content=\"&#8211; 1 zone : Offre une temp\u00e9rature de service comprise dans une tranche de 5 \u00e0 22 \u00b0C selon le mod\u00e8le pour pr\u00e9parer les bouteilles \u00e0 \u00eatre servies et amener les vins \u00e0 une temp\u00e9rature id\u00e9ale de d\u00e9gustation. &#8211; Hygrom\u00e9trie m\u00e9canique : Le maintien d&#8217;une hygrom\u00e9trie entre 60 et 75 % est importante dans une [&hellip;]\" \/>\n<meta property=\"og:url\" content=\"https:\/\/www.caveavin-lechai.fr\/da\/produit\/nouveau-produit-8\/\" \/>\n<meta property=\"og:site_name\" content=\"Le Chai\" \/>\n<meta property=\"article:modified_time\" content=\"2022-04-25T14:25:25+00:00\" \/>\n<meta property=\"og:image\" content=\"https:\/\/www.caveavin-lechai.fr\/wp-content\/uploads\/2022\/03\/80-80-337x1024.png\" \/>\n\t<meta property=\"og:image:width\" content=\"337\" \/>\n\t<meta property=\"og:image:height\" content=\"1024\" \/>\n\t<meta property=\"og:image:type\" content=\"image\/png\" \/>\n<meta name=\"twitter:card\" content=\"summary_large_image\" \/>\n<meta name=\"twitter:label1\" content=\"Est. reading time\" \/>\n\t<meta name=\"twitter:data1\" content=\"1 minute\" \/>\n<script type=\"application\/ld+json\" class=\"yoast-schema-graph\">{\"@context\":\"https:\/\/schema.org\",\"@graph\":[{\"@type\":\"Organization\",\"@id\":\"https:\/\/www.caveavin-lechai.fr\/da\/#organization\",\"name\":\"Le Chai\",\"url\":\"https:\/\/www.caveavin-lechai.fr\/da\/\",\"sameAs\":[],\"logo\":{\"@type\":\"ImageObject\",\"@id\":\"https:\/\/www.caveavin-lechai.fr\/da\/#logo\",\"inLanguage\":\"da-DK\",\"url\":\"https:\/\/www.caveavin-lechai.fr\/wp-content\/uploads\/2020\/09\/favion-lechai.png\",\"contentUrl\":\"https:\/\/www.caveavin-lechai.fr\/wp-content\/uploads\/2020\/09\/favion-lechai.png\",\"width\":127,\"height\":122,\"caption\":\"Le Chai\"},\"image\":{\"@id\":\"https:\/\/www.caveavin-lechai.fr\/da\/#logo\"}},{\"@type\":\"WebSite\",\"@id\":\"https:\/\/www.caveavin-lechai.fr\/da\/#website\",\"url\":\"https:\/\/www.caveavin-lechai.fr\/da\/\",\"name\":\"Le Chai\",\"description\":\"L\u2019excellence de la cave \u00e0 vin\",\"publisher\":{\"@id\":\"https:\/\/www.caveavin-lechai.fr\/da\/#organization\"},\"potentialAction\":[{\"@type\":\"SearchAction\",\"target\":{\"@type\":\"EntryPoint\",\"urlTemplate\":\"https:\/\/www.caveavin-lechai.fr\/da\/?s={search_term_string}\"},\"query-input\":\"required name=search_term_string\"}],\"inLanguage\":\"da-DK\"},{\"@type\":\"ImageObject\",\"@id\":\"https:\/\/www.caveavin-lechai.fr\/da\/produit\/nouveau-produit-8\/#primaryimage\",\"inLanguage\":\"da-DK\",\"url\":\"https:\/\/www.caveavin-lechai.fr\/wp-content\/uploads\/2022\/03\/80-80.png\",\"contentUrl\":\"https:\/\/www.caveavin-lechai.fr\/wp-content\/uploads\/2022\/03\/80-80.png\",\"width\":1200,\"height\":3650},{\"@type\":\"WebPage\",\"@id\":\"https:\/\/www.caveavin-lechai.fr\/da\/produit\/nouveau-produit-8\/#webpage\",\"url\":\"https:\/\/www.caveavin-lechai.fr\/da\/produit\/nouveau-produit-8\/\",\"name\":\"Nouveau produit | Le Chai\",\"isPartOf\":{\"@id\":\"https:\/\/www.caveavin-lechai.fr\/da\/#website\"},\"primaryImageOfPage\":{\"@id\":\"https:\/\/www.caveavin-lechai.fr\/da\/produit\/nouveau-produit-8\/#primaryimage\"},\"datePublished\":\"2022-03-02T09:49:35+00:00\",\"dateModified\":\"2022-04-25T14:25:25+00:00\",\"breadcrumb\":{\"@id\":\"https:\/\/www.caveavin-lechai.fr\/da\/produit\/nouveau-produit-8\/#breadcrumb\"},\"inLanguage\":\"da-DK\",\"potentialAction\":[{\"@type\":\"ReadAction\",\"target\":[\"https:\/\/www.caveavin-lechai.fr\/da\/produit\/nouveau-produit-8\/\"]}]},{\"@type\":\"BreadcrumbList\",\"@id\":\"https:\/\/www.caveavin-lechai.fr\/da\/produit\/nouveau-produit-8\/#breadcrumb\",\"itemListElement\":[{\"@type\":\"ListItem\",\"position\":1,\"name\":\"Bes\u00f8g\",\"item\":\"https:\/\/www.caveavin-lechai.fr\/da\/\"},{\"@type\":\"ListItem\",\"position\":2,\"name\":\"Varer\",\"item\":\"https:\/\/www.caveavin-lechai.fr\/da\/shop\/\"},{\"@type\":\"ListItem\",\"position\":3,\"name\":\"Nouveau produit\"}]}]}<\/script>\n<!-- \/ Yoast SEO plugin. -->","yoast_head_json":{"title":"Nouveau produit | Le Chai","robots":{"index":"index","follow":"follow","max-snippet":"max-snippet:-1","max-image-preview":"max-image-preview:large","max-video-preview":"max-video-preview:-1"},"canonical":"https:\/\/www.caveavin-lechai.fr\/da\/produit\/nouveau-produit-8\/","og_locale":"da_DK","og_type":"article","og_title":"Nouveau produit | Le Chai","og_description":"&#8211; 1 zone : Offre une temp\u00e9rature de service comprise dans une tranche de 5 \u00e0 22 \u00b0C selon le mod\u00e8le pour pr\u00e9parer les bouteilles \u00e0 \u00eatre servies et amener les vins \u00e0 une temp\u00e9rature id\u00e9ale de d\u00e9gustation. &#8211; Hygrom\u00e9trie m\u00e9canique : Le maintien d&#8217;une hygrom\u00e9trie entre 60 et 75 % est importante dans une [&hellip;]","og_url":"https:\/\/www.caveavin-lechai.fr\/da\/produit\/nouveau-produit-8\/","og_site_name":"Le Chai","article_modified_time":"2022-04-25T14:25:25+00:00","og_image":[{"width":337,"height":1024,"url":"https:\/\/www.caveavin-lechai.fr\/wp-content\/uploads\/2022\/03\/80-80-337x1024.png","type":"image\/png"}],"twitter_card":"summary_large_image","twitter_misc":{"Est. reading time":"1 minute"},"schema":{"@context":"https:\/\/schema.org","@graph":[{"@type":"Organization","@id":"https:\/\/www.caveavin-lechai.fr\/da\/#organization","name":"Le Chai","url":"https:\/\/www.caveavin-lechai.fr\/da\/","sameAs":[],"logo":{"@type":"ImageObject","@id":"https:\/\/www.caveavin-lechai.fr\/da\/#logo","inLanguage":"da-DK","url":"https:\/\/www.caveavin-lechai.fr\/wp-content\/uploads\/2020\/09\/favion-lechai.png","contentUrl":"https:\/\/www.caveavin-lechai.fr\/wp-content\/uploads\/2020\/09\/favion-lechai.png","width":127,"height":122,"caption":"Le Chai"},"image":{"@id":"https:\/\/www.caveavin-lechai.fr\/da\/#logo"}},{"@type":"WebSite","@id":"https:\/\/www.caveavin-lechai.fr\/da\/#website","url":"https:\/\/www.caveavin-lechai.fr\/da\/","name":"Le Chai","description":"L\u2019excellence de la cave \u00e0 vin","publisher":{"@id":"https:\/\/www.caveavin-lechai.fr\/da\/#organization"},"potentialAction":[{"@type":"SearchAction","target":{"@type":"EntryPoint","urlTemplate":"https:\/\/www.caveavin-lechai.fr\/da\/?s={search_term_string}"},"query-input":"required name=search_term_string"}],"inLanguage":"da-DK"},{"@type":"ImageObject","@id":"https:\/\/www.caveavin-lechai.fr\/da\/produit\/nouveau-produit-8\/#primaryimage","inLanguage":"da-DK","url":"https:\/\/www.caveavin-lechai.fr\/wp-content\/uploads\/2022\/03\/80-80.png","contentUrl":"https:\/\/www.caveavin-lechai.fr\/wp-content\/uploads\/2022\/03\/80-80.png","width":1200,"height":3650},{"@type":"WebPage","@id":"https:\/\/www.caveavin-lechai.fr\/da\/produit\/nouveau-produit-8\/#webpage","url":"https:\/\/www.caveavin-lechai.fr\/da\/produit\/nouveau-produit-8\/","name":"Nouveau produit | Le Chai","isPartOf":{"@id":"https:\/\/www.caveavin-lechai.fr\/da\/#website"},"primaryImageOfPage":{"@id":"https:\/\/www.caveavin-lechai.fr\/da\/produit\/nouveau-produit-8\/#primaryimage"},"datePublished":"2022-03-02T09:49:35+00:00","dateModified":"2022-04-25T14:25:25+00:00","breadcrumb":{"@id":"https:\/\/www.caveavin-lechai.fr\/da\/produit\/nouveau-produit-8\/#breadcrumb"},"inLanguage":"da-DK","potentialAction":[{"@type":"ReadAction","target":["https:\/\/www.caveavin-lechai.fr\/da\/produit\/nouveau-produit-8\/"]}]},{"@type":"BreadcrumbList","@id":"https:\/\/www.caveavin-lechai.fr\/da\/produit\/nouveau-produit-8\/#breadcrumb","itemListElement":[{"@type":"ListItem","position":1,"name":"Bes\u00f8g","item":"https:\/\/www.caveavin-lechai.fr\/da\/"},{"@type":"ListItem","position":2,"name":"Varer","item":"https:\/\/www.caveavin-lechai.fr\/da\/shop\/"},{"@type":"ListItem","position":3,"name":"Nouveau produit"}]}]}},"acf":[],"_links":{"self":[{"href":"https:\/\/www.caveavin-lechai.fr\/da\/wp-json\/wp\/v2\/product\/38172"}],"collection":[{"href":"https:\/\/www.caveavin-lechai.fr\/da\/wp-json\/wp\/v2\/product"}],"about":[{"href":"https:\/\/www.caveavin-lechai.fr\/da\/wp-json\/wp\/v2\/types\/product"}],"wp:featuredmedia":[{"embeddable":true,"href":"https:\/\/www.caveavin-lechai.fr\/da\/wp-json\/wp\/v2\/media\/38155"}],"wp:attachment":[{"href":"https:\/\/www.caveavin-lechai.fr\/da\/wp-json\/wp\/v2\/media?parent=38172"}],"wp:term":[{"taxonomy":"product_cat","embeddable":true,"href":"https:\/\/www.caveavin-lechai.fr\/da\/wp-json\/wp\/v2\/product_cat?post=38172"},{"taxonomy":"product_tag","embeddable":true,"href":"https:\/\/www.caveavin-lechai.fr\/da\/wp-json\/wp\/v2\/product_tag?post=38172"}],"curies":[{"name":"wp","href":"https:\/\/api.w.org\/{rel}","templated":true}]}}