{"id":38001,"date":"2022-03-01T14:58:02","date_gmt":"2022-03-01T13:59:24","guid":{"rendered":"https:\/\/www.caveavin-lechai.fr\/produit\/nouveau-produit-7\/"},"modified":"2023-02-07T17:06:45","modified_gmt":"2023-02-07T16:06:45","slug":"lmn-480","status":"publish","type":"product","link":"https:\/\/www.caveavin-lechai.fr\/da\/produit\/lmn-480\/","title":{"rendered":"LMN 480"},"content":{"rendered":"<p>&#8211; 2 zoner: Nedre og \u00f8vre zone med 2 forskellige temperaturer og individuel justering til opbevaring og temperering af flasker, s\u00e5 de f\u00e5r en ideel serveringstemperatur.    <\/p>\n<p>&#8211; 82 cm, under bordpladen: Minimumsh\u00f8jde under bordpladen til en 72 cm h\u00f8j skabsl\u00e5ge.<\/p>\n","protected":false},"excerpt":{"rendered":"<p>&#8211; 2 zoner: Nedre og \u00f8vre zone med 2 forskellige temperaturer og individuel justering til opbevaring og temperering af flasker, s\u00e5 de f\u00e5r en ideel serveringstemperatur. &#8211; 82 cm, under bordpladen: Minimumsh\u00f8jde under bordpladen til en 72 cm h\u00f8j skabsl\u00e5ge.<\/p>\n","protected":false},"featured_media":38009,"template":"","meta":[],"product_cat":[619,620],"product_tag":[],"yoast_head":"<!-- This site is optimized with the Yoast SEO plugin v18.3 - https:\/\/yoast.com\/wordpress\/plugins\/seo\/ -->\n<title>LMN 480 | Le Chai<\/title>\n<meta name=\"robots\" content=\"index, follow, max-snippet:-1, max-image-preview:large, max-video-preview:-1\" \/>\n<link rel=\"canonical\" href=\"https:\/\/www.caveavin-lechai.fr\/da\/produit\/lmn-480\/\" \/>\n<meta property=\"og:locale\" content=\"da_DK\" \/>\n<meta property=\"og:type\" content=\"article\" \/>\n<meta property=\"og:title\" content=\"LMN 480 | Le Chai\" \/>\n<meta property=\"og:description\" content=\"&#8211; 2 zoner: Nedre og \u00f8vre zone med 2 forskellige temperaturer og individuel justering til opbevaring og temperering af flasker, s\u00e5 de f\u00e5r en ideel serveringstemperatur. &#8211; 82 cm, under bordpladen: Minimumsh\u00f8jde under bordpladen til en 72 cm h\u00f8j skabsl\u00e5ge.\" \/>\n<meta property=\"og:url\" content=\"https:\/\/www.caveavin-lechai.fr\/da\/produit\/lmn-480\/\" \/>\n<meta property=\"og:site_name\" content=\"Le Chai\" \/>\n<meta property=\"article:modified_time\" content=\"2023-02-07T16:06:45+00:00\" \/>\n<meta property=\"og:image\" content=\"https:\/\/www.caveavin-lechai.fr\/wp-content\/uploads\/2022\/03\/80-52.png\" \/>\n\t<meta property=\"og:image:width\" content=\"1200\" \/>\n\t<meta property=\"og:image:height\" content=\"1559\" \/>\n\t<meta property=\"og:image:type\" content=\"image\/png\" \/>\n<meta name=\"twitter:card\" content=\"summary_large_image\" \/>\n<script type=\"application\/ld+json\" class=\"yoast-schema-graph\">{\"@context\":\"https:\/\/schema.org\",\"@graph\":[{\"@type\":\"Organization\",\"@id\":\"https:\/\/www.caveavin-lechai.fr\/da\/#organization\",\"name\":\"Le Chai\",\"url\":\"https:\/\/www.caveavin-lechai.fr\/da\/\",\"sameAs\":[],\"logo\":{\"@type\":\"ImageObject\",\"@id\":\"https:\/\/www.caveavin-lechai.fr\/da\/#logo\",\"inLanguage\":\"da-DK\",\"url\":\"https:\/\/www.caveavin-lechai.fr\/wp-content\/uploads\/2020\/09\/favion-lechai.png\",\"contentUrl\":\"https:\/\/www.caveavin-lechai.fr\/wp-content\/uploads\/2020\/09\/favion-lechai.png\",\"width\":127,\"height\":122,\"caption\":\"Le Chai\"},\"image\":{\"@id\":\"https:\/\/www.caveavin-lechai.fr\/da\/#logo\"}},{\"@type\":\"WebSite\",\"@id\":\"https:\/\/www.caveavin-lechai.fr\/da\/#website\",\"url\":\"https:\/\/www.caveavin-lechai.fr\/da\/\",\"name\":\"Le Chai\",\"description\":\"L\u2019excellence de la cave \u00e0 vin\",\"publisher\":{\"@id\":\"https:\/\/www.caveavin-lechai.fr\/da\/#organization\"},\"potentialAction\":[{\"@type\":\"SearchAction\",\"target\":{\"@type\":\"EntryPoint\",\"urlTemplate\":\"https:\/\/www.caveavin-lechai.fr\/da\/?s={search_term_string}\"},\"query-input\":\"required name=search_term_string\"}],\"inLanguage\":\"da-DK\"},{\"@type\":\"ImageObject\",\"@id\":\"https:\/\/www.caveavin-lechai.fr\/da\/produit\/lmn-480\/#primaryimage\",\"inLanguage\":\"da-DK\",\"url\":\"https:\/\/www.caveavin-lechai.fr\/wp-content\/uploads\/2022\/03\/80-52.png\",\"contentUrl\":\"https:\/\/www.caveavin-lechai.fr\/wp-content\/uploads\/2022\/03\/80-52.png\",\"width\":1200,\"height\":1559},{\"@type\":\"WebPage\",\"@id\":\"https:\/\/www.caveavin-lechai.fr\/da\/produit\/lmn-480\/#webpage\",\"url\":\"https:\/\/www.caveavin-lechai.fr\/da\/produit\/lmn-480\/\",\"name\":\"LMN 480 | Le Chai\",\"isPartOf\":{\"@id\":\"https:\/\/www.caveavin-lechai.fr\/da\/#website\"},\"primaryImageOfPage\":{\"@id\":\"https:\/\/www.caveavin-lechai.fr\/da\/produit\/lmn-480\/#primaryimage\"},\"datePublished\":\"2022-03-01T13:59:24+00:00\",\"dateModified\":\"2023-02-07T16:06:45+00:00\",\"breadcrumb\":{\"@id\":\"https:\/\/www.caveavin-lechai.fr\/da\/produit\/lmn-480\/#breadcrumb\"},\"inLanguage\":\"da-DK\",\"potentialAction\":[{\"@type\":\"ReadAction\",\"target\":[\"https:\/\/www.caveavin-lechai.fr\/da\/produit\/lmn-480\/\"]}]},{\"@type\":\"BreadcrumbList\",\"@id\":\"https:\/\/www.caveavin-lechai.fr\/da\/produit\/lmn-480\/#breadcrumb\",\"itemListElement\":[{\"@type\":\"ListItem\",\"position\":1,\"name\":\"Bes\u00f8g\",\"item\":\"https:\/\/www.caveavin-lechai.fr\/da\/\"},{\"@type\":\"ListItem\",\"position\":2,\"name\":\"Varer\",\"item\":\"https:\/\/www.caveavin-lechai.fr\/da\/shop\/\"},{\"@type\":\"ListItem\",\"position\":3,\"name\":\"LMN 480\"}]}]}<\/script>\n<!-- \/ Yoast SEO plugin. -->","yoast_head_json":{"title":"LMN 480 | Le Chai","robots":{"index":"index","follow":"follow","max-snippet":"max-snippet:-1","max-image-preview":"max-image-preview:large","max-video-preview":"max-video-preview:-1"},"canonical":"https:\/\/www.caveavin-lechai.fr\/da\/produit\/lmn-480\/","og_locale":"da_DK","og_type":"article","og_title":"LMN 480 | Le Chai","og_description":"&#8211; 2 zoner: Nedre og \u00f8vre zone med 2 forskellige temperaturer og individuel justering til opbevaring og temperering af flasker, s\u00e5 de f\u00e5r en ideel serveringstemperatur. &#8211; 82 cm, under bordpladen: Minimumsh\u00f8jde under bordpladen til en 72 cm h\u00f8j skabsl\u00e5ge.","og_url":"https:\/\/www.caveavin-lechai.fr\/da\/produit\/lmn-480\/","og_site_name":"Le Chai","article_modified_time":"2023-02-07T16:06:45+00:00","og_image":[{"width":1200,"height":1559,"url":"https:\/\/www.caveavin-lechai.fr\/wp-content\/uploads\/2022\/03\/80-52.png","type":"image\/png"}],"twitter_card":"summary_large_image","schema":{"@context":"https:\/\/schema.org","@graph":[{"@type":"Organization","@id":"https:\/\/www.caveavin-lechai.fr\/da\/#organization","name":"Le Chai","url":"https:\/\/www.caveavin-lechai.fr\/da\/","sameAs":[],"logo":{"@type":"ImageObject","@id":"https:\/\/www.caveavin-lechai.fr\/da\/#logo","inLanguage":"da-DK","url":"https:\/\/www.caveavin-lechai.fr\/wp-content\/uploads\/2020\/09\/favion-lechai.png","contentUrl":"https:\/\/www.caveavin-lechai.fr\/wp-content\/uploads\/2020\/09\/favion-lechai.png","width":127,"height":122,"caption":"Le Chai"},"image":{"@id":"https:\/\/www.caveavin-lechai.fr\/da\/#logo"}},{"@type":"WebSite","@id":"https:\/\/www.caveavin-lechai.fr\/da\/#website","url":"https:\/\/www.caveavin-lechai.fr\/da\/","name":"Le Chai","description":"L\u2019excellence de la cave \u00e0 vin","publisher":{"@id":"https:\/\/www.caveavin-lechai.fr\/da\/#organization"},"potentialAction":[{"@type":"SearchAction","target":{"@type":"EntryPoint","urlTemplate":"https:\/\/www.caveavin-lechai.fr\/da\/?s={search_term_string}"},"query-input":"required name=search_term_string"}],"inLanguage":"da-DK"},{"@type":"ImageObject","@id":"https:\/\/www.caveavin-lechai.fr\/da\/produit\/lmn-480\/#primaryimage","inLanguage":"da-DK","url":"https:\/\/www.caveavin-lechai.fr\/wp-content\/uploads\/2022\/03\/80-52.png","contentUrl":"https:\/\/www.caveavin-lechai.fr\/wp-content\/uploads\/2022\/03\/80-52.png","width":1200,"height":1559},{"@type":"WebPage","@id":"https:\/\/www.caveavin-lechai.fr\/da\/produit\/lmn-480\/#webpage","url":"https:\/\/www.caveavin-lechai.fr\/da\/produit\/lmn-480\/","name":"LMN 480 | Le Chai","isPartOf":{"@id":"https:\/\/www.caveavin-lechai.fr\/da\/#website"},"primaryImageOfPage":{"@id":"https:\/\/www.caveavin-lechai.fr\/da\/produit\/lmn-480\/#primaryimage"},"datePublished":"2022-03-01T13:59:24+00:00","dateModified":"2023-02-07T16:06:45+00:00","breadcrumb":{"@id":"https:\/\/www.caveavin-lechai.fr\/da\/produit\/lmn-480\/#breadcrumb"},"inLanguage":"da-DK","potentialAction":[{"@type":"ReadAction","target":["https:\/\/www.caveavin-lechai.fr\/da\/produit\/lmn-480\/"]}]},{"@type":"BreadcrumbList","@id":"https:\/\/www.caveavin-lechai.fr\/da\/produit\/lmn-480\/#breadcrumb","itemListElement":[{"@type":"ListItem","position":1,"name":"Bes\u00f8g","item":"https:\/\/www.caveavin-lechai.fr\/da\/"},{"@type":"ListItem","position":2,"name":"Varer","item":"https:\/\/www.caveavin-lechai.fr\/da\/shop\/"},{"@type":"ListItem","position":3,"name":"LMN 480"}]}]}},"acf":[],"_links":{"self":[{"href":"https:\/\/www.caveavin-lechai.fr\/da\/wp-json\/wp\/v2\/product\/38001"}],"collection":[{"href":"https:\/\/www.caveavin-lechai.fr\/da\/wp-json\/wp\/v2\/product"}],"about":[{"href":"https:\/\/www.caveavin-lechai.fr\/da\/wp-json\/wp\/v2\/types\/product"}],"wp:featuredmedia":[{"embeddable":true,"href":"https:\/\/www.caveavin-lechai.fr\/da\/wp-json\/wp\/v2\/media\/38009"}],"wp:attachment":[{"href":"https:\/\/www.caveavin-lechai.fr\/da\/wp-json\/wp\/v2\/media?parent=38001"}],"wp:term":[{"taxonomy":"product_cat","embeddable":true,"href":"https:\/\/www.caveavin-lechai.fr\/da\/wp-json\/wp\/v2\/product_cat?post=38001"},{"taxonomy":"product_tag","embeddable":true,"href":"https:\/\/www.caveavin-lechai.fr\/da\/wp-json\/wp\/v2\/product_tag?post=38001"}],"curies":[{"name":"wp","href":"https:\/\/api.w.org\/{rel}","templated":true}]}}