{"id":21125,"date":"2020-06-24T17:47:05","date_gmt":"2020-08-04T09:13:24","guid":{"rendered":"https:\/\/www.caveavin-lechai.fr\/produit\/lmn-180pov-2\/"},"modified":"2023-02-07T16:44:43","modified_gmt":"2023-02-07T15:44:43","slug":"lmn-180pov-2","status":"publish","type":"product","link":"https:\/\/www.caveavin-lechai.fr\/da\/produit\/lmn-180pov-2\/","title":{"rendered":"LMN 180POV"},"content":{"rendered":"<p>\u2022 1 zone: Temperatur mellem 5 og 22 \u00b0C afh\u00e6ngigt af den enkelte model, til temperering af flasker, som skal serveres, s\u00e5 vinene har den ideelle drikketemperatur.<br \/>\n\u2022 \u00c5bning 45 cm: H\u00f8jde p\u00e5 integrerede vinskab i et h\u00f8jt skab.<br \/>\n\u2022 Push-Open: Designet integreres perfekt i et k\u00f8kken uden greb, og du kan nemt \u00e5bne vink\u00f8leskabet med et let tryk takket v\u00e6re push-\u00e5bningen. Hvis skabet \u00e5bnes ved en fejl, lukker det automatisk igen.<br \/>\n\u2022 Auto-ventileret Dette produkt beh\u00f8ver (som visse andre) ikke ventilation under skabet og bag det. Det interne tangentiale ventilationssystem s\u00f8rger for at evakuere varmen fra kondensatoren og kompressoren. Bem\u00e6rk i \u00f8vrigt tidsbesparelsen ved den forenklede installationsproces takket v\u00e6re ventilation p\u00e5 forsiden. Skabet kan bare sluttes til, og det er ikke n\u00f8dvendigt at s\u00f8rge for ventilation i m\u00f8blet.<\/p>\n","protected":false},"excerpt":{"rendered":"<p>\u2022 1 zone: Temperatur mellem 5 og 22 \u00b0C afh\u00e6ngigt af den enkelte model, til temperering af flasker, som skal serveres, s\u00e5 vinene har den ideelle drikketemperatur. \u2022 \u00c5bning 45 cm: H\u00f8jde p\u00e5 integrerede vinskab i et h\u00f8jt skab. \u2022 Push-Open: Designet integreres perfekt i et k\u00f8kken uden greb, og du kan nemt \u00e5bne vink\u00f8leskabet [&hellip;]<\/p>\n","protected":false},"featured_media":27877,"template":"","meta":[],"product_cat":[619,621],"product_tag":[],"yoast_head":"<!-- This site is optimized with the Yoast SEO plugin v18.3 - https:\/\/yoast.com\/wordpress\/plugins\/seo\/ -->\n<title>LMN 180POV | Le Chai<\/title>\n<meta name=\"robots\" content=\"index, follow, max-snippet:-1, max-image-preview:large, max-video-preview:-1\" \/>\n<link rel=\"canonical\" href=\"https:\/\/www.caveavin-lechai.fr\/da\/produit\/lmn-180pov-2\/\" \/>\n<meta property=\"og:locale\" content=\"da_DK\" \/>\n<meta property=\"og:type\" content=\"article\" \/>\n<meta property=\"og:title\" content=\"LMN 180POV | Le Chai\" \/>\n<meta property=\"og:description\" content=\"\u2022 1 zone: Temperatur mellem 5 og 22 \u00b0C afh\u00e6ngigt af den enkelte model, til temperering af flasker, som skal serveres, s\u00e5 vinene har den ideelle drikketemperatur. \u2022 \u00c5bning 45 cm: H\u00f8jde p\u00e5 integrerede vinskab i et h\u00f8jt skab. \u2022 Push-Open: Designet integreres perfekt i et k\u00f8kken uden greb, og du kan nemt \u00e5bne vink\u00f8leskabet [&hellip;]\" \/>\n<meta property=\"og:url\" content=\"https:\/\/www.caveavin-lechai.fr\/da\/produit\/lmn-180pov-2\/\" \/>\n<meta property=\"og:site_name\" content=\"Le Chai\" \/>\n<meta property=\"article:modified_time\" content=\"2023-02-07T15:44:43+00:00\" \/>\n<meta property=\"og:image\" content=\"https:\/\/www.caveavin-lechai.fr\/wp-content\/uploads\/2020\/09\/80-331.png\" \/>\n\t<meta property=\"og:image:width\" content=\"531\" \/>\n\t<meta property=\"og:image:height\" content=\"419\" \/>\n\t<meta property=\"og:image:type\" content=\"image\/png\" \/>\n<meta name=\"twitter:card\" content=\"summary_large_image\" \/>\n<meta name=\"twitter:label1\" content=\"Est. reading time\" \/>\n\t<meta name=\"twitter:data1\" content=\"1 minute\" \/>\n<script type=\"application\/ld+json\" class=\"yoast-schema-graph\">{\"@context\":\"https:\/\/schema.org\",\"@graph\":[{\"@type\":\"Organization\",\"@id\":\"https:\/\/www.caveavin-lechai.fr\/da\/#organization\",\"name\":\"Le Chai\",\"url\":\"https:\/\/www.caveavin-lechai.fr\/da\/\",\"sameAs\":[],\"logo\":{\"@type\":\"ImageObject\",\"@id\":\"https:\/\/www.caveavin-lechai.fr\/da\/#logo\",\"inLanguage\":\"da-DK\",\"url\":\"https:\/\/www.caveavin-lechai.fr\/wp-content\/uploads\/2020\/09\/favion-lechai.png\",\"contentUrl\":\"https:\/\/www.caveavin-lechai.fr\/wp-content\/uploads\/2020\/09\/favion-lechai.png\",\"width\":127,\"height\":122,\"caption\":\"Le Chai\"},\"image\":{\"@id\":\"https:\/\/www.caveavin-lechai.fr\/da\/#logo\"}},{\"@type\":\"WebSite\",\"@id\":\"https:\/\/www.caveavin-lechai.fr\/da\/#website\",\"url\":\"https:\/\/www.caveavin-lechai.fr\/da\/\",\"name\":\"Le Chai\",\"description\":\"L\u2019excellence de la cave \u00e0 vin\",\"publisher\":{\"@id\":\"https:\/\/www.caveavin-lechai.fr\/da\/#organization\"},\"potentialAction\":[{\"@type\":\"SearchAction\",\"target\":{\"@type\":\"EntryPoint\",\"urlTemplate\":\"https:\/\/www.caveavin-lechai.fr\/da\/?s={search_term_string}\"},\"query-input\":\"required name=search_term_string\"}],\"inLanguage\":\"da-DK\"},{\"@type\":\"ImageObject\",\"@id\":\"https:\/\/www.caveavin-lechai.fr\/da\/produit\/lmn-180pov-2\/#primaryimage\",\"inLanguage\":\"da-DK\",\"url\":\"https:\/\/www.caveavin-lechai.fr\/wp-content\/uploads\/2020\/09\/80-331.png\",\"contentUrl\":\"https:\/\/www.caveavin-lechai.fr\/wp-content\/uploads\/2020\/09\/80-331.png\",\"width\":531,\"height\":419},{\"@type\":\"WebPage\",\"@id\":\"https:\/\/www.caveavin-lechai.fr\/da\/produit\/lmn-180pov-2\/#webpage\",\"url\":\"https:\/\/www.caveavin-lechai.fr\/da\/produit\/lmn-180pov-2\/\",\"name\":\"LMN 180POV | Le Chai\",\"isPartOf\":{\"@id\":\"https:\/\/www.caveavin-lechai.fr\/da\/#website\"},\"primaryImageOfPage\":{\"@id\":\"https:\/\/www.caveavin-lechai.fr\/da\/produit\/lmn-180pov-2\/#primaryimage\"},\"datePublished\":\"2020-08-04T09:13:24+00:00\",\"dateModified\":\"2023-02-07T15:44:43+00:00\",\"breadcrumb\":{\"@id\":\"https:\/\/www.caveavin-lechai.fr\/da\/produit\/lmn-180pov-2\/#breadcrumb\"},\"inLanguage\":\"da-DK\",\"potentialAction\":[{\"@type\":\"ReadAction\",\"target\":[\"https:\/\/www.caveavin-lechai.fr\/da\/produit\/lmn-180pov-2\/\"]}]},{\"@type\":\"BreadcrumbList\",\"@id\":\"https:\/\/www.caveavin-lechai.fr\/da\/produit\/lmn-180pov-2\/#breadcrumb\",\"itemListElement\":[{\"@type\":\"ListItem\",\"position\":1,\"name\":\"Bes\u00f8g\",\"item\":\"https:\/\/www.caveavin-lechai.fr\/da\/\"},{\"@type\":\"ListItem\",\"position\":2,\"name\":\"Varer\",\"item\":\"https:\/\/www.caveavin-lechai.fr\/da\/shop\/\"},{\"@type\":\"ListItem\",\"position\":3,\"name\":\"LMN 180POV\"}]}]}<\/script>\n<!-- \/ Yoast SEO plugin. -->","yoast_head_json":{"title":"LMN 180POV | Le Chai","robots":{"index":"index","follow":"follow","max-snippet":"max-snippet:-1","max-image-preview":"max-image-preview:large","max-video-preview":"max-video-preview:-1"},"canonical":"https:\/\/www.caveavin-lechai.fr\/da\/produit\/lmn-180pov-2\/","og_locale":"da_DK","og_type":"article","og_title":"LMN 180POV | Le Chai","og_description":"\u2022 1 zone: Temperatur mellem 5 og 22 \u00b0C afh\u00e6ngigt af den enkelte model, til temperering af flasker, som skal serveres, s\u00e5 vinene har den ideelle drikketemperatur. \u2022 \u00c5bning 45 cm: H\u00f8jde p\u00e5 integrerede vinskab i et h\u00f8jt skab. \u2022 Push-Open: Designet integreres perfekt i et k\u00f8kken uden greb, og du kan nemt \u00e5bne vink\u00f8leskabet [&hellip;]","og_url":"https:\/\/www.caveavin-lechai.fr\/da\/produit\/lmn-180pov-2\/","og_site_name":"Le Chai","article_modified_time":"2023-02-07T15:44:43+00:00","og_image":[{"width":531,"height":419,"url":"https:\/\/www.caveavin-lechai.fr\/wp-content\/uploads\/2020\/09\/80-331.png","type":"image\/png"}],"twitter_card":"summary_large_image","twitter_misc":{"Est. reading time":"1 minute"},"schema":{"@context":"https:\/\/schema.org","@graph":[{"@type":"Organization","@id":"https:\/\/www.caveavin-lechai.fr\/da\/#organization","name":"Le Chai","url":"https:\/\/www.caveavin-lechai.fr\/da\/","sameAs":[],"logo":{"@type":"ImageObject","@id":"https:\/\/www.caveavin-lechai.fr\/da\/#logo","inLanguage":"da-DK","url":"https:\/\/www.caveavin-lechai.fr\/wp-content\/uploads\/2020\/09\/favion-lechai.png","contentUrl":"https:\/\/www.caveavin-lechai.fr\/wp-content\/uploads\/2020\/09\/favion-lechai.png","width":127,"height":122,"caption":"Le Chai"},"image":{"@id":"https:\/\/www.caveavin-lechai.fr\/da\/#logo"}},{"@type":"WebSite","@id":"https:\/\/www.caveavin-lechai.fr\/da\/#website","url":"https:\/\/www.caveavin-lechai.fr\/da\/","name":"Le Chai","description":"L\u2019excellence de la cave \u00e0 vin","publisher":{"@id":"https:\/\/www.caveavin-lechai.fr\/da\/#organization"},"potentialAction":[{"@type":"SearchAction","target":{"@type":"EntryPoint","urlTemplate":"https:\/\/www.caveavin-lechai.fr\/da\/?s={search_term_string}"},"query-input":"required name=search_term_string"}],"inLanguage":"da-DK"},{"@type":"ImageObject","@id":"https:\/\/www.caveavin-lechai.fr\/da\/produit\/lmn-180pov-2\/#primaryimage","inLanguage":"da-DK","url":"https:\/\/www.caveavin-lechai.fr\/wp-content\/uploads\/2020\/09\/80-331.png","contentUrl":"https:\/\/www.caveavin-lechai.fr\/wp-content\/uploads\/2020\/09\/80-331.png","width":531,"height":419},{"@type":"WebPage","@id":"https:\/\/www.caveavin-lechai.fr\/da\/produit\/lmn-180pov-2\/#webpage","url":"https:\/\/www.caveavin-lechai.fr\/da\/produit\/lmn-180pov-2\/","name":"LMN 180POV | Le Chai","isPartOf":{"@id":"https:\/\/www.caveavin-lechai.fr\/da\/#website"},"primaryImageOfPage":{"@id":"https:\/\/www.caveavin-lechai.fr\/da\/produit\/lmn-180pov-2\/#primaryimage"},"datePublished":"2020-08-04T09:13:24+00:00","dateModified":"2023-02-07T15:44:43+00:00","breadcrumb":{"@id":"https:\/\/www.caveavin-lechai.fr\/da\/produit\/lmn-180pov-2\/#breadcrumb"},"inLanguage":"da-DK","potentialAction":[{"@type":"ReadAction","target":["https:\/\/www.caveavin-lechai.fr\/da\/produit\/lmn-180pov-2\/"]}]},{"@type":"BreadcrumbList","@id":"https:\/\/www.caveavin-lechai.fr\/da\/produit\/lmn-180pov-2\/#breadcrumb","itemListElement":[{"@type":"ListItem","position":1,"name":"Bes\u00f8g","item":"https:\/\/www.caveavin-lechai.fr\/da\/"},{"@type":"ListItem","position":2,"name":"Varer","item":"https:\/\/www.caveavin-lechai.fr\/da\/shop\/"},{"@type":"ListItem","position":3,"name":"LMN 180POV"}]}]}},"acf":[],"_links":{"self":[{"href":"https:\/\/www.caveavin-lechai.fr\/da\/wp-json\/wp\/v2\/product\/21125"}],"collection":[{"href":"https:\/\/www.caveavin-lechai.fr\/da\/wp-json\/wp\/v2\/product"}],"about":[{"href":"https:\/\/www.caveavin-lechai.fr\/da\/wp-json\/wp\/v2\/types\/product"}],"wp:featuredmedia":[{"embeddable":true,"href":"https:\/\/www.caveavin-lechai.fr\/da\/wp-json\/wp\/v2\/media\/27877"}],"wp:attachment":[{"href":"https:\/\/www.caveavin-lechai.fr\/da\/wp-json\/wp\/v2\/media?parent=21125"}],"wp:term":[{"taxonomy":"product_cat","embeddable":true,"href":"https:\/\/www.caveavin-lechai.fr\/da\/wp-json\/wp\/v2\/product_cat?post=21125"},{"taxonomy":"product_tag","embeddable":true,"href":"https:\/\/www.caveavin-lechai.fr\/da\/wp-json\/wp\/v2\/product_tag?post=21125"}],"curies":[{"name":"wp","href":"https:\/\/api.w.org\/{rel}","templated":true}]}}