{"id":21094,"date":"2020-06-24T18:17:46","date_gmt":"2020-08-04T09:02:08","guid":{"rendered":"https:\/\/www.caveavin-lechai.fr\/produit\/chroma-540-2\/"},"modified":"2023-02-07T16:57:31","modified_gmt":"2023-02-07T15:57:31","slug":"chroma-540-2","status":"publish","type":"product","link":"https:\/\/www.caveavin-lechai.fr\/da\/produit\/chroma-540-2\/","title":{"rendered":"CHROMA 540"},"content":{"rendered":"<p>\u2022 1 zone: Temperatur mellem 5 og 22 \u00b0C afh\u00e6ngigt af den enkelte model, til temperering af flasker, som skal serveres, s\u00e5 vinene har den ideelle drikketemperatur.<br \/>\n\u2022 88 cm, under bordpladen: Minimumsh\u00f8jde under bordpladen til en 78 cm h\u00f8j skabsl\u00e5ge.<br \/>\nElektrokromatik:<br \/>\nUGENNEMSIGTIGHED FOR BESKYTTELSE &#8230;<br \/>\nVinens v\u00e6rste fjende er lys, og derfor har vi udstyret vores apparater med en elektrokromatisk d\u00f8r, der filtrerer UV-str\u00e5ler optimalt med en funktion, der g\u00f8r den ugennemsigtig. Det ugennemsigtige glas beskytter og opbevarer dine bedste \u00e5rsgangsvine.<br \/>\nTRANSPARENS N\u00c5R DU SKAL V\u00c6LGE EN FLASKE<br \/>\nGlasset i d\u00f8ren skifter nemt fra ugennemsigtigt til transparent, s\u00e5 du kan se ind i dit vink\u00f8leskab uden at \u00e5bne d\u00f8ren. P\u00e5 den m\u00e5de undg\u00e5r du temperatursvingninger og opretholder temperaturen i dit vink\u00f8leskab.<br \/>\n\u2022 Kulfilter: Beskytter dine vine ved at rense luften i dit vink\u00f8leskab.<br \/>\n\u2022 Multibelysning: Det er muligt at v\u00e6lge imellem forskellige farver af belysning p\u00e5 denne model afh\u00e6ngigt af indretning og den \u00f8nskede atmosf\u00e6re. Nogle apparater har en funktion, der skifter farve og skaber en festlig stemning.<\/p>\n","protected":false},"excerpt":{"rendered":"<p>\u2022 1 zone: Temperatur mellem 5 og 22 \u00b0C afh\u00e6ngigt af den enkelte model, til temperering af flasker, som skal serveres, s\u00e5 vinene har den ideelle drikketemperatur. \u2022 88 cm, under bordpladen: Minimumsh\u00f8jde under bordpladen til en 78 cm h\u00f8j skabsl\u00e5ge. Elektrokromatik: UGENNEMSIGTIGHED FOR BESKYTTELSE &#8230; Vinens v\u00e6rste fjende er lys, og derfor har vi [&hellip;]<\/p>\n","protected":false},"featured_media":21081,"template":"","meta":[],"product_cat":[619,620],"product_tag":[],"yoast_head":"<!-- This site is optimized with the Yoast SEO plugin v18.3 - https:\/\/yoast.com\/wordpress\/plugins\/seo\/ -->\n<title>CHROMA 540 | Le Chai<\/title>\n<meta name=\"robots\" content=\"index, follow, max-snippet:-1, max-image-preview:large, max-video-preview:-1\" \/>\n<link rel=\"canonical\" href=\"https:\/\/www.caveavin-lechai.fr\/da\/produit\/chroma-540-2\/\" \/>\n<meta property=\"og:locale\" content=\"da_DK\" \/>\n<meta property=\"og:type\" content=\"article\" \/>\n<meta property=\"og:title\" content=\"CHROMA 540 | Le Chai\" \/>\n<meta property=\"og:description\" content=\"\u2022 1 zone: Temperatur mellem 5 og 22 \u00b0C afh\u00e6ngigt af den enkelte model, til temperering af flasker, som skal serveres, s\u00e5 vinene har den ideelle drikketemperatur. \u2022 88 cm, under bordpladen: Minimumsh\u00f8jde under bordpladen til en 78 cm h\u00f8j skabsl\u00e5ge. Elektrokromatik: UGENNEMSIGTIGHED FOR BESKYTTELSE &#8230; Vinens v\u00e6rste fjende er lys, og derfor har vi [&hellip;]\" \/>\n<meta property=\"og:url\" content=\"https:\/\/www.caveavin-lechai.fr\/da\/produit\/chroma-540-2\/\" \/>\n<meta property=\"og:site_name\" content=\"Le Chai\" \/>\n<meta property=\"article:modified_time\" content=\"2023-02-07T15:57:31+00:00\" \/>\n<meta property=\"og:image\" content=\"https:\/\/www.caveavin-lechai.fr\/wp-content\/uploads\/2020\/08\/80-54.png\" \/>\n\t<meta property=\"og:image:width\" content=\"1200\" \/>\n\t<meta property=\"og:image:height\" content=\"1677\" \/>\n\t<meta property=\"og:image:type\" content=\"image\/png\" \/>\n<meta name=\"twitter:card\" content=\"summary_large_image\" \/>\n<meta name=\"twitter:label1\" content=\"Est. reading time\" \/>\n\t<meta name=\"twitter:data1\" content=\"1 minute\" \/>\n<script type=\"application\/ld+json\" class=\"yoast-schema-graph\">{\"@context\":\"https:\/\/schema.org\",\"@graph\":[{\"@type\":\"Organization\",\"@id\":\"https:\/\/www.caveavin-lechai.fr\/da\/#organization\",\"name\":\"Le Chai\",\"url\":\"https:\/\/www.caveavin-lechai.fr\/da\/\",\"sameAs\":[],\"logo\":{\"@type\":\"ImageObject\",\"@id\":\"https:\/\/www.caveavin-lechai.fr\/da\/#logo\",\"inLanguage\":\"da-DK\",\"url\":\"https:\/\/www.caveavin-lechai.fr\/wp-content\/uploads\/2020\/09\/favion-lechai.png\",\"contentUrl\":\"https:\/\/www.caveavin-lechai.fr\/wp-content\/uploads\/2020\/09\/favion-lechai.png\",\"width\":127,\"height\":122,\"caption\":\"Le Chai\"},\"image\":{\"@id\":\"https:\/\/www.caveavin-lechai.fr\/da\/#logo\"}},{\"@type\":\"WebSite\",\"@id\":\"https:\/\/www.caveavin-lechai.fr\/da\/#website\",\"url\":\"https:\/\/www.caveavin-lechai.fr\/da\/\",\"name\":\"Le Chai\",\"description\":\"L\u2019excellence de la cave \u00e0 vin\",\"publisher\":{\"@id\":\"https:\/\/www.caveavin-lechai.fr\/da\/#organization\"},\"potentialAction\":[{\"@type\":\"SearchAction\",\"target\":{\"@type\":\"EntryPoint\",\"urlTemplate\":\"https:\/\/www.caveavin-lechai.fr\/da\/?s={search_term_string}\"},\"query-input\":\"required name=search_term_string\"}],\"inLanguage\":\"da-DK\"},{\"@type\":\"ImageObject\",\"@id\":\"https:\/\/www.caveavin-lechai.fr\/da\/produit\/chroma-540-2\/#primaryimage\",\"inLanguage\":\"da-DK\",\"url\":\"https:\/\/www.caveavin-lechai.fr\/wp-content\/uploads\/2020\/08\/80-54.png\",\"contentUrl\":\"https:\/\/www.caveavin-lechai.fr\/wp-content\/uploads\/2020\/08\/80-54.png\",\"width\":1200,\"height\":1677},{\"@type\":\"WebPage\",\"@id\":\"https:\/\/www.caveavin-lechai.fr\/da\/produit\/chroma-540-2\/#webpage\",\"url\":\"https:\/\/www.caveavin-lechai.fr\/da\/produit\/chroma-540-2\/\",\"name\":\"CHROMA 540 | Le Chai\",\"isPartOf\":{\"@id\":\"https:\/\/www.caveavin-lechai.fr\/da\/#website\"},\"primaryImageOfPage\":{\"@id\":\"https:\/\/www.caveavin-lechai.fr\/da\/produit\/chroma-540-2\/#primaryimage\"},\"datePublished\":\"2020-08-04T09:02:08+00:00\",\"dateModified\":\"2023-02-07T15:57:31+00:00\",\"breadcrumb\":{\"@id\":\"https:\/\/www.caveavin-lechai.fr\/da\/produit\/chroma-540-2\/#breadcrumb\"},\"inLanguage\":\"da-DK\",\"potentialAction\":[{\"@type\":\"ReadAction\",\"target\":[\"https:\/\/www.caveavin-lechai.fr\/da\/produit\/chroma-540-2\/\"]}]},{\"@type\":\"BreadcrumbList\",\"@id\":\"https:\/\/www.caveavin-lechai.fr\/da\/produit\/chroma-540-2\/#breadcrumb\",\"itemListElement\":[{\"@type\":\"ListItem\",\"position\":1,\"name\":\"Bes\u00f8g\",\"item\":\"https:\/\/www.caveavin-lechai.fr\/da\/\"},{\"@type\":\"ListItem\",\"position\":2,\"name\":\"Varer\",\"item\":\"https:\/\/www.caveavin-lechai.fr\/da\/shop\/\"},{\"@type\":\"ListItem\",\"position\":3,\"name\":\"CHROMA 540\"}]}]}<\/script>\n<!-- \/ Yoast SEO plugin. -->","yoast_head_json":{"title":"CHROMA 540 | Le Chai","robots":{"index":"index","follow":"follow","max-snippet":"max-snippet:-1","max-image-preview":"max-image-preview:large","max-video-preview":"max-video-preview:-1"},"canonical":"https:\/\/www.caveavin-lechai.fr\/da\/produit\/chroma-540-2\/","og_locale":"da_DK","og_type":"article","og_title":"CHROMA 540 | Le Chai","og_description":"\u2022 1 zone: Temperatur mellem 5 og 22 \u00b0C afh\u00e6ngigt af den enkelte model, til temperering af flasker, som skal serveres, s\u00e5 vinene har den ideelle drikketemperatur. \u2022 88 cm, under bordpladen: Minimumsh\u00f8jde under bordpladen til en 78 cm h\u00f8j skabsl\u00e5ge. Elektrokromatik: UGENNEMSIGTIGHED FOR BESKYTTELSE &#8230; Vinens v\u00e6rste fjende er lys, og derfor har vi [&hellip;]","og_url":"https:\/\/www.caveavin-lechai.fr\/da\/produit\/chroma-540-2\/","og_site_name":"Le Chai","article_modified_time":"2023-02-07T15:57:31+00:00","og_image":[{"width":1200,"height":1677,"url":"https:\/\/www.caveavin-lechai.fr\/wp-content\/uploads\/2020\/08\/80-54.png","type":"image\/png"}],"twitter_card":"summary_large_image","twitter_misc":{"Est. reading time":"1 minute"},"schema":{"@context":"https:\/\/schema.org","@graph":[{"@type":"Organization","@id":"https:\/\/www.caveavin-lechai.fr\/da\/#organization","name":"Le Chai","url":"https:\/\/www.caveavin-lechai.fr\/da\/","sameAs":[],"logo":{"@type":"ImageObject","@id":"https:\/\/www.caveavin-lechai.fr\/da\/#logo","inLanguage":"da-DK","url":"https:\/\/www.caveavin-lechai.fr\/wp-content\/uploads\/2020\/09\/favion-lechai.png","contentUrl":"https:\/\/www.caveavin-lechai.fr\/wp-content\/uploads\/2020\/09\/favion-lechai.png","width":127,"height":122,"caption":"Le Chai"},"image":{"@id":"https:\/\/www.caveavin-lechai.fr\/da\/#logo"}},{"@type":"WebSite","@id":"https:\/\/www.caveavin-lechai.fr\/da\/#website","url":"https:\/\/www.caveavin-lechai.fr\/da\/","name":"Le Chai","description":"L\u2019excellence de la cave \u00e0 vin","publisher":{"@id":"https:\/\/www.caveavin-lechai.fr\/da\/#organization"},"potentialAction":[{"@type":"SearchAction","target":{"@type":"EntryPoint","urlTemplate":"https:\/\/www.caveavin-lechai.fr\/da\/?s={search_term_string}"},"query-input":"required name=search_term_string"}],"inLanguage":"da-DK"},{"@type":"ImageObject","@id":"https:\/\/www.caveavin-lechai.fr\/da\/produit\/chroma-540-2\/#primaryimage","inLanguage":"da-DK","url":"https:\/\/www.caveavin-lechai.fr\/wp-content\/uploads\/2020\/08\/80-54.png","contentUrl":"https:\/\/www.caveavin-lechai.fr\/wp-content\/uploads\/2020\/08\/80-54.png","width":1200,"height":1677},{"@type":"WebPage","@id":"https:\/\/www.caveavin-lechai.fr\/da\/produit\/chroma-540-2\/#webpage","url":"https:\/\/www.caveavin-lechai.fr\/da\/produit\/chroma-540-2\/","name":"CHROMA 540 | Le Chai","isPartOf":{"@id":"https:\/\/www.caveavin-lechai.fr\/da\/#website"},"primaryImageOfPage":{"@id":"https:\/\/www.caveavin-lechai.fr\/da\/produit\/chroma-540-2\/#primaryimage"},"datePublished":"2020-08-04T09:02:08+00:00","dateModified":"2023-02-07T15:57:31+00:00","breadcrumb":{"@id":"https:\/\/www.caveavin-lechai.fr\/da\/produit\/chroma-540-2\/#breadcrumb"},"inLanguage":"da-DK","potentialAction":[{"@type":"ReadAction","target":["https:\/\/www.caveavin-lechai.fr\/da\/produit\/chroma-540-2\/"]}]},{"@type":"BreadcrumbList","@id":"https:\/\/www.caveavin-lechai.fr\/da\/produit\/chroma-540-2\/#breadcrumb","itemListElement":[{"@type":"ListItem","position":1,"name":"Bes\u00f8g","item":"https:\/\/www.caveavin-lechai.fr\/da\/"},{"@type":"ListItem","position":2,"name":"Varer","item":"https:\/\/www.caveavin-lechai.fr\/da\/shop\/"},{"@type":"ListItem","position":3,"name":"CHROMA 540"}]}]}},"acf":[],"_links":{"self":[{"href":"https:\/\/www.caveavin-lechai.fr\/da\/wp-json\/wp\/v2\/product\/21094"}],"collection":[{"href":"https:\/\/www.caveavin-lechai.fr\/da\/wp-json\/wp\/v2\/product"}],"about":[{"href":"https:\/\/www.caveavin-lechai.fr\/da\/wp-json\/wp\/v2\/types\/product"}],"wp:featuredmedia":[{"embeddable":true,"href":"https:\/\/www.caveavin-lechai.fr\/da\/wp-json\/wp\/v2\/media\/21081"}],"wp:attachment":[{"href":"https:\/\/www.caveavin-lechai.fr\/da\/wp-json\/wp\/v2\/media?parent=21094"}],"wp:term":[{"taxonomy":"product_cat","embeddable":true,"href":"https:\/\/www.caveavin-lechai.fr\/da\/wp-json\/wp\/v2\/product_cat?post=21094"},{"taxonomy":"product_tag","embeddable":true,"href":"https:\/\/www.caveavin-lechai.fr\/da\/wp-json\/wp\/v2\/product_tag?post=21094"}],"curies":[{"name":"wp","href":"https:\/\/api.w.org\/{rel}","templated":true}]}}