{"id":20672,"date":"2020-06-24T19:01:45","date_gmt":"2020-08-04T08:19:46","guid":{"rendered":"https:\/\/www.caveavin-lechai.fr\/produit\/lsv-4740h-2\/"},"modified":"2023-02-07T16:34:34","modified_gmt":"2023-02-07T15:34:34","slug":"lsv-4740h-2","status":"publish","type":"product","link":"https:\/\/www.caveavin-lechai.fr\/da\/produit\/lsv-4740h-2\/","title":{"rendered":"LSV 4740H"},"content":{"rendered":"<p>\u2022 2 zoner: Nedre og \u00f8vre zone med 2 forskellige temperaturer og individuel justering til opbevaring og temperering af flasker, s\u00e5 de f\u00e5r en ideel serveringstemperatur.<br \/>\n\u2022 Elektrisk hygrometri: Det er vigtigt at opretholde en luftfugtighed p\u00e5 mellem 60 og 75 % i et vink\u00f8leskab til aldring for at holde propperne p\u00e5 flasker, som skal opbevares l\u00e6nge, i s\u00e5 god stand som muligt. Udt\u00f8rring af propperne skal for enhver pris undg\u00e5s. Vink\u00f8leskabet har et sensorsystem, der reagerer og opretholder det ideelle luftfugtighedsniveau. I mods\u00e6tning til det mekaniske system, giver det elektroniske system dig mulighed for at v\u00e6lge den \u00f8nskede luftfugtighed.<br \/>\n\u2022 L\u00e5s: Fremvis og opbevar dine flasker i sikkerhed takket v\u00e6re l\u00e5sen med n\u00f8gle p\u00e5 l\u00e5gen til dit vink\u00f8leskab.<br \/>\nVinterfunktion: Hvis du \u00f8nsker at installere dit vink\u00f8leskab i et rum, hvor temperaturen kan falde til under 10 \u00b0C, s\u00e5som en garage eller et bryggers, er det n\u00f8dvendigt at v\u00e6lge en model med vinterfunktion, der g\u00f8r det muligt at opretholde en minimaltemperatur inde i vink\u00f8leskabet for at opbevare dine vine under de bedste betingelser.<br \/>\n\u2022 D\u00f8ralarm: Hvis d\u00f8ren \u00e5bnes ved en fejl eller ikke lukkes korrekt, lyder der et signal efter nogle sekunder for at informere dig om problemet. Du kan s\u00e5 bare lukke l\u00e5gen korrekt.<br \/>\n\u2022 Kulfilter: Beskytter dine vine ved at rense luften i dit vink\u00f8leskab.<br \/>\n\u2022 Skuffe: Giver mulighed for at opbevare flasker af forskellig st\u00f8rrelse, helt op til Magnum, og beskytte dine \u00e5rgangsvine fra lys, s\u00e5 de aldres optimalt.<\/p>\n","protected":false},"excerpt":{"rendered":"<p>\u2022 2 zoner: Nedre og \u00f8vre zone med 2 forskellige temperaturer og individuel justering til opbevaring og temperering af flasker, s\u00e5 de f\u00e5r en ideel serveringstemperatur. \u2022 Elektrisk hygrometri: Det er vigtigt at opretholde en luftfugtighed p\u00e5 mellem 60 og 75 % i et vink\u00f8leskab til aldring for at holde propperne p\u00e5 flasker, som skal [&hellip;]<\/p>\n","protected":false},"featured_media":28677,"template":"","meta":[],"product_cat":[615,611],"product_tag":[],"yoast_head":"<!-- This site is optimized with the Yoast SEO plugin v18.3 - https:\/\/yoast.com\/wordpress\/plugins\/seo\/ -->\n<title>LSV 4740H | Le Chai<\/title>\n<meta name=\"robots\" content=\"index, follow, max-snippet:-1, max-image-preview:large, max-video-preview:-1\" \/>\n<link rel=\"canonical\" href=\"https:\/\/www.caveavin-lechai.fr\/da\/produit\/lsv-4740h-2\/\" \/>\n<meta property=\"og:locale\" content=\"da_DK\" \/>\n<meta property=\"og:type\" content=\"article\" \/>\n<meta property=\"og:title\" content=\"LSV 4740H | Le Chai\" \/>\n<meta property=\"og:description\" content=\"\u2022 2 zoner: Nedre og \u00f8vre zone med 2 forskellige temperaturer og individuel justering til opbevaring og temperering af flasker, s\u00e5 de f\u00e5r en ideel serveringstemperatur. \u2022 Elektrisk hygrometri: Det er vigtigt at opretholde en luftfugtighed p\u00e5 mellem 60 og 75 % i et vink\u00f8leskab til aldring for at holde propperne p\u00e5 flasker, som skal [&hellip;]\" \/>\n<meta property=\"og:url\" content=\"https:\/\/www.caveavin-lechai.fr\/da\/produit\/lsv-4740h-2\/\" \/>\n<meta property=\"og:site_name\" content=\"Le Chai\" \/>\n<meta property=\"article:modified_time\" content=\"2023-02-07T15:34:34+00:00\" \/>\n<meta property=\"og:image\" content=\"https:\/\/www.caveavin-lechai.fr\/wp-content\/uploads\/2020\/09\/80-491.png\" \/>\n\t<meta property=\"og:image:width\" content=\"1063\" \/>\n\t<meta property=\"og:image:height\" content=\"1654\" \/>\n\t<meta property=\"og:image:type\" content=\"image\/png\" \/>\n<meta name=\"twitter:card\" content=\"summary_large_image\" \/>\n<meta name=\"twitter:label1\" content=\"Est. reading time\" \/>\n\t<meta name=\"twitter:data1\" content=\"1 minute\" \/>\n<script type=\"application\/ld+json\" class=\"yoast-schema-graph\">{\"@context\":\"https:\/\/schema.org\",\"@graph\":[{\"@type\":\"Organization\",\"@id\":\"https:\/\/www.caveavin-lechai.fr\/da\/#organization\",\"name\":\"Le Chai\",\"url\":\"https:\/\/www.caveavin-lechai.fr\/da\/\",\"sameAs\":[],\"logo\":{\"@type\":\"ImageObject\",\"@id\":\"https:\/\/www.caveavin-lechai.fr\/da\/#logo\",\"inLanguage\":\"da-DK\",\"url\":\"https:\/\/www.caveavin-lechai.fr\/wp-content\/uploads\/2020\/09\/favion-lechai.png\",\"contentUrl\":\"https:\/\/www.caveavin-lechai.fr\/wp-content\/uploads\/2020\/09\/favion-lechai.png\",\"width\":127,\"height\":122,\"caption\":\"Le Chai\"},\"image\":{\"@id\":\"https:\/\/www.caveavin-lechai.fr\/da\/#logo\"}},{\"@type\":\"WebSite\",\"@id\":\"https:\/\/www.caveavin-lechai.fr\/da\/#website\",\"url\":\"https:\/\/www.caveavin-lechai.fr\/da\/\",\"name\":\"Le Chai\",\"description\":\"L\u2019excellence de la cave \u00e0 vin\",\"publisher\":{\"@id\":\"https:\/\/www.caveavin-lechai.fr\/da\/#organization\"},\"potentialAction\":[{\"@type\":\"SearchAction\",\"target\":{\"@type\":\"EntryPoint\",\"urlTemplate\":\"https:\/\/www.caveavin-lechai.fr\/da\/?s={search_term_string}\"},\"query-input\":\"required name=search_term_string\"}],\"inLanguage\":\"da-DK\"},{\"@type\":\"ImageObject\",\"@id\":\"https:\/\/www.caveavin-lechai.fr\/da\/produit\/lsv-4740h-2\/#primaryimage\",\"inLanguage\":\"da-DK\",\"url\":\"https:\/\/www.caveavin-lechai.fr\/wp-content\/uploads\/2020\/09\/80-491.png\",\"contentUrl\":\"https:\/\/www.caveavin-lechai.fr\/wp-content\/uploads\/2020\/09\/80-491.png\",\"width\":1063,\"height\":1654},{\"@type\":\"WebPage\",\"@id\":\"https:\/\/www.caveavin-lechai.fr\/da\/produit\/lsv-4740h-2\/#webpage\",\"url\":\"https:\/\/www.caveavin-lechai.fr\/da\/produit\/lsv-4740h-2\/\",\"name\":\"LSV 4740H | Le Chai\",\"isPartOf\":{\"@id\":\"https:\/\/www.caveavin-lechai.fr\/da\/#website\"},\"primaryImageOfPage\":{\"@id\":\"https:\/\/www.caveavin-lechai.fr\/da\/produit\/lsv-4740h-2\/#primaryimage\"},\"datePublished\":\"2020-08-04T08:19:46+00:00\",\"dateModified\":\"2023-02-07T15:34:34+00:00\",\"breadcrumb\":{\"@id\":\"https:\/\/www.caveavin-lechai.fr\/da\/produit\/lsv-4740h-2\/#breadcrumb\"},\"inLanguage\":\"da-DK\",\"potentialAction\":[{\"@type\":\"ReadAction\",\"target\":[\"https:\/\/www.caveavin-lechai.fr\/da\/produit\/lsv-4740h-2\/\"]}]},{\"@type\":\"BreadcrumbList\",\"@id\":\"https:\/\/www.caveavin-lechai.fr\/da\/produit\/lsv-4740h-2\/#breadcrumb\",\"itemListElement\":[{\"@type\":\"ListItem\",\"position\":1,\"name\":\"Bes\u00f8g\",\"item\":\"https:\/\/www.caveavin-lechai.fr\/da\/\"},{\"@type\":\"ListItem\",\"position\":2,\"name\":\"Varer\",\"item\":\"https:\/\/www.caveavin-lechai.fr\/da\/shop\/\"},{\"@type\":\"ListItem\",\"position\":3,\"name\":\"LSV 4740H\"}]}]}<\/script>\n<!-- \/ Yoast SEO plugin. -->","yoast_head_json":{"title":"LSV 4740H | Le Chai","robots":{"index":"index","follow":"follow","max-snippet":"max-snippet:-1","max-image-preview":"max-image-preview:large","max-video-preview":"max-video-preview:-1"},"canonical":"https:\/\/www.caveavin-lechai.fr\/da\/produit\/lsv-4740h-2\/","og_locale":"da_DK","og_type":"article","og_title":"LSV 4740H | Le Chai","og_description":"\u2022 2 zoner: Nedre og \u00f8vre zone med 2 forskellige temperaturer og individuel justering til opbevaring og temperering af flasker, s\u00e5 de f\u00e5r en ideel serveringstemperatur. \u2022 Elektrisk hygrometri: Det er vigtigt at opretholde en luftfugtighed p\u00e5 mellem 60 og 75 % i et vink\u00f8leskab til aldring for at holde propperne p\u00e5 flasker, som skal [&hellip;]","og_url":"https:\/\/www.caveavin-lechai.fr\/da\/produit\/lsv-4740h-2\/","og_site_name":"Le Chai","article_modified_time":"2023-02-07T15:34:34+00:00","og_image":[{"width":1063,"height":1654,"url":"https:\/\/www.caveavin-lechai.fr\/wp-content\/uploads\/2020\/09\/80-491.png","type":"image\/png"}],"twitter_card":"summary_large_image","twitter_misc":{"Est. reading time":"1 minute"},"schema":{"@context":"https:\/\/schema.org","@graph":[{"@type":"Organization","@id":"https:\/\/www.caveavin-lechai.fr\/da\/#organization","name":"Le Chai","url":"https:\/\/www.caveavin-lechai.fr\/da\/","sameAs":[],"logo":{"@type":"ImageObject","@id":"https:\/\/www.caveavin-lechai.fr\/da\/#logo","inLanguage":"da-DK","url":"https:\/\/www.caveavin-lechai.fr\/wp-content\/uploads\/2020\/09\/favion-lechai.png","contentUrl":"https:\/\/www.caveavin-lechai.fr\/wp-content\/uploads\/2020\/09\/favion-lechai.png","width":127,"height":122,"caption":"Le Chai"},"image":{"@id":"https:\/\/www.caveavin-lechai.fr\/da\/#logo"}},{"@type":"WebSite","@id":"https:\/\/www.caveavin-lechai.fr\/da\/#website","url":"https:\/\/www.caveavin-lechai.fr\/da\/","name":"Le Chai","description":"L\u2019excellence de la cave \u00e0 vin","publisher":{"@id":"https:\/\/www.caveavin-lechai.fr\/da\/#organization"},"potentialAction":[{"@type":"SearchAction","target":{"@type":"EntryPoint","urlTemplate":"https:\/\/www.caveavin-lechai.fr\/da\/?s={search_term_string}"},"query-input":"required name=search_term_string"}],"inLanguage":"da-DK"},{"@type":"ImageObject","@id":"https:\/\/www.caveavin-lechai.fr\/da\/produit\/lsv-4740h-2\/#primaryimage","inLanguage":"da-DK","url":"https:\/\/www.caveavin-lechai.fr\/wp-content\/uploads\/2020\/09\/80-491.png","contentUrl":"https:\/\/www.caveavin-lechai.fr\/wp-content\/uploads\/2020\/09\/80-491.png","width":1063,"height":1654},{"@type":"WebPage","@id":"https:\/\/www.caveavin-lechai.fr\/da\/produit\/lsv-4740h-2\/#webpage","url":"https:\/\/www.caveavin-lechai.fr\/da\/produit\/lsv-4740h-2\/","name":"LSV 4740H | Le Chai","isPartOf":{"@id":"https:\/\/www.caveavin-lechai.fr\/da\/#website"},"primaryImageOfPage":{"@id":"https:\/\/www.caveavin-lechai.fr\/da\/produit\/lsv-4740h-2\/#primaryimage"},"datePublished":"2020-08-04T08:19:46+00:00","dateModified":"2023-02-07T15:34:34+00:00","breadcrumb":{"@id":"https:\/\/www.caveavin-lechai.fr\/da\/produit\/lsv-4740h-2\/#breadcrumb"},"inLanguage":"da-DK","potentialAction":[{"@type":"ReadAction","target":["https:\/\/www.caveavin-lechai.fr\/da\/produit\/lsv-4740h-2\/"]}]},{"@type":"BreadcrumbList","@id":"https:\/\/www.caveavin-lechai.fr\/da\/produit\/lsv-4740h-2\/#breadcrumb","itemListElement":[{"@type":"ListItem","position":1,"name":"Bes\u00f8g","item":"https:\/\/www.caveavin-lechai.fr\/da\/"},{"@type":"ListItem","position":2,"name":"Varer","item":"https:\/\/www.caveavin-lechai.fr\/da\/shop\/"},{"@type":"ListItem","position":3,"name":"LSV 4740H"}]}]}},"acf":[],"_links":{"self":[{"href":"https:\/\/www.caveavin-lechai.fr\/da\/wp-json\/wp\/v2\/product\/20672"}],"collection":[{"href":"https:\/\/www.caveavin-lechai.fr\/da\/wp-json\/wp\/v2\/product"}],"about":[{"href":"https:\/\/www.caveavin-lechai.fr\/da\/wp-json\/wp\/v2\/types\/product"}],"wp:featuredmedia":[{"embeddable":true,"href":"https:\/\/www.caveavin-lechai.fr\/da\/wp-json\/wp\/v2\/media\/28677"}],"wp:attachment":[{"href":"https:\/\/www.caveavin-lechai.fr\/da\/wp-json\/wp\/v2\/media?parent=20672"}],"wp:term":[{"taxonomy":"product_cat","embeddable":true,"href":"https:\/\/www.caveavin-lechai.fr\/da\/wp-json\/wp\/v2\/product_cat?post=20672"},{"taxonomy":"product_tag","embeddable":true,"href":"https:\/\/www.caveavin-lechai.fr\/da\/wp-json\/wp\/v2\/product_tag?post=20672"}],"curies":[{"name":"wp","href":"https:\/\/api.w.org\/{rel}","templated":true}]}}