{"id":20155,"date":"2021-03-28T13:11:54","date_gmt":"2020-08-04T07:16:57","guid":{"rendered":"https:\/\/www.caveavin-lechai.fr\/produit\/pro-1320m-2\/"},"modified":"2023-02-07T16:19:48","modified_gmt":"2023-02-07T15:19:48","slug":"pro-1320m-2","status":"publish","type":"product","link":"https:\/\/www.caveavin-lechai.fr\/da\/produit\/pro-1320m-2\/","title":{"rendered":"PRO 1320M"},"content":{"rendered":"<p>\u2022 1 zone: Temperatur mellem 5 og 22 \u00b0C afh\u00e6ngigt af den enkelte model, til temperering af flasker, som skal serveres, s\u00e5 vinene har den ideelle drikketemperatur.<br \/>\n\u2022 L\u00e5s: Fremvis og opbevar dine flasker i sikkerhed takket v\u00e6re l\u00e5sen med n\u00f8gle p\u00e5 l\u00e5gen til dit vink\u00f8leskab.<br \/>\n\u2022 Kulfilter: Beskytter dine vine ved at rense luften i dit vink\u00f8leskab.<br \/>\n\u2022 Z-formet hylde med synlige etiketter: Det er nemt og hurtigt at v\u00e6lge en flaske takket v\u00e6re den Z-formede hylde og flaskernes vandrettet position. D\u00f8ren \u00e5bnes i kortere tid, s\u00e5 temperaturen forbliver konstant i dit vink\u00f8leskab.<\/p>\n","protected":false},"excerpt":{"rendered":"<p>\u2022 1 zone: Temperatur mellem 5 og 22 \u00b0C afh\u00e6ngigt af den enkelte model, til temperering af flasker, som skal serveres, s\u00e5 vinene har den ideelle drikketemperatur. \u2022 L\u00e5s: Fremvis og opbevar dine flasker i sikkerhed takket v\u00e6re l\u00e5sen med n\u00f8gle p\u00e5 l\u00e5gen til dit vink\u00f8leskab. \u2022 Kulfilter: Beskytter dine vine ved at rense luften [&hellip;]<\/p>\n","protected":false},"featured_media":37172,"template":"","meta":[],"product_cat":[616,618],"product_tag":[],"yoast_head":"<!-- This site is optimized with the Yoast SEO plugin v18.3 - https:\/\/yoast.com\/wordpress\/plugins\/seo\/ -->\n<title>PRO 1320M | Le Chai<\/title>\n<meta name=\"robots\" content=\"index, follow, max-snippet:-1, max-image-preview:large, max-video-preview:-1\" \/>\n<link rel=\"canonical\" href=\"https:\/\/www.caveavin-lechai.fr\/da\/produit\/pro-1320m-2\/\" \/>\n<meta property=\"og:locale\" content=\"da_DK\" \/>\n<meta property=\"og:type\" content=\"article\" \/>\n<meta property=\"og:title\" content=\"PRO 1320M | Le Chai\" \/>\n<meta property=\"og:description\" content=\"\u2022 1 zone: Temperatur mellem 5 og 22 \u00b0C afh\u00e6ngigt af den enkelte model, til temperering af flasker, som skal serveres, s\u00e5 vinene har den ideelle drikketemperatur. \u2022 L\u00e5s: Fremvis og opbevar dine flasker i sikkerhed takket v\u00e6re l\u00e5sen med n\u00f8gle p\u00e5 l\u00e5gen til dit vink\u00f8leskab. \u2022 Kulfilter: Beskytter dine vine ved at rense luften [&hellip;]\" \/>\n<meta property=\"og:url\" content=\"https:\/\/www.caveavin-lechai.fr\/da\/produit\/pro-1320m-2\/\" \/>\n<meta property=\"og:site_name\" content=\"Le Chai\" \/>\n<meta property=\"article:modified_time\" content=\"2023-02-07T15:19:48+00:00\" \/>\n<meta property=\"og:image\" content=\"https:\/\/www.caveavin-lechai.fr\/wp-content\/uploads\/2021\/10\/80-184-401x1024.png\" \/>\n\t<meta property=\"og:image:width\" content=\"401\" \/>\n\t<meta property=\"og:image:height\" content=\"1024\" \/>\n\t<meta property=\"og:image:type\" content=\"image\/png\" \/>\n<meta name=\"twitter:card\" content=\"summary_large_image\" \/>\n<script type=\"application\/ld+json\" class=\"yoast-schema-graph\">{\"@context\":\"https:\/\/schema.org\",\"@graph\":[{\"@type\":\"Organization\",\"@id\":\"https:\/\/www.caveavin-lechai.fr\/da\/#organization\",\"name\":\"Le Chai\",\"url\":\"https:\/\/www.caveavin-lechai.fr\/da\/\",\"sameAs\":[],\"logo\":{\"@type\":\"ImageObject\",\"@id\":\"https:\/\/www.caveavin-lechai.fr\/da\/#logo\",\"inLanguage\":\"da-DK\",\"url\":\"https:\/\/www.caveavin-lechai.fr\/wp-content\/uploads\/2020\/09\/favion-lechai.png\",\"contentUrl\":\"https:\/\/www.caveavin-lechai.fr\/wp-content\/uploads\/2020\/09\/favion-lechai.png\",\"width\":127,\"height\":122,\"caption\":\"Le Chai\"},\"image\":{\"@id\":\"https:\/\/www.caveavin-lechai.fr\/da\/#logo\"}},{\"@type\":\"WebSite\",\"@id\":\"https:\/\/www.caveavin-lechai.fr\/da\/#website\",\"url\":\"https:\/\/www.caveavin-lechai.fr\/da\/\",\"name\":\"Le Chai\",\"description\":\"L\u2019excellence de la cave \u00e0 vin\",\"publisher\":{\"@id\":\"https:\/\/www.caveavin-lechai.fr\/da\/#organization\"},\"potentialAction\":[{\"@type\":\"SearchAction\",\"target\":{\"@type\":\"EntryPoint\",\"urlTemplate\":\"https:\/\/www.caveavin-lechai.fr\/da\/?s={search_term_string}\"},\"query-input\":\"required name=search_term_string\"}],\"inLanguage\":\"da-DK\"},{\"@type\":\"ImageObject\",\"@id\":\"https:\/\/www.caveavin-lechai.fr\/da\/produit\/pro-1320m-2\/#primaryimage\",\"inLanguage\":\"da-DK\",\"url\":\"https:\/\/www.caveavin-lechai.fr\/wp-content\/uploads\/2021\/10\/80-184.png\",\"contentUrl\":\"https:\/\/www.caveavin-lechai.fr\/wp-content\/uploads\/2021\/10\/80-184.png\",\"width\":1200,\"height\":3061},{\"@type\":\"WebPage\",\"@id\":\"https:\/\/www.caveavin-lechai.fr\/da\/produit\/pro-1320m-2\/#webpage\",\"url\":\"https:\/\/www.caveavin-lechai.fr\/da\/produit\/pro-1320m-2\/\",\"name\":\"PRO 1320M | Le Chai\",\"isPartOf\":{\"@id\":\"https:\/\/www.caveavin-lechai.fr\/da\/#website\"},\"primaryImageOfPage\":{\"@id\":\"https:\/\/www.caveavin-lechai.fr\/da\/produit\/pro-1320m-2\/#primaryimage\"},\"datePublished\":\"2020-08-04T07:16:57+00:00\",\"dateModified\":\"2023-02-07T15:19:48+00:00\",\"breadcrumb\":{\"@id\":\"https:\/\/www.caveavin-lechai.fr\/da\/produit\/pro-1320m-2\/#breadcrumb\"},\"inLanguage\":\"da-DK\",\"potentialAction\":[{\"@type\":\"ReadAction\",\"target\":[\"https:\/\/www.caveavin-lechai.fr\/da\/produit\/pro-1320m-2\/\"]}]},{\"@type\":\"BreadcrumbList\",\"@id\":\"https:\/\/www.caveavin-lechai.fr\/da\/produit\/pro-1320m-2\/#breadcrumb\",\"itemListElement\":[{\"@type\":\"ListItem\",\"position\":1,\"name\":\"Bes\u00f8g\",\"item\":\"https:\/\/www.caveavin-lechai.fr\/da\/\"},{\"@type\":\"ListItem\",\"position\":2,\"name\":\"Varer\",\"item\":\"https:\/\/www.caveavin-lechai.fr\/da\/shop\/\"},{\"@type\":\"ListItem\",\"position\":3,\"name\":\"PRO 1320M\"}]}]}<\/script>\n<!-- \/ Yoast SEO plugin. -->","yoast_head_json":{"title":"PRO 1320M | Le Chai","robots":{"index":"index","follow":"follow","max-snippet":"max-snippet:-1","max-image-preview":"max-image-preview:large","max-video-preview":"max-video-preview:-1"},"canonical":"https:\/\/www.caveavin-lechai.fr\/da\/produit\/pro-1320m-2\/","og_locale":"da_DK","og_type":"article","og_title":"PRO 1320M | Le Chai","og_description":"\u2022 1 zone: Temperatur mellem 5 og 22 \u00b0C afh\u00e6ngigt af den enkelte model, til temperering af flasker, som skal serveres, s\u00e5 vinene har den ideelle drikketemperatur. \u2022 L\u00e5s: Fremvis og opbevar dine flasker i sikkerhed takket v\u00e6re l\u00e5sen med n\u00f8gle p\u00e5 l\u00e5gen til dit vink\u00f8leskab. \u2022 Kulfilter: Beskytter dine vine ved at rense luften [&hellip;]","og_url":"https:\/\/www.caveavin-lechai.fr\/da\/produit\/pro-1320m-2\/","og_site_name":"Le Chai","article_modified_time":"2023-02-07T15:19:48+00:00","og_image":[{"width":401,"height":1024,"url":"https:\/\/www.caveavin-lechai.fr\/wp-content\/uploads\/2021\/10\/80-184-401x1024.png","type":"image\/png"}],"twitter_card":"summary_large_image","schema":{"@context":"https:\/\/schema.org","@graph":[{"@type":"Organization","@id":"https:\/\/www.caveavin-lechai.fr\/da\/#organization","name":"Le Chai","url":"https:\/\/www.caveavin-lechai.fr\/da\/","sameAs":[],"logo":{"@type":"ImageObject","@id":"https:\/\/www.caveavin-lechai.fr\/da\/#logo","inLanguage":"da-DK","url":"https:\/\/www.caveavin-lechai.fr\/wp-content\/uploads\/2020\/09\/favion-lechai.png","contentUrl":"https:\/\/www.caveavin-lechai.fr\/wp-content\/uploads\/2020\/09\/favion-lechai.png","width":127,"height":122,"caption":"Le Chai"},"image":{"@id":"https:\/\/www.caveavin-lechai.fr\/da\/#logo"}},{"@type":"WebSite","@id":"https:\/\/www.caveavin-lechai.fr\/da\/#website","url":"https:\/\/www.caveavin-lechai.fr\/da\/","name":"Le Chai","description":"L\u2019excellence de la cave \u00e0 vin","publisher":{"@id":"https:\/\/www.caveavin-lechai.fr\/da\/#organization"},"potentialAction":[{"@type":"SearchAction","target":{"@type":"EntryPoint","urlTemplate":"https:\/\/www.caveavin-lechai.fr\/da\/?s={search_term_string}"},"query-input":"required name=search_term_string"}],"inLanguage":"da-DK"},{"@type":"ImageObject","@id":"https:\/\/www.caveavin-lechai.fr\/da\/produit\/pro-1320m-2\/#primaryimage","inLanguage":"da-DK","url":"https:\/\/www.caveavin-lechai.fr\/wp-content\/uploads\/2021\/10\/80-184.png","contentUrl":"https:\/\/www.caveavin-lechai.fr\/wp-content\/uploads\/2021\/10\/80-184.png","width":1200,"height":3061},{"@type":"WebPage","@id":"https:\/\/www.caveavin-lechai.fr\/da\/produit\/pro-1320m-2\/#webpage","url":"https:\/\/www.caveavin-lechai.fr\/da\/produit\/pro-1320m-2\/","name":"PRO 1320M | Le Chai","isPartOf":{"@id":"https:\/\/www.caveavin-lechai.fr\/da\/#website"},"primaryImageOfPage":{"@id":"https:\/\/www.caveavin-lechai.fr\/da\/produit\/pro-1320m-2\/#primaryimage"},"datePublished":"2020-08-04T07:16:57+00:00","dateModified":"2023-02-07T15:19:48+00:00","breadcrumb":{"@id":"https:\/\/www.caveavin-lechai.fr\/da\/produit\/pro-1320m-2\/#breadcrumb"},"inLanguage":"da-DK","potentialAction":[{"@type":"ReadAction","target":["https:\/\/www.caveavin-lechai.fr\/da\/produit\/pro-1320m-2\/"]}]},{"@type":"BreadcrumbList","@id":"https:\/\/www.caveavin-lechai.fr\/da\/produit\/pro-1320m-2\/#breadcrumb","itemListElement":[{"@type":"ListItem","position":1,"name":"Bes\u00f8g","item":"https:\/\/www.caveavin-lechai.fr\/da\/"},{"@type":"ListItem","position":2,"name":"Varer","item":"https:\/\/www.caveavin-lechai.fr\/da\/shop\/"},{"@type":"ListItem","position":3,"name":"PRO 1320M"}]}]}},"acf":[],"_links":{"self":[{"href":"https:\/\/www.caveavin-lechai.fr\/da\/wp-json\/wp\/v2\/product\/20155"}],"collection":[{"href":"https:\/\/www.caveavin-lechai.fr\/da\/wp-json\/wp\/v2\/product"}],"about":[{"href":"https:\/\/www.caveavin-lechai.fr\/da\/wp-json\/wp\/v2\/types\/product"}],"wp:featuredmedia":[{"embeddable":true,"href":"https:\/\/www.caveavin-lechai.fr\/da\/wp-json\/wp\/v2\/media\/37172"}],"wp:attachment":[{"href":"https:\/\/www.caveavin-lechai.fr\/da\/wp-json\/wp\/v2\/media?parent=20155"}],"wp:term":[{"taxonomy":"product_cat","embeddable":true,"href":"https:\/\/www.caveavin-lechai.fr\/da\/wp-json\/wp\/v2\/product_cat?post=20155"},{"taxonomy":"product_tag","embeddable":true,"href":"https:\/\/www.caveavin-lechai.fr\/da\/wp-json\/wp\/v2\/product_tag?post=20155"}],"curies":[{"name":"wp","href":"https:\/\/api.w.org\/{rel}","templated":true}]}}