{"id":20057,"date":"2020-06-24T19:26:58","date_gmt":"2020-08-04T07:06:04","guid":{"rendered":"https:\/\/www.caveavin-lechai.fr\/produit\/pro-46e-2\/"},"modified":"2023-02-07T16:17:05","modified_gmt":"2023-02-07T15:17:05","slug":"pro-46e-2","status":"publish","type":"product","link":"https:\/\/www.caveavin-lechai.fr\/da\/produit\/pro-46e-2\/","title":{"rendered":"PRO 46E"},"content":{"rendered":"<p>\u2022 1 zone: Temperatur mellem 5 og 22 \u00b0C afh\u00e6ngigt af den enkelte model, til temperering af flasker, som skal serveres, s\u00e5 vinene har den ideelle drikketemperatur.<br \/>\n\u2022 88 cm, under bordpladen: Minimumsh\u00f8jde under bordpladen til en 78 cm h\u00f8j skabsl\u00e5ge.<br \/>\n\u2022 L\u00e5s: Fremvis og opbevar dine flasker i sikkerhed takket v\u00e6re l\u00e5sen med n\u00f8gle p\u00e5 l\u00e5gen til dit vink\u00f8leskab.<br \/>\n\u2022 Multibelysning: Det er muligt at v\u00e6lge imellem forskellige farver af belysning p\u00e5 denne model afh\u00e6ngigt af indretning og den \u00f8nskede atmosf\u00e6re. Nogle apparater har en funktion, der skifter farve og skaber en festlig stemning.<\/p>\n","protected":false},"excerpt":{"rendered":"<p>\u2022 1 zone: Temperatur mellem 5 og 22 \u00b0C afh\u00e6ngigt af den enkelte model, til temperering af flasker, som skal serveres, s\u00e5 vinene har den ideelle drikketemperatur. \u2022 88 cm, under bordpladen: Minimumsh\u00f8jde under bordpladen til en 78 cm h\u00f8j skabsl\u00e5ge. \u2022 L\u00e5s: Fremvis og opbevar dine flasker i sikkerhed takket v\u00e6re l\u00e5sen med n\u00f8gle [&hellip;]<\/p>\n","protected":false},"featured_media":26811,"template":"","meta":[],"product_cat":[616,617],"product_tag":[],"yoast_head":"<!-- This site is optimized with the Yoast SEO plugin v18.3 - https:\/\/yoast.com\/wordpress\/plugins\/seo\/ -->\n<title>PRO 46E | Le Chai<\/title>\n<meta name=\"robots\" content=\"index, follow, max-snippet:-1, max-image-preview:large, max-video-preview:-1\" \/>\n<link rel=\"canonical\" href=\"https:\/\/www.caveavin-lechai.fr\/da\/produit\/pro-46e-2\/\" \/>\n<meta property=\"og:locale\" content=\"da_DK\" \/>\n<meta property=\"og:type\" content=\"article\" \/>\n<meta property=\"og:title\" content=\"PRO 46E | Le Chai\" \/>\n<meta property=\"og:description\" content=\"\u2022 1 zone: Temperatur mellem 5 og 22 \u00b0C afh\u00e6ngigt af den enkelte model, til temperering af flasker, som skal serveres, s\u00e5 vinene har den ideelle drikketemperatur. \u2022 88 cm, under bordpladen: Minimumsh\u00f8jde under bordpladen til en 78 cm h\u00f8j skabsl\u00e5ge. \u2022 L\u00e5s: Fremvis og opbevar dine flasker i sikkerhed takket v\u00e6re l\u00e5sen med n\u00f8gle [&hellip;]\" \/>\n<meta property=\"og:url\" content=\"https:\/\/www.caveavin-lechai.fr\/da\/produit\/pro-46e-2\/\" \/>\n<meta property=\"og:site_name\" content=\"Le Chai\" \/>\n<meta property=\"article:modified_time\" content=\"2023-02-07T15:17:05+00:00\" \/>\n<meta property=\"og:image\" content=\"https:\/\/www.caveavin-lechai.fr\/wp-content\/uploads\/2020\/09\/80-118.png\" \/>\n\t<meta property=\"og:image:width\" content=\"531\" \/>\n\t<meta property=\"og:image:height\" content=\"710\" \/>\n\t<meta property=\"og:image:type\" content=\"image\/png\" \/>\n<meta name=\"twitter:card\" content=\"summary_large_image\" \/>\n<script type=\"application\/ld+json\" class=\"yoast-schema-graph\">{\"@context\":\"https:\/\/schema.org\",\"@graph\":[{\"@type\":\"Organization\",\"@id\":\"https:\/\/www.caveavin-lechai.fr\/da\/#organization\",\"name\":\"Le Chai\",\"url\":\"https:\/\/www.caveavin-lechai.fr\/da\/\",\"sameAs\":[],\"logo\":{\"@type\":\"ImageObject\",\"@id\":\"https:\/\/www.caveavin-lechai.fr\/da\/#logo\",\"inLanguage\":\"da-DK\",\"url\":\"https:\/\/www.caveavin-lechai.fr\/wp-content\/uploads\/2020\/09\/favion-lechai.png\",\"contentUrl\":\"https:\/\/www.caveavin-lechai.fr\/wp-content\/uploads\/2020\/09\/favion-lechai.png\",\"width\":127,\"height\":122,\"caption\":\"Le Chai\"},\"image\":{\"@id\":\"https:\/\/www.caveavin-lechai.fr\/da\/#logo\"}},{\"@type\":\"WebSite\",\"@id\":\"https:\/\/www.caveavin-lechai.fr\/da\/#website\",\"url\":\"https:\/\/www.caveavin-lechai.fr\/da\/\",\"name\":\"Le Chai\",\"description\":\"L\u2019excellence de la cave \u00e0 vin\",\"publisher\":{\"@id\":\"https:\/\/www.caveavin-lechai.fr\/da\/#organization\"},\"potentialAction\":[{\"@type\":\"SearchAction\",\"target\":{\"@type\":\"EntryPoint\",\"urlTemplate\":\"https:\/\/www.caveavin-lechai.fr\/da\/?s={search_term_string}\"},\"query-input\":\"required name=search_term_string\"}],\"inLanguage\":\"da-DK\"},{\"@type\":\"ImageObject\",\"@id\":\"https:\/\/www.caveavin-lechai.fr\/da\/produit\/pro-46e-2\/#primaryimage\",\"inLanguage\":\"da-DK\",\"url\":\"https:\/\/www.caveavin-lechai.fr\/wp-content\/uploads\/2020\/09\/80-118.png\",\"contentUrl\":\"https:\/\/www.caveavin-lechai.fr\/wp-content\/uploads\/2020\/09\/80-118.png\",\"width\":531,\"height\":710},{\"@type\":\"WebPage\",\"@id\":\"https:\/\/www.caveavin-lechai.fr\/da\/produit\/pro-46e-2\/#webpage\",\"url\":\"https:\/\/www.caveavin-lechai.fr\/da\/produit\/pro-46e-2\/\",\"name\":\"PRO 46E | Le Chai\",\"isPartOf\":{\"@id\":\"https:\/\/www.caveavin-lechai.fr\/da\/#website\"},\"primaryImageOfPage\":{\"@id\":\"https:\/\/www.caveavin-lechai.fr\/da\/produit\/pro-46e-2\/#primaryimage\"},\"datePublished\":\"2020-08-04T07:06:04+00:00\",\"dateModified\":\"2023-02-07T15:17:05+00:00\",\"breadcrumb\":{\"@id\":\"https:\/\/www.caveavin-lechai.fr\/da\/produit\/pro-46e-2\/#breadcrumb\"},\"inLanguage\":\"da-DK\",\"potentialAction\":[{\"@type\":\"ReadAction\",\"target\":[\"https:\/\/www.caveavin-lechai.fr\/da\/produit\/pro-46e-2\/\"]}]},{\"@type\":\"BreadcrumbList\",\"@id\":\"https:\/\/www.caveavin-lechai.fr\/da\/produit\/pro-46e-2\/#breadcrumb\",\"itemListElement\":[{\"@type\":\"ListItem\",\"position\":1,\"name\":\"Bes\u00f8g\",\"item\":\"https:\/\/www.caveavin-lechai.fr\/da\/\"},{\"@type\":\"ListItem\",\"position\":2,\"name\":\"Varer\",\"item\":\"https:\/\/www.caveavin-lechai.fr\/da\/shop\/\"},{\"@type\":\"ListItem\",\"position\":3,\"name\":\"PRO 46E\"}]}]}<\/script>\n<!-- \/ Yoast SEO plugin. -->","yoast_head_json":{"title":"PRO 46E | Le Chai","robots":{"index":"index","follow":"follow","max-snippet":"max-snippet:-1","max-image-preview":"max-image-preview:large","max-video-preview":"max-video-preview:-1"},"canonical":"https:\/\/www.caveavin-lechai.fr\/da\/produit\/pro-46e-2\/","og_locale":"da_DK","og_type":"article","og_title":"PRO 46E | Le Chai","og_description":"\u2022 1 zone: Temperatur mellem 5 og 22 \u00b0C afh\u00e6ngigt af den enkelte model, til temperering af flasker, som skal serveres, s\u00e5 vinene har den ideelle drikketemperatur. \u2022 88 cm, under bordpladen: Minimumsh\u00f8jde under bordpladen til en 78 cm h\u00f8j skabsl\u00e5ge. \u2022 L\u00e5s: Fremvis og opbevar dine flasker i sikkerhed takket v\u00e6re l\u00e5sen med n\u00f8gle [&hellip;]","og_url":"https:\/\/www.caveavin-lechai.fr\/da\/produit\/pro-46e-2\/","og_site_name":"Le Chai","article_modified_time":"2023-02-07T15:17:05+00:00","og_image":[{"width":531,"height":710,"url":"https:\/\/www.caveavin-lechai.fr\/wp-content\/uploads\/2020\/09\/80-118.png","type":"image\/png"}],"twitter_card":"summary_large_image","schema":{"@context":"https:\/\/schema.org","@graph":[{"@type":"Organization","@id":"https:\/\/www.caveavin-lechai.fr\/da\/#organization","name":"Le Chai","url":"https:\/\/www.caveavin-lechai.fr\/da\/","sameAs":[],"logo":{"@type":"ImageObject","@id":"https:\/\/www.caveavin-lechai.fr\/da\/#logo","inLanguage":"da-DK","url":"https:\/\/www.caveavin-lechai.fr\/wp-content\/uploads\/2020\/09\/favion-lechai.png","contentUrl":"https:\/\/www.caveavin-lechai.fr\/wp-content\/uploads\/2020\/09\/favion-lechai.png","width":127,"height":122,"caption":"Le Chai"},"image":{"@id":"https:\/\/www.caveavin-lechai.fr\/da\/#logo"}},{"@type":"WebSite","@id":"https:\/\/www.caveavin-lechai.fr\/da\/#website","url":"https:\/\/www.caveavin-lechai.fr\/da\/","name":"Le Chai","description":"L\u2019excellence de la cave \u00e0 vin","publisher":{"@id":"https:\/\/www.caveavin-lechai.fr\/da\/#organization"},"potentialAction":[{"@type":"SearchAction","target":{"@type":"EntryPoint","urlTemplate":"https:\/\/www.caveavin-lechai.fr\/da\/?s={search_term_string}"},"query-input":"required name=search_term_string"}],"inLanguage":"da-DK"},{"@type":"ImageObject","@id":"https:\/\/www.caveavin-lechai.fr\/da\/produit\/pro-46e-2\/#primaryimage","inLanguage":"da-DK","url":"https:\/\/www.caveavin-lechai.fr\/wp-content\/uploads\/2020\/09\/80-118.png","contentUrl":"https:\/\/www.caveavin-lechai.fr\/wp-content\/uploads\/2020\/09\/80-118.png","width":531,"height":710},{"@type":"WebPage","@id":"https:\/\/www.caveavin-lechai.fr\/da\/produit\/pro-46e-2\/#webpage","url":"https:\/\/www.caveavin-lechai.fr\/da\/produit\/pro-46e-2\/","name":"PRO 46E | Le Chai","isPartOf":{"@id":"https:\/\/www.caveavin-lechai.fr\/da\/#website"},"primaryImageOfPage":{"@id":"https:\/\/www.caveavin-lechai.fr\/da\/produit\/pro-46e-2\/#primaryimage"},"datePublished":"2020-08-04T07:06:04+00:00","dateModified":"2023-02-07T15:17:05+00:00","breadcrumb":{"@id":"https:\/\/www.caveavin-lechai.fr\/da\/produit\/pro-46e-2\/#breadcrumb"},"inLanguage":"da-DK","potentialAction":[{"@type":"ReadAction","target":["https:\/\/www.caveavin-lechai.fr\/da\/produit\/pro-46e-2\/"]}]},{"@type":"BreadcrumbList","@id":"https:\/\/www.caveavin-lechai.fr\/da\/produit\/pro-46e-2\/#breadcrumb","itemListElement":[{"@type":"ListItem","position":1,"name":"Bes\u00f8g","item":"https:\/\/www.caveavin-lechai.fr\/da\/"},{"@type":"ListItem","position":2,"name":"Varer","item":"https:\/\/www.caveavin-lechai.fr\/da\/shop\/"},{"@type":"ListItem","position":3,"name":"PRO 46E"}]}]}},"acf":[],"_links":{"self":[{"href":"https:\/\/www.caveavin-lechai.fr\/da\/wp-json\/wp\/v2\/product\/20057"}],"collection":[{"href":"https:\/\/www.caveavin-lechai.fr\/da\/wp-json\/wp\/v2\/product"}],"about":[{"href":"https:\/\/www.caveavin-lechai.fr\/da\/wp-json\/wp\/v2\/types\/product"}],"wp:featuredmedia":[{"embeddable":true,"href":"https:\/\/www.caveavin-lechai.fr\/da\/wp-json\/wp\/v2\/media\/26811"}],"wp:attachment":[{"href":"https:\/\/www.caveavin-lechai.fr\/da\/wp-json\/wp\/v2\/media?parent=20057"}],"wp:term":[{"taxonomy":"product_cat","embeddable":true,"href":"https:\/\/www.caveavin-lechai.fr\/da\/wp-json\/wp\/v2\/product_cat?post=20057"},{"taxonomy":"product_tag","embeddable":true,"href":"https:\/\/www.caveavin-lechai.fr\/da\/wp-json\/wp\/v2\/product_tag?post=20057"}],"curies":[{"name":"wp","href":"https:\/\/api.w.org\/{rel}","templated":true}]}}