{"id":20018,"date":"2020-06-24T19:25:30","date_gmt":"2020-08-04T07:01:06","guid":{"rendered":"https:\/\/www.caveavin-lechai.fr\/produit\/pro360m-2\/"},"modified":"2023-02-07T17:01:25","modified_gmt":"2023-02-07T16:01:25","slug":"pro360m-2","status":"publish","type":"product","link":"https:\/\/www.caveavin-lechai.fr\/da\/produit\/pro360m-2\/","title":{"rendered":"PRO 360M"},"content":{"rendered":"<p>&#8211; 1 zone : Offre une temp\u00e9rature de service comprise dans une tranche de 5 \u00e0 22 \u00b0C selon le mod\u00e8le pour pr\u00e9parer les bouteilles \u00e0 \u00eatre servies et amener les vins \u00e0 une temp\u00e9rature id\u00e9ale de d\u00e9gustation.  <\/p>\n<p>&#8211; 82 cm sous plan : Hauteur minimum sous plan de travail pour porte de cuisine d&#8217;une hauteur de 72 cm.<\/p>\n<p>&#8211; Serrure : Exposer et garder vos bouteilles en s\u00e9curit\u00e9 \u00e0 l&#8217;aide de la serrure \u00e0 cl\u00e9 se trouvant sur la porte de votre cave. <\/p>\n<p>&#8211; Clayette en Z avec pr\u00e9sentation des \u00e9tiquettes : Choix rapide et ais\u00e9 m\u00eame porte ferm\u00e9e gr\u00e2ce \u00e0 la clayette en Z et son exposition horizontale des bouteilles. Le temps d&#8217;ouverture de la porte sera r\u00e9duit et offrira un meilleur maintien de la temp\u00e9rature \u00e0 l&#8217;int\u00e9rieur de votre cave.<\/p>\n","protected":false},"excerpt":{"rendered":"<p>&#8211; 1 zone : Offre une temp\u00e9rature de service comprise dans une tranche de 5 \u00e0 22 \u00b0C selon le mod\u00e8le pour pr\u00e9parer les bouteilles \u00e0 \u00eatre servies et amener les vins \u00e0 une temp\u00e9rature id\u00e9ale de d\u00e9gustation. &#8211; 82 cm sous plan : Hauteur minimum sous plan de travail pour porte de cuisine d&#8217;une [&hellip;]<\/p>\n","protected":false},"featured_media":43152,"template":"","meta":[],"product_cat":[616,617],"product_tag":[],"yoast_head":"<!-- This site is optimized with the Yoast SEO plugin v18.3 - https:\/\/yoast.com\/wordpress\/plugins\/seo\/ -->\n<title>PRO 360M | Le Chai<\/title>\n<meta name=\"robots\" content=\"index, follow, max-snippet:-1, max-image-preview:large, max-video-preview:-1\" \/>\n<link rel=\"canonical\" href=\"https:\/\/www.caveavin-lechai.fr\/da\/produit\/pro360m-2\/\" \/>\n<meta property=\"og:locale\" content=\"da_DK\" \/>\n<meta property=\"og:type\" content=\"article\" \/>\n<meta property=\"og:title\" content=\"PRO 360M | Le Chai\" \/>\n<meta property=\"og:description\" content=\"&#8211; 1 zone : Offre une temp\u00e9rature de service comprise dans une tranche de 5 \u00e0 22 \u00b0C selon le mod\u00e8le pour pr\u00e9parer les bouteilles \u00e0 \u00eatre servies et amener les vins \u00e0 une temp\u00e9rature id\u00e9ale de d\u00e9gustation. &#8211; 82 cm sous plan : Hauteur minimum sous plan de travail pour porte de cuisine d&#8217;une [&hellip;]\" \/>\n<meta property=\"og:url\" content=\"https:\/\/www.caveavin-lechai.fr\/da\/produit\/pro360m-2\/\" \/>\n<meta property=\"og:site_name\" content=\"Le Chai\" \/>\n<meta property=\"article:modified_time\" content=\"2023-02-07T16:01:25+00:00\" \/>\n<meta property=\"og:image\" content=\"https:\/\/www.caveavin-lechai.fr\/wp-content\/uploads\/2023\/02\/80-98.png\" \/>\n\t<meta property=\"og:image:width\" content=\"1200\" \/>\n\t<meta property=\"og:image:height\" content=\"1369\" \/>\n\t<meta property=\"og:image:type\" content=\"image\/png\" \/>\n<meta name=\"twitter:card\" content=\"summary_large_image\" \/>\n<meta name=\"twitter:label1\" content=\"Est. reading time\" \/>\n\t<meta name=\"twitter:data1\" content=\"1 minute\" \/>\n<script type=\"application\/ld+json\" class=\"yoast-schema-graph\">{\"@context\":\"https:\/\/schema.org\",\"@graph\":[{\"@type\":\"Organization\",\"@id\":\"https:\/\/www.caveavin-lechai.fr\/da\/#organization\",\"name\":\"Le Chai\",\"url\":\"https:\/\/www.caveavin-lechai.fr\/da\/\",\"sameAs\":[],\"logo\":{\"@type\":\"ImageObject\",\"@id\":\"https:\/\/www.caveavin-lechai.fr\/da\/#logo\",\"inLanguage\":\"da-DK\",\"url\":\"https:\/\/www.caveavin-lechai.fr\/wp-content\/uploads\/2020\/09\/favion-lechai.png\",\"contentUrl\":\"https:\/\/www.caveavin-lechai.fr\/wp-content\/uploads\/2020\/09\/favion-lechai.png\",\"width\":127,\"height\":122,\"caption\":\"Le Chai\"},\"image\":{\"@id\":\"https:\/\/www.caveavin-lechai.fr\/da\/#logo\"}},{\"@type\":\"WebSite\",\"@id\":\"https:\/\/www.caveavin-lechai.fr\/da\/#website\",\"url\":\"https:\/\/www.caveavin-lechai.fr\/da\/\",\"name\":\"Le Chai\",\"description\":\"L\u2019excellence de la cave \u00e0 vin\",\"publisher\":{\"@id\":\"https:\/\/www.caveavin-lechai.fr\/da\/#organization\"},\"potentialAction\":[{\"@type\":\"SearchAction\",\"target\":{\"@type\":\"EntryPoint\",\"urlTemplate\":\"https:\/\/www.caveavin-lechai.fr\/da\/?s={search_term_string}\"},\"query-input\":\"required name=search_term_string\"}],\"inLanguage\":\"da-DK\"},{\"@type\":\"ImageObject\",\"@id\":\"https:\/\/www.caveavin-lechai.fr\/da\/produit\/pro360m-2\/#primaryimage\",\"inLanguage\":\"da-DK\",\"url\":\"https:\/\/www.caveavin-lechai.fr\/wp-content\/uploads\/2023\/02\/80-98.png\",\"contentUrl\":\"https:\/\/www.caveavin-lechai.fr\/wp-content\/uploads\/2023\/02\/80-98.png\",\"width\":1200,\"height\":1369},{\"@type\":\"WebPage\",\"@id\":\"https:\/\/www.caveavin-lechai.fr\/da\/produit\/pro360m-2\/#webpage\",\"url\":\"https:\/\/www.caveavin-lechai.fr\/da\/produit\/pro360m-2\/\",\"name\":\"PRO 360M | Le Chai\",\"isPartOf\":{\"@id\":\"https:\/\/www.caveavin-lechai.fr\/da\/#website\"},\"primaryImageOfPage\":{\"@id\":\"https:\/\/www.caveavin-lechai.fr\/da\/produit\/pro360m-2\/#primaryimage\"},\"datePublished\":\"2020-08-04T07:01:06+00:00\",\"dateModified\":\"2023-02-07T16:01:25+00:00\",\"breadcrumb\":{\"@id\":\"https:\/\/www.caveavin-lechai.fr\/da\/produit\/pro360m-2\/#breadcrumb\"},\"inLanguage\":\"da-DK\",\"potentialAction\":[{\"@type\":\"ReadAction\",\"target\":[\"https:\/\/www.caveavin-lechai.fr\/da\/produit\/pro360m-2\/\"]}]},{\"@type\":\"BreadcrumbList\",\"@id\":\"https:\/\/www.caveavin-lechai.fr\/da\/produit\/pro360m-2\/#breadcrumb\",\"itemListElement\":[{\"@type\":\"ListItem\",\"position\":1,\"name\":\"Bes\u00f8g\",\"item\":\"https:\/\/www.caveavin-lechai.fr\/da\/\"},{\"@type\":\"ListItem\",\"position\":2,\"name\":\"Varer\",\"item\":\"https:\/\/www.caveavin-lechai.fr\/da\/shop\/\"},{\"@type\":\"ListItem\",\"position\":3,\"name\":\"PRO 360M\"}]}]}<\/script>\n<!-- \/ Yoast SEO plugin. -->","yoast_head_json":{"title":"PRO 360M | Le Chai","robots":{"index":"index","follow":"follow","max-snippet":"max-snippet:-1","max-image-preview":"max-image-preview:large","max-video-preview":"max-video-preview:-1"},"canonical":"https:\/\/www.caveavin-lechai.fr\/da\/produit\/pro360m-2\/","og_locale":"da_DK","og_type":"article","og_title":"PRO 360M | Le Chai","og_description":"&#8211; 1 zone : Offre une temp\u00e9rature de service comprise dans une tranche de 5 \u00e0 22 \u00b0C selon le mod\u00e8le pour pr\u00e9parer les bouteilles \u00e0 \u00eatre servies et amener les vins \u00e0 une temp\u00e9rature id\u00e9ale de d\u00e9gustation. &#8211; 82 cm sous plan : Hauteur minimum sous plan de travail pour porte de cuisine d&#8217;une [&hellip;]","og_url":"https:\/\/www.caveavin-lechai.fr\/da\/produit\/pro360m-2\/","og_site_name":"Le Chai","article_modified_time":"2023-02-07T16:01:25+00:00","og_image":[{"width":1200,"height":1369,"url":"https:\/\/www.caveavin-lechai.fr\/wp-content\/uploads\/2023\/02\/80-98.png","type":"image\/png"}],"twitter_card":"summary_large_image","twitter_misc":{"Est. reading time":"1 minute"},"schema":{"@context":"https:\/\/schema.org","@graph":[{"@type":"Organization","@id":"https:\/\/www.caveavin-lechai.fr\/da\/#organization","name":"Le Chai","url":"https:\/\/www.caveavin-lechai.fr\/da\/","sameAs":[],"logo":{"@type":"ImageObject","@id":"https:\/\/www.caveavin-lechai.fr\/da\/#logo","inLanguage":"da-DK","url":"https:\/\/www.caveavin-lechai.fr\/wp-content\/uploads\/2020\/09\/favion-lechai.png","contentUrl":"https:\/\/www.caveavin-lechai.fr\/wp-content\/uploads\/2020\/09\/favion-lechai.png","width":127,"height":122,"caption":"Le Chai"},"image":{"@id":"https:\/\/www.caveavin-lechai.fr\/da\/#logo"}},{"@type":"WebSite","@id":"https:\/\/www.caveavin-lechai.fr\/da\/#website","url":"https:\/\/www.caveavin-lechai.fr\/da\/","name":"Le Chai","description":"L\u2019excellence de la cave \u00e0 vin","publisher":{"@id":"https:\/\/www.caveavin-lechai.fr\/da\/#organization"},"potentialAction":[{"@type":"SearchAction","target":{"@type":"EntryPoint","urlTemplate":"https:\/\/www.caveavin-lechai.fr\/da\/?s={search_term_string}"},"query-input":"required name=search_term_string"}],"inLanguage":"da-DK"},{"@type":"ImageObject","@id":"https:\/\/www.caveavin-lechai.fr\/da\/produit\/pro360m-2\/#primaryimage","inLanguage":"da-DK","url":"https:\/\/www.caveavin-lechai.fr\/wp-content\/uploads\/2023\/02\/80-98.png","contentUrl":"https:\/\/www.caveavin-lechai.fr\/wp-content\/uploads\/2023\/02\/80-98.png","width":1200,"height":1369},{"@type":"WebPage","@id":"https:\/\/www.caveavin-lechai.fr\/da\/produit\/pro360m-2\/#webpage","url":"https:\/\/www.caveavin-lechai.fr\/da\/produit\/pro360m-2\/","name":"PRO 360M | Le Chai","isPartOf":{"@id":"https:\/\/www.caveavin-lechai.fr\/da\/#website"},"primaryImageOfPage":{"@id":"https:\/\/www.caveavin-lechai.fr\/da\/produit\/pro360m-2\/#primaryimage"},"datePublished":"2020-08-04T07:01:06+00:00","dateModified":"2023-02-07T16:01:25+00:00","breadcrumb":{"@id":"https:\/\/www.caveavin-lechai.fr\/da\/produit\/pro360m-2\/#breadcrumb"},"inLanguage":"da-DK","potentialAction":[{"@type":"ReadAction","target":["https:\/\/www.caveavin-lechai.fr\/da\/produit\/pro360m-2\/"]}]},{"@type":"BreadcrumbList","@id":"https:\/\/www.caveavin-lechai.fr\/da\/produit\/pro360m-2\/#breadcrumb","itemListElement":[{"@type":"ListItem","position":1,"name":"Bes\u00f8g","item":"https:\/\/www.caveavin-lechai.fr\/da\/"},{"@type":"ListItem","position":2,"name":"Varer","item":"https:\/\/www.caveavin-lechai.fr\/da\/shop\/"},{"@type":"ListItem","position":3,"name":"PRO 360M"}]}]}},"acf":[],"_links":{"self":[{"href":"https:\/\/www.caveavin-lechai.fr\/da\/wp-json\/wp\/v2\/product\/20018"}],"collection":[{"href":"https:\/\/www.caveavin-lechai.fr\/da\/wp-json\/wp\/v2\/product"}],"about":[{"href":"https:\/\/www.caveavin-lechai.fr\/da\/wp-json\/wp\/v2\/types\/product"}],"wp:featuredmedia":[{"embeddable":true,"href":"https:\/\/www.caveavin-lechai.fr\/da\/wp-json\/wp\/v2\/media\/43152"}],"wp:attachment":[{"href":"https:\/\/www.caveavin-lechai.fr\/da\/wp-json\/wp\/v2\/media?parent=20018"}],"wp:term":[{"taxonomy":"product_cat","embeddable":true,"href":"https:\/\/www.caveavin-lechai.fr\/da\/wp-json\/wp\/v2\/product_cat?post=20018"},{"taxonomy":"product_tag","embeddable":true,"href":"https:\/\/www.caveavin-lechai.fr\/da\/wp-json\/wp\/v2\/product_tag?post=20018"}],"curies":[{"name":"wp","href":"https:\/\/api.w.org\/{rel}","templated":true}]}}