{"id":24707,"date":"2020-08-26T09:38:13","date_gmt":"2020-08-26T07:38:13","guid":{"rendered":"https:\/\/www.caveavin-lechai.fr\/juridiske-bemaerkninger\/"},"modified":"2020-08-26T09:38:15","modified_gmt":"2020-08-26T07:38:15","slug":"juridiske-bemaerkninger","status":"publish","type":"page","link":"https:\/\/www.caveavin-lechai.fr\/da\/juridiske-bemaerkninger\/","title":{"rendered":"Juridiske bem\u00e6rkninger"},"content":{"rendered":"\t\t<div data-elementor-type=\"wp-page\" data-elementor-id=\"24707\" class=\"elementor elementor-24707 elementor-9668\" data-elementor-settings=\"[]\">\n\t\t\t\t\t\t<div class=\"elementor-inner\">\n\t\t\t\t\t\t\t<div class=\"elementor-section-wrap\">\n\t\t\t\t\t\t\t<section class=\"elementor-section elementor-top-section elementor-element elementor-element-51706e9 elementor-section-height-min-height elementor-section-items-stretch elementor-section-content-middle elementor-section-boxed elementor-section-height-default\" data-id=\"51706e9\" data-element_type=\"section\" data-settings=\"{&quot;background_background&quot;:&quot;classic&quot;,&quot;background_motion_fx_motion_fx_scrolling&quot;:&quot;yes&quot;,&quot;background_motion_fx_scale_effect&quot;:&quot;yes&quot;,&quot;background_motion_fx_scale_direction&quot;:&quot;in-out-in&quot;,&quot;background_motion_fx_scale_speed&quot;:{&quot;unit&quot;:&quot;px&quot;,&quot;size&quot;:4,&quot;sizes&quot;:[]},&quot;background_motion_fx_scale_range&quot;:{&quot;unit&quot;:&quot;%&quot;,&quot;size&quot;:&quot;&quot;,&quot;sizes&quot;:{&quot;start&quot;:20,&quot;end&quot;:80}},&quot;background_motion_fx_devices&quot;:[&quot;desktop&quot;,&quot;tablet&quot;,&quot;mobile&quot;]}\">\n\t\t\t\t\t\t\t<div class=\"elementor-background-overlay\"><\/div>\n\t\t\t\t\t\t\t<div class=\"elementor-container elementor-column-gap-default\">\n\t\t\t\t\t\t\t<div class=\"elementor-row\">\n\t\t\t\t\t<div class=\"elementor-column elementor-col-100 elementor-top-column elementor-element elementor-element-0ab0032\" data-id=\"0ab0032\" data-element_type=\"column\">\n\t\t\t<div class=\"elementor-column-wrap elementor-element-populated\">\n\t\t\t\t\t\t\t<div class=\"elementor-widget-wrap\">\n\t\t\t\t\t\t<div class=\"elementor-element elementor-element-ab5ab7e elementor-widget elementor-widget-heading\" data-id=\"ab5ab7e\" data-element_type=\"widget\" data-widget_type=\"heading.default\">\n\t\t\t\t<div class=\"elementor-widget-container\">\n\t\t\t<h1 class=\"elementor-heading-title elementor-size-default\">Juridiske bem\u00e6rkninger<\/h1>\t\t<\/div>\n\t\t\t\t<\/div>\n\t\t\t\t\t\t<\/div>\n\t\t\t\t\t<\/div>\n\t\t<\/div>\n\t\t\t\t\t\t\t\t<\/div>\n\t\t\t\t\t<\/div>\n\t\t<\/section>\n\t\t\t\t<section class=\"elementor-section elementor-top-section elementor-element elementor-element-7b89e139 elementor-section-content-middle elementor-section-boxed elementor-section-height-default elementor-section-height-default\" data-id=\"7b89e139\" data-element_type=\"section\">\n\t\t\t\t\t\t<div class=\"elementor-container elementor-column-gap-default\">\n\t\t\t\t\t\t\t<div class=\"elementor-row\">\n\t\t\t\t\t<div class=\"elementor-column elementor-col-100 elementor-top-column elementor-element elementor-element-21cef89\" data-id=\"21cef89\" data-element_type=\"column\">\n\t\t\t<div class=\"elementor-column-wrap elementor-element-populated\">\n\t\t\t\t\t\t\t<div class=\"elementor-widget-wrap\">\n\t\t\t\t\t\t<section class=\"elementor-section elementor-inner-section elementor-element elementor-element-5cb9641b elementor-section-height-min-height elementor-section-boxed elementor-section-height-default\" data-id=\"5cb9641b\" data-element_type=\"section\">\n\t\t\t\t\t\t<div class=\"elementor-container elementor-column-gap-default\">\n\t\t\t\t\t\t\t<div class=\"elementor-row\">\n\t\t\t\t\t<div class=\"elementor-column elementor-col-100 elementor-inner-column elementor-element elementor-element-25cd4489\" data-id=\"25cd4489\" data-element_type=\"column\" data-settings=\"{&quot;background_background&quot;:&quot;classic&quot;}\">\n\t\t\t<div class=\"elementor-column-wrap elementor-element-populated\">\n\t\t\t\t\t\t\t<div class=\"elementor-widget-wrap\">\n\t\t\t\t\t\t<div class=\"elementor-element elementor-element-75cf68e elementor-view-default elementor-position-top elementor-vertical-align-top elementor-widget elementor-widget-icon-box\" data-id=\"75cf68e\" data-element_type=\"widget\" data-widget_type=\"icon-box.default\">\n\t\t\t\t<div class=\"elementor-widget-container\">\n\t\t\t\t\t<div class=\"elementor-icon-box-wrapper\">\n\t\t\t\t\t\t<div class=\"elementor-icon-box-icon\">\n\t\t\t\t<span class=\"elementor-icon elementor-animation-\" >\n\t\t\t\t<i aria-hidden=\"true\" class=\"far fa-building\"><\/i>\t\t\t\t<\/span>\n\t\t\t<\/div>\n\t\t\t\t\t\t<div class=\"elementor-icon-box-content\">\n\t\t\t\t<h3 class=\"elementor-icon-box-title\">\n\t\t\t\t\t<span  >\n\t\t\t\t\t\tVirksomhed\t\t\t\t\t<\/span>\n\t\t\t\t<\/h3>\n\t\t\t\t\t\t\t<\/div>\n\t\t<\/div>\n\t\t\t\t<\/div>\n\t\t\t\t<\/div>\n\t\t\t\t<div class=\"elementor-element elementor-element-51db5d56 elementor-widget-divider--view-line elementor-widget elementor-widget-divider\" data-id=\"51db5d56\" data-element_type=\"widget\" data-widget_type=\"divider.default\">\n\t\t\t\t<div class=\"elementor-widget-container\">\n\t\t\t\t\t<div class=\"elementor-divider\">\n\t\t\t<span class=\"elementor-divider-separator\">\n\t\t\t\t\t\t<\/span>\n\t\t<\/div>\n\t\t\t\t<\/div>\n\t\t\t\t<\/div>\n\t\t\t\t<div class=\"elementor-element elementor-element-5db9f952 elementor-widget elementor-widget-text-editor\" data-id=\"5db9f952\" data-element_type=\"widget\" data-widget_type=\"text-editor.default\">\n\t\t\t\t<div class=\"elementor-widget-container\">\n\t\t\t\t\t\t\t\t<div class=\"elementor-text-editor elementor-clearfix\">\n\t\t\t\t<p style=\"text-align: left;\">SA: SIDEME<br \/>Kapital i euros&nbsp;: 1&nbsp;607&nbsp;850 \u20ac<br \/>Hoveds\u00e6de: 71 RUE PAUL VAILLANT COUTURIER, <br \/>92300 LEVALLOIS-PERRET<br \/>Virksomhedsnummer, registreret i Nanterre: 722&nbsp;005&nbsp;956 00023<br \/>APE&nbsp;: 4643Z<br \/>Europ\u00e6isk momsnummer: FR23722005956<br \/>Mail:&nbsp;<u><a href=\"mailto:contact-lechai@sideme.fr\"><strong>contact-lechai@sideme.fr<\/strong><\/a><\/u><\/p>\n\t\t\t\t\t<\/div>\n\t\t\t\t\t\t<\/div>\n\t\t\t\t<\/div>\n\t\t\t\t\t\t<\/div>\n\t\t\t\t\t<\/div>\n\t\t<\/div>\n\t\t\t\t\t\t\t\t<\/div>\n\t\t\t\t\t<\/div>\n\t\t<\/section>\n\t\t\t\t\t\t<\/div>\n\t\t\t\t\t<\/div>\n\t\t<\/div>\n\t\t\t\t\t\t\t\t<\/div>\n\t\t\t\t\t<\/div>\n\t\t<\/section>\n\t\t\t\t<section class=\"elementor-section elementor-top-section elementor-element elementor-element-6e1e6b7 elementor-section-boxed elementor-section-height-default elementor-section-height-default\" data-id=\"6e1e6b7\" data-element_type=\"section\">\n\t\t\t\t\t\t<div class=\"elementor-container elementor-column-gap-default\">\n\t\t\t\t\t\t\t<div class=\"elementor-row\">\n\t\t\t\t\t<div class=\"elementor-column elementor-col-100 elementor-top-column elementor-element elementor-element-3a58cb9\" data-id=\"3a58cb9\" data-element_type=\"column\">\n\t\t\t<div class=\"elementor-column-wrap elementor-element-populated\">\n\t\t\t\t\t\t\t<div class=\"elementor-widget-wrap\">\n\t\t\t\t\t\t<section class=\"elementor-section elementor-inner-section elementor-element elementor-element-59fa9b5 elementor-section-boxed elementor-section-height-default elementor-section-height-default\" data-id=\"59fa9b5\" data-element_type=\"section\">\n\t\t\t\t\t\t<div class=\"elementor-container elementor-column-gap-default\">\n\t\t\t\t\t\t\t<div class=\"elementor-row\">\n\t\t\t\t\t<div class=\"elementor-column elementor-col-100 elementor-inner-column elementor-element elementor-element-4850a7b\" data-id=\"4850a7b\" data-element_type=\"column\" data-settings=\"{&quot;background_background&quot;:&quot;classic&quot;}\">\n\t\t\t<div class=\"elementor-column-wrap elementor-element-populated\">\n\t\t\t\t\t\t\t<div class=\"elementor-widget-wrap\">\n\t\t\t\t\t\t<div class=\"elementor-element elementor-element-b49a481 elementor-widget elementor-widget-text-editor\" data-id=\"b49a481\" data-element_type=\"widget\" data-widget_type=\"text-editor.default\">\n\t\t\t\t<div class=\"elementor-widget-container\">\n\t\t\t\t\t\t\t\t<div class=\"elementor-text-editor elementor-clearfix\">\n\t\t\t\t<p>Nedenunder finder du vores politik i henhold til behandling af persondata. Vi opfordrer dig til at l\u00e6se den. N\u00e5r du bes\u00f8ger denne hjemmeside, accepterer du de forhold, vi beskriver nedenfor og accepterer efterf\u00f8lgende vilk\u00e5r og betingelser. Tak for dit bes\u00f8g p\u00e5 hjemmesiden <a href=\"http:\/\/www.caveavin-lechai.fr\">www.caveavin-lechai.fr<\/a><br \/>\u200b<br \/>Tak for dit bes\u00f8g p\u00e5 hjemmesiden <a href=\"http:\/\/www.caveavin-lechai.fr\">www.caveavin-lechai.fr<\/a><\/p>\n<h3>1 &#8211; PERSONDATA<\/h3>\n<p>Du kan bes\u00f8ge st\u00f8rstedelen af vores hjemmeside uden at oplyse persondata. En undtagelse er dog kontaktformularen. Her bedes du oplyse navn, adresse, telefonnummer og email-adresse. Derudover, kan de valg du tager, n\u00e5r du bes\u00f8ger vores hjemmeside give os informationer om dine interesseomr\u00e5der og andre omr\u00e5der, du viser opm\u00e6rksomhed.<\/p>\n<p>Hvis du \u00f8nsker at opdatere, rette eller slette disse informationer, bedes du skrive til:<br \/>SIDEME S.A.<br \/>71 RUE PAUL VAILLANT COUTURIER,<br \/>92300 LEVALLOIS-PERRET<\/p>\n<p>Vi minder om, at forordning nr. 95\/46\/CE af 24\/10\/95 i henhold til beskyttelse af persondata og den fri bev\u00e6gelse af disse data er g\u00e6ldende. I Frankrig g\u00e6lder loven \u00bbInformatique et Libert\u00e9s\u00ab af 06\/01\/78, som h\u00e5ndh\u00e6ves af Commission Nationale de l\u2019Informatique, og som indeholder en r\u00e6kke principper vedr\u00f8rende adgangsrettigheder, ret til \u00e6ndring og ret til sletning. For yderligere information herom bedes du bes\u00f8ge omtalte myndigheders hjemmesider.<\/p>\n<h3>2 &#8211; STATISTISKE DATA<\/h3>\n<p>Vores hjemmeside er opbygget med fokus p\u00e5 de bes\u00f8gendes behov. Vi kan anvende cookies for at forbedre indhold, browsing og udtr\u00e6kke statistiske data over bes\u00f8g (antal bes\u00f8g, bes\u00f8gte sider, browsertype &#8230;). Hvad er en cookie?<br \/>Cookies er digitale tekstfiler, som din internetbrowser placerer p\u00e5 din computer, n\u00e5r du bes\u00f8ger en hjemmeside. De fleste browsere accepterer automatisk cookies, men kan indstilles til at blokere dem eller g\u00f8re opm\u00e6rksom p\u00e5 dem. Hvad er nyttigheden af en cookie?<\/p>\n<p>Cookies har 3 funktioner:<br \/>&#8211; Vedligeholdelse af en applikation, hvilket betyder, at du hver gang du kommer tilbage til en hjemmeside, begynder, der hvor du sluttede sidste gang.<br \/>&#8211; Den f\u00f8lger din vej p\u00e5 en hjemmeside. Cookien registrerer din vej p\u00e5 hjemmesiden eller de sider, du bes\u00f8ger oftest. Det giver os mulighed for at optimere hjemmesiden i henhold til de bes\u00f8gendes interesser.<br \/>&#8211; Genkendelse af persondata, som du tidligere har indtastet p\u00e5 hjemmesiden.<\/p>\n<p>Skal man slette cookies, og hvordan g\u00f8r man?<br \/>Det bestemmer du selv. Hvis du synes, at cookies er en indtr\u00e6ngen i dit privatliv, s\u00e5 slet dem. Vi anbefaler det dog ikke.<br \/>Det vil g\u00f8re det sv\u00e6rere for dig at f\u00e5 adgang til nyttige og brugertilpassede informationer, n\u00e6ste gang du bes\u00f8ger hjemmesiden.<\/p>\n<p>Du kan slette cookies p\u00e5 f\u00f8lgende m\u00e5de:<br \/>G\u00e5 ind i din cookies-mappe, der som regel hedder \u00bbccokies\u00ab p\u00e5 din harddisk (c:\\windows\\cookies for eksempel), v\u00e6lg og slet dem som enhver anden fil.<\/p>\n<h3>3 &#8211; ANSVAR &#8211; OPHAVSRET &#8211; COPYRIGHT<\/h3>\n<p>Hjemmesiden <a href=\"http:\/\/www.caveavin-lechai.fr\">www.caveavin-lechai.fr<\/a> ejes af virksomheden SIDEME.<br \/>LE CHAI er et patenteret m\u00e6rke.<\/p>\n<p><strong>Ansvar:<\/strong><br \/>Virksomheden SIDEME har deltaget i oprettelsen af denne hjemmeside, men kan ikke holdes ansvarlig for eventuelle skader, omkostninger, tab, direkte, tilf\u00e6ldige eller indirekte eller af en hvilken som helst anden grund efter din adgang til og brug af denne hjemmeside. Virksomheden SIDEME er ikke ansvarlig for skade eller virus p\u00e5 din computer eller andre digitale enheder efter brug af eller adgang til hjemmesiden eller downloads fra hjemmesiden. SIDEME garanterer ikke n\u00f8jagtigheden af dokumenterne p\u00e5 denne hjemmeside, eller at de er passende til et bestemt form\u00e5l. Denne hjemmeside er opdateret den 11\/09\/2015 i henhold til fakta og situationer p\u00e5 tidspunktet for opdateringen.<\/p>\n<p><strong>Ophavsret:<\/strong><br \/>Alle tekster, kommentarer, dokumenter, illustrationer og billeder p\u00e5 denne hjemmeside ejes udelukkende af SIDEME eller anvendes med tilladelse fra ophavspersonen, eller er hentet fra billedbanker uden ophavsrettigheder, og er underlagt ophavsret samt intellektuel ophavsret i hele verden. Gengivelse heraf til personlig brug er tilladt, men enhver form for \u00e6ndring, videreforsendelse, udgivning eller ikke forh\u00e5ndsgodkendt tilladt l\u00e5n er forbudt. Dokumenter p\u00e5 denne hjemmeside m\u00e5 ikke s\u00e6lges eller forhandles med et kommercielt form\u00e5l.<\/p>\n<p>Opbygning, grafik, tekst, generelle salgsbetingelser og organisation af hjemmesiden er originale v\u00e6rker tilh\u00f8rende SIDEME. Alle former for reproduktion, plagiat, hel eller delvis, uden samtykke fra ophavspersonen eller andre personer med rettigheder hertil er forbudt. Det samme g\u00e6lder overs\u00e6ttelse, tilpasning eller en hvilken som helst form for \u00e6ndring (lov nr. 57298 af 11. marts 1957). Alle redskaber eller dele med titlen LE CHAI tilh\u00f8rer SIDEME og m\u00e5 under ingen omst\u00e6ndigheder bruges udenfor kontekst, \u00e6ndres, arrangeres eller laves om med risiko for forf\u00f8lgelse.<\/p>\n<p><strong>Loven om digitalisering og frihed nr. 7817 af 6. januar 1978:<\/strong><br \/>Alle informationer p\u00e5 denne hjemmeside, enten vedr\u00f8rende kunder og forhandlere eller indsamlet vedr\u00f8rende bes\u00f8gende i forbindelse med en henvendelse for information kan \u00e6ndres eller slettes ved kontakt til contact-lechai@sideme.fr. Det bedes bem\u00e6rket, at der ikke installeres cookies p\u00e5 bes\u00f8gendes computer.<\/p>\n<h3>4 &#8211; OBLIGATORISKE BEM\u00c6RKNINGER<\/h3>\n<p>SA: SIDEME<br \/>Kapital i euros: 1.607.850 \u20ac<br \/>Hoveds\u00e6de: 71 RUE PAUL VAILLANT COUTURIER, 92300 LEVALLOIS-PERRET<br \/>Virksomhedsnummer, registreret i Nanterre: 722 005 956 00023<br \/>APE: 4643Z<br \/>Europ\u00e6isk momsnummer: FR23722005956<br \/>Mail:<a href=\"mailto:contact-lechai@sideme.fr\">contact-lechai@sideme.fr<\/a><\/p>\n<p>Denne hjemmeside administreres og hostes af: CST MagicOnline<\/p>\n<p>Erkl\u00e6ring:<br \/>I henhold til lov 78-17 af 06\/01\/1978 om digitale systemer, filer og frihed, har SIDEMEs kunder ret til adgang og \u00e6ndring af disse persondata samt at mods\u00e6tte sig disse. Disse rettigheder kan ud\u00f8ves ved henvendelse til:<\/p>\n<p>SIDEME S.A.<br \/>71 RUE PAUL VAILLANT COUTURIER, 92300 LEVALLOIS-PERRET<\/p>\n<p>Denne hjemmeside er ikke registreret ved CNIL. Hjemmesiden caveavin-lechai.fr registrerer ingen af den bes\u00f8gendes persondata.<\/p>\n<p>Reklamationer, klager:<br \/>I henhold til loven af 21. juni 2004 om tillid og digitalisering, kan du sende en reklamation eller en klage vedr\u00f8rende udgivelse p\u00e5 nettet. Reklamationer skal sendes til hoveds\u00e6det p\u00e5 ovenn\u00e6vnte adresse, som videresender den til juridisk afdeling.<\/p>\n<h3>5 &#8211; SAMTYKKE<\/h3>\n<p>N\u00e5r du bruger vores hjemmeside, accepterer du, at vi indsamler og bruger informationer i henhold til n\u00e6rv\u00e6rende fortrolighedspolitik. Denne fortrolighedspolitik kan \u00e6ndres af os. Hvis vi \u00e6ndrer n\u00e6rv\u00e6rende fortrolighedspolitik, fremh\u00e6ver vi \u00e6ndringerne p\u00e5 denne side, s\u00e5 du straks er bekendt med hvilke informationer, vi indsamler samt hvordan vi bruger dem og under hvilke vilk\u00e5r, vi deler dem. \u00c6ndringer i n\u00e6rv\u00e6rende fortrolighedspolitik vedr\u00f8rer ikke de informationer, som er angivet f\u00f8r \u00e6ndringen.<\/p>\n<h3>6 &#8211; KREDIT<\/h3>\n<p>Denne hjemmeside er skabt af Double Impact.<br \/><u><a class=\"blanc_small_justifi\u00e902\" href=\"http:\/\/www.doubleimpact.fr\/\" target=\"_blank\" rel=\"noopener\"><strong>www.doubleimpact.fr<\/strong><\/a><\/u><br \/>Telefonnummer&nbsp;: 04 37 64 25 25<\/p>\n\t\t\t\t\t<\/div>\n\t\t\t\t\t\t<\/div>\n\t\t\t\t<\/div>\n\t\t\t\t\t\t<\/div>\n\t\t\t\t\t<\/div>\n\t\t<\/div>\n\t\t\t\t\t\t\t\t<\/div>\n\t\t\t\t\t<\/div>\n\t\t<\/section>\n\t\t\t\t\t\t<\/div>\n\t\t\t\t\t<\/div>\n\t\t<\/div>\n\t\t\t\t\t\t\t\t<\/div>\n\t\t\t\t\t<\/div>\n\t\t<\/section>\n\t\t\t\t\t\t<\/div>\n\t\t\t\t\t\t<\/div>\n\t\t\t\t\t<\/div>\n\t\t","protected":false},"excerpt":{"rendered":"<p>Virksomhed SA: SIDEMEKapital i euros&nbsp;: 1&nbsp;607&nbsp;850 \u20acHoveds\u00e6de: 71 RUE PAUL VAILLANT COUTURIER, 92300 LEVALLOIS-PERRETVirksomhedsnummer, registreret i Nanterre: 722&nbsp;005&nbsp;956 00023APE&nbsp;: 4643ZEurop\u00e6isk momsnummer: FR23722005956Mail:&nbsp;contact-lechai@sideme.fr Nedenunder finder du vores politik i henhold til behandling af persondata. Vi opfordrer dig til at l\u00e6se den. N\u00e5r du bes\u00f8ger denne hjemmeside, accepterer du de forhold, vi beskriver nedenfor og accepterer efterf\u00f8lgende [&hellip;]<\/p>\n","protected":false},"author":1,"featured_media":24379,"parent":0,"menu_order":0,"comment_status":"closed","ping_status":"closed","template":"","meta":[],"yoast_head":"<!-- This site is optimized with the Yoast SEO plugin v18.3 - https:\/\/yoast.com\/wordpress\/plugins\/seo\/ -->\n<title>Juridiske bem\u00e6rkninger | Le Chai<\/title>\n<meta name=\"robots\" content=\"index, follow, max-snippet:-1, max-image-preview:large, max-video-preview:-1\" \/>\n<link rel=\"canonical\" href=\"https:\/\/www.caveavin-lechai.fr\/da\/juridiske-bemaerkninger\/\" \/>\n<meta property=\"og:locale\" content=\"da_DK\" \/>\n<meta property=\"og:type\" content=\"article\" \/>\n<meta property=\"og:title\" content=\"Juridiske bem\u00e6rkninger | Le Chai\" \/>\n<meta property=\"og:description\" content=\"Virksomhed SA: SIDEMEKapital i euros&nbsp;: 1&nbsp;607&nbsp;850 \u20acHoveds\u00e6de: 71 RUE PAUL VAILLANT COUTURIER, 92300 LEVALLOIS-PERRETVirksomhedsnummer, registreret i Nanterre: 722&nbsp;005&nbsp;956 00023APE&nbsp;: 4643ZEurop\u00e6isk momsnummer: FR23722005956Mail:&nbsp;contact-lechai@sideme.fr Nedenunder finder du vores politik i henhold til behandling af persondata. Vi opfordrer dig til at l\u00e6se den. N\u00e5r du bes\u00f8ger denne hjemmeside, accepterer du de forhold, vi beskriver nedenfor og accepterer efterf\u00f8lgende [&hellip;]\" \/>\n<meta property=\"og:url\" content=\"https:\/\/www.caveavin-lechai.fr\/da\/juridiske-bemaerkninger\/\" \/>\n<meta property=\"og:site_name\" content=\"Le Chai\" \/>\n<meta property=\"article:modified_time\" content=\"2020-08-26T07:38:15+00:00\" \/>\n<meta property=\"og:image\" content=\"https:\/\/www.caveavin-lechai.fr\/wp-content\/uploads\/2020\/06\/80-2094.png\" \/>\n\t<meta property=\"og:image:width\" content=\"1200\" \/>\n\t<meta property=\"og:image:height\" content=\"800\" \/>\n\t<meta property=\"og:image:type\" content=\"image\/png\" \/>\n<meta name=\"twitter:card\" content=\"summary_large_image\" \/>\n<meta name=\"twitter:label1\" content=\"Est. reading time\" \/>\n\t<meta name=\"twitter:data1\" content=\"5 minutes\" \/>\n<script type=\"application\/ld+json\" class=\"yoast-schema-graph\">{\"@context\":\"https:\/\/schema.org\",\"@graph\":[{\"@type\":\"Organization\",\"@id\":\"https:\/\/www.caveavin-lechai.fr\/da\/#organization\",\"name\":\"Le Chai\",\"url\":\"https:\/\/www.caveavin-lechai.fr\/da\/\",\"sameAs\":[],\"logo\":{\"@type\":\"ImageObject\",\"@id\":\"https:\/\/www.caveavin-lechai.fr\/da\/#logo\",\"inLanguage\":\"da-DK\",\"url\":\"https:\/\/www.caveavin-lechai.fr\/wp-content\/uploads\/2020\/09\/favion-lechai.png\",\"contentUrl\":\"https:\/\/www.caveavin-lechai.fr\/wp-content\/uploads\/2020\/09\/favion-lechai.png\",\"width\":127,\"height\":122,\"caption\":\"Le Chai\"},\"image\":{\"@id\":\"https:\/\/www.caveavin-lechai.fr\/da\/#logo\"}},{\"@type\":\"WebSite\",\"@id\":\"https:\/\/www.caveavin-lechai.fr\/da\/#website\",\"url\":\"https:\/\/www.caveavin-lechai.fr\/da\/\",\"name\":\"Le Chai\",\"description\":\"L\u2019excellence de la cave \u00e0 vin\",\"publisher\":{\"@id\":\"https:\/\/www.caveavin-lechai.fr\/da\/#organization\"},\"potentialAction\":[{\"@type\":\"SearchAction\",\"target\":{\"@type\":\"EntryPoint\",\"urlTemplate\":\"https:\/\/www.caveavin-lechai.fr\/da\/?s={search_term_string}\"},\"query-input\":\"required name=search_term_string\"}],\"inLanguage\":\"da-DK\"},{\"@type\":\"ImageObject\",\"@id\":\"https:\/\/www.caveavin-lechai.fr\/da\/juridiske-bemaerkninger\/#primaryimage\",\"inLanguage\":\"da-DK\",\"url\":\"https:\/\/www.caveavin-lechai.fr\/wp-content\/uploads\/2020\/06\/80-2094.png\",\"contentUrl\":\"https:\/\/www.caveavin-lechai.fr\/wp-content\/uploads\/2020\/06\/80-2094.png\",\"width\":1200,\"height\":800},{\"@type\":\"WebPage\",\"@id\":\"https:\/\/www.caveavin-lechai.fr\/da\/juridiske-bemaerkninger\/#webpage\",\"url\":\"https:\/\/www.caveavin-lechai.fr\/da\/juridiske-bemaerkninger\/\",\"name\":\"Juridiske bem\u00e6rkninger | Le Chai\",\"isPartOf\":{\"@id\":\"https:\/\/www.caveavin-lechai.fr\/da\/#website\"},\"primaryImageOfPage\":{\"@id\":\"https:\/\/www.caveavin-lechai.fr\/da\/juridiske-bemaerkninger\/#primaryimage\"},\"datePublished\":\"2020-08-26T07:38:13+00:00\",\"dateModified\":\"2020-08-26T07:38:15+00:00\",\"breadcrumb\":{\"@id\":\"https:\/\/www.caveavin-lechai.fr\/da\/juridiske-bemaerkninger\/#breadcrumb\"},\"inLanguage\":\"da-DK\",\"potentialAction\":[{\"@type\":\"ReadAction\",\"target\":[\"https:\/\/www.caveavin-lechai.fr\/da\/juridiske-bemaerkninger\/\"]}]},{\"@type\":\"BreadcrumbList\",\"@id\":\"https:\/\/www.caveavin-lechai.fr\/da\/juridiske-bemaerkninger\/#breadcrumb\",\"itemListElement\":[{\"@type\":\"ListItem\",\"position\":1,\"name\":\"Bes\u00f8g\",\"item\":\"https:\/\/www.caveavin-lechai.fr\/da\/\"},{\"@type\":\"ListItem\",\"position\":2,\"name\":\"Juridiske bem\u00e6rkninger\"}]}]}<\/script>\n<!-- \/ Yoast SEO plugin. -->","yoast_head_json":{"title":"Juridiske bem\u00e6rkninger | Le Chai","robots":{"index":"index","follow":"follow","max-snippet":"max-snippet:-1","max-image-preview":"max-image-preview:large","max-video-preview":"max-video-preview:-1"},"canonical":"https:\/\/www.caveavin-lechai.fr\/da\/juridiske-bemaerkninger\/","og_locale":"da_DK","og_type":"article","og_title":"Juridiske bem\u00e6rkninger | Le Chai","og_description":"Virksomhed SA: SIDEMEKapital i euros&nbsp;: 1&nbsp;607&nbsp;850 \u20acHoveds\u00e6de: 71 RUE PAUL VAILLANT COUTURIER, 92300 LEVALLOIS-PERRETVirksomhedsnummer, registreret i Nanterre: 722&nbsp;005&nbsp;956 00023APE&nbsp;: 4643ZEurop\u00e6isk momsnummer: FR23722005956Mail:&nbsp;contact-lechai@sideme.fr Nedenunder finder du vores politik i henhold til behandling af persondata. Vi opfordrer dig til at l\u00e6se den. N\u00e5r du bes\u00f8ger denne hjemmeside, accepterer du de forhold, vi beskriver nedenfor og accepterer efterf\u00f8lgende [&hellip;]","og_url":"https:\/\/www.caveavin-lechai.fr\/da\/juridiske-bemaerkninger\/","og_site_name":"Le Chai","article_modified_time":"2020-08-26T07:38:15+00:00","og_image":[{"width":1200,"height":800,"url":"https:\/\/www.caveavin-lechai.fr\/wp-content\/uploads\/2020\/06\/80-2094.png","type":"image\/png"}],"twitter_card":"summary_large_image","twitter_misc":{"Est. reading time":"5 minutes"},"schema":{"@context":"https:\/\/schema.org","@graph":[{"@type":"Organization","@id":"https:\/\/www.caveavin-lechai.fr\/da\/#organization","name":"Le Chai","url":"https:\/\/www.caveavin-lechai.fr\/da\/","sameAs":[],"logo":{"@type":"ImageObject","@id":"https:\/\/www.caveavin-lechai.fr\/da\/#logo","inLanguage":"da-DK","url":"https:\/\/www.caveavin-lechai.fr\/wp-content\/uploads\/2020\/09\/favion-lechai.png","contentUrl":"https:\/\/www.caveavin-lechai.fr\/wp-content\/uploads\/2020\/09\/favion-lechai.png","width":127,"height":122,"caption":"Le Chai"},"image":{"@id":"https:\/\/www.caveavin-lechai.fr\/da\/#logo"}},{"@type":"WebSite","@id":"https:\/\/www.caveavin-lechai.fr\/da\/#website","url":"https:\/\/www.caveavin-lechai.fr\/da\/","name":"Le Chai","description":"L\u2019excellence de la cave \u00e0 vin","publisher":{"@id":"https:\/\/www.caveavin-lechai.fr\/da\/#organization"},"potentialAction":[{"@type":"SearchAction","target":{"@type":"EntryPoint","urlTemplate":"https:\/\/www.caveavin-lechai.fr\/da\/?s={search_term_string}"},"query-input":"required name=search_term_string"}],"inLanguage":"da-DK"},{"@type":"ImageObject","@id":"https:\/\/www.caveavin-lechai.fr\/da\/juridiske-bemaerkninger\/#primaryimage","inLanguage":"da-DK","url":"https:\/\/www.caveavin-lechai.fr\/wp-content\/uploads\/2020\/06\/80-2094.png","contentUrl":"https:\/\/www.caveavin-lechai.fr\/wp-content\/uploads\/2020\/06\/80-2094.png","width":1200,"height":800},{"@type":"WebPage","@id":"https:\/\/www.caveavin-lechai.fr\/da\/juridiske-bemaerkninger\/#webpage","url":"https:\/\/www.caveavin-lechai.fr\/da\/juridiske-bemaerkninger\/","name":"Juridiske bem\u00e6rkninger | Le Chai","isPartOf":{"@id":"https:\/\/www.caveavin-lechai.fr\/da\/#website"},"primaryImageOfPage":{"@id":"https:\/\/www.caveavin-lechai.fr\/da\/juridiske-bemaerkninger\/#primaryimage"},"datePublished":"2020-08-26T07:38:13+00:00","dateModified":"2020-08-26T07:38:15+00:00","breadcrumb":{"@id":"https:\/\/www.caveavin-lechai.fr\/da\/juridiske-bemaerkninger\/#breadcrumb"},"inLanguage":"da-DK","potentialAction":[{"@type":"ReadAction","target":["https:\/\/www.caveavin-lechai.fr\/da\/juridiske-bemaerkninger\/"]}]},{"@type":"BreadcrumbList","@id":"https:\/\/www.caveavin-lechai.fr\/da\/juridiske-bemaerkninger\/#breadcrumb","itemListElement":[{"@type":"ListItem","position":1,"name":"Bes\u00f8g","item":"https:\/\/www.caveavin-lechai.fr\/da\/"},{"@type":"ListItem","position":2,"name":"Juridiske bem\u00e6rkninger"}]}]}},"acf":[],"_links":{"self":[{"href":"https:\/\/www.caveavin-lechai.fr\/da\/wp-json\/wp\/v2\/pages\/24707"}],"collection":[{"href":"https:\/\/www.caveavin-lechai.fr\/da\/wp-json\/wp\/v2\/pages"}],"about":[{"href":"https:\/\/www.caveavin-lechai.fr\/da\/wp-json\/wp\/v2\/types\/page"}],"author":[{"embeddable":true,"href":"https:\/\/www.caveavin-lechai.fr\/da\/wp-json\/wp\/v2\/users\/1"}],"replies":[{"embeddable":true,"href":"https:\/\/www.caveavin-lechai.fr\/da\/wp-json\/wp\/v2\/comments?post=24707"}],"version-history":[{"count":0,"href":"https:\/\/www.caveavin-lechai.fr\/da\/wp-json\/wp\/v2\/pages\/24707\/revisions"}],"wp:featuredmedia":[{"embeddable":true,"href":"https:\/\/www.caveavin-lechai.fr\/da\/wp-json\/wp\/v2\/media\/24379"}],"wp:attachment":[{"href":"https:\/\/www.caveavin-lechai.fr\/da\/wp-json\/wp\/v2\/media?parent=24707"}],"curies":[{"name":"wp","href":"https:\/\/api.w.org\/{rel}","templated":true}]}}