{"id":24652,"date":"2020-08-26T09:33:05","date_gmt":"2020-08-26T07:33:05","guid":{"rendered":"https:\/\/www.caveavin-lechai.fr\/raad\/"},"modified":"2020-08-26T09:33:24","modified_gmt":"2020-08-26T07:33:24","slug":"raad","status":"publish","type":"page","link":"https:\/\/www.caveavin-lechai.fr\/da\/raad\/","title":{"rendered":"R\u00e5d"},"content":{"rendered":"\t\t<div data-elementor-type=\"wp-page\" data-elementor-id=\"24652\" class=\"elementor elementor-24652 elementor-8750\" data-elementor-settings=\"[]\">\n\t\t\t\t\t\t<div class=\"elementor-inner\">\n\t\t\t\t\t\t\t<div class=\"elementor-section-wrap\">\n\t\t\t\t\t\t\t<section class=\"elementor-section elementor-top-section elementor-element elementor-element-e6e3606 elementor-section-height-min-height elementor-section-items-stretch elementor-section-content-middle elementor-section-boxed elementor-section-height-default\" data-id=\"e6e3606\" data-element_type=\"section\" data-settings=\"{&quot;background_background&quot;:&quot;classic&quot;,&quot;background_motion_fx_motion_fx_scrolling&quot;:&quot;yes&quot;,&quot;background_motion_fx_scale_effect&quot;:&quot;yes&quot;,&quot;background_motion_fx_scale_direction&quot;:&quot;in-out-in&quot;,&quot;background_motion_fx_scale_speed&quot;:{&quot;unit&quot;:&quot;px&quot;,&quot;size&quot;:4,&quot;sizes&quot;:[]},&quot;background_motion_fx_scale_range&quot;:{&quot;unit&quot;:&quot;%&quot;,&quot;size&quot;:&quot;&quot;,&quot;sizes&quot;:{&quot;start&quot;:20,&quot;end&quot;:80}},&quot;background_motion_fx_devices&quot;:[&quot;desktop&quot;,&quot;tablet&quot;,&quot;mobile&quot;]}\">\n\t\t\t\t\t\t\t<div class=\"elementor-background-overlay\"><\/div>\n\t\t\t\t\t\t\t<div class=\"elementor-container elementor-column-gap-default\">\n\t\t\t\t\t\t\t<div class=\"elementor-row\">\n\t\t\t\t\t<div class=\"elementor-column elementor-col-100 elementor-top-column elementor-element elementor-element-e3ea083\" data-id=\"e3ea083\" data-element_type=\"column\">\n\t\t\t<div class=\"elementor-column-wrap elementor-element-populated\">\n\t\t\t\t\t\t\t<div class=\"elementor-widget-wrap\">\n\t\t\t\t\t\t<div class=\"elementor-element elementor-element-fd3735f elementor-widget elementor-widget-heading\" data-id=\"fd3735f\" data-element_type=\"widget\" data-widget_type=\"heading.default\">\n\t\t\t\t<div class=\"elementor-widget-container\">\n\t\t\t<h1 class=\"elementor-heading-title elementor-size-default\">Vores r\u00e5d<\/h1>\t\t<\/div>\n\t\t\t\t<\/div>\n\t\t\t\t\t\t<\/div>\n\t\t\t\t\t<\/div>\n\t\t<\/div>\n\t\t\t\t\t\t\t\t<\/div>\n\t\t\t\t\t<\/div>\n\t\t<\/section>\n\t\t\t\t<section class=\"elementor-section elementor-top-section elementor-element elementor-element-9fa9af0 elementor-section-boxed elementor-section-height-default elementor-section-height-default\" data-id=\"9fa9af0\" data-element_type=\"section\">\n\t\t\t\t\t\t<div class=\"elementor-container elementor-column-gap-default\">\n\t\t\t\t\t\t\t<div class=\"elementor-row\">\n\t\t\t\t\t<div class=\"elementor-column elementor-col-100 elementor-top-column elementor-element elementor-element-a6a616b\" data-id=\"a6a616b\" data-element_type=\"column\">\n\t\t\t<div class=\"elementor-column-wrap elementor-element-populated\">\n\t\t\t\t\t\t\t<div class=\"elementor-widget-wrap\">\n\t\t\t\t\t\t<div class=\"elementor-element elementor-element-02cff42 elementor-widget elementor-widget-spacer\" data-id=\"02cff42\" data-element_type=\"widget\" data-widget_type=\"spacer.default\">\n\t\t\t\t<div class=\"elementor-widget-container\">\n\t\t\t\t\t<div class=\"elementor-spacer\">\n\t\t\t<div class=\"elementor-spacer-inner\"><\/div>\n\t\t<\/div>\n\t\t\t\t<\/div>\n\t\t\t\t<\/div>\n\t\t\t\t<div class=\"elementor-element elementor-element-c9bee19 elementor-grid-3 elementor-grid-tablet-2 elementor-grid-mobile-1 elementor-posts--thumbnail-top elementor-card-shadow-yes elementor-posts__hover-gradient elementor-widget elementor-widget-posts\" data-id=\"c9bee19\" data-element_type=\"widget\" data-settings=\"{&quot;cards_columns&quot;:&quot;3&quot;,&quot;cards_columns_tablet&quot;:&quot;2&quot;,&quot;cards_columns_mobile&quot;:&quot;1&quot;,&quot;cards_row_gap&quot;:{&quot;unit&quot;:&quot;px&quot;,&quot;size&quot;:35,&quot;sizes&quot;:[]},&quot;cards_row_gap_tablet&quot;:{&quot;unit&quot;:&quot;px&quot;,&quot;size&quot;:&quot;&quot;,&quot;sizes&quot;:[]},&quot;cards_row_gap_mobile&quot;:{&quot;unit&quot;:&quot;px&quot;,&quot;size&quot;:&quot;&quot;,&quot;sizes&quot;:[]}}\" data-widget_type=\"posts.cards\">\n\t\t\t\t<div class=\"elementor-widget-container\">\n\t\t\t\t\t<div class=\"elementor-posts-container elementor-posts elementor-posts--skin-cards elementor-grid\">\n\t\t\t\t<article class=\"elementor-post elementor-grid-item post-24644 post type-post status-publish format-standard has-post-thumbnail hentry category-uncategorized-da product_opbevare-mine-flasker-laenge-eller-drikke-dem-hurtigt\">\n\t\t\t<div class=\"elementor-post__card\">\n\t\t\t\t<a class=\"elementor-post__thumbnail__link\" href=\"https:\/\/www.caveavin-lechai.fr\/da\/opbevare-mine-flasker-laenge-eller-drikke-dem-hurtigt\/\" ><div class=\"elementor-post__thumbnail\"><img width=\"600\" height=\"447\" src=\"https:\/\/www.caveavin-lechai.fr\/wp-content\/uploads\/2020\/06\/80-1563-600x447.png\" class=\"attachment-medium size-medium\" alt=\"\" loading=\"lazy\" srcset=\"https:\/\/www.caveavin-lechai.fr\/wp-content\/uploads\/2020\/06\/80-1563-600x447.png 600w, https:\/\/www.caveavin-lechai.fr\/wp-content\/uploads\/2020\/06\/80-1563-300x223.png 300w, https:\/\/www.caveavin-lechai.fr\/wp-content\/uploads\/2020\/06\/80-1563-200x149.png 200w, https:\/\/www.caveavin-lechai.fr\/wp-content\/uploads\/2020\/06\/80-1563-1024x762.png 1024w, https:\/\/www.caveavin-lechai.fr\/wp-content\/uploads\/2020\/06\/80-1563-768x572.png 768w, https:\/\/www.caveavin-lechai.fr\/wp-content\/uploads\/2020\/06\/80-1563.png 1200w\" sizes=\"(max-width: 600px) 100vw, 600px\" \/><\/div><\/a>\n\t\t\t\t<div class=\"elementor-post__badge\">Uncategorized<\/div>\n\t\t\t\t<div class=\"elementor-post__text\">\n\t\t\t\t<h3 class=\"elementor-post__title\">\n\t\t\t<a href=\"https:\/\/www.caveavin-lechai.fr\/da\/opbevare-mine-flasker-laenge-eller-drikke-dem-hurtigt\/\" >\n\t\t\t\tVil jeg opbevare mine flasker l\u00e6nge eller drikke dem hurtigt?\t\t\t<\/a>\n\t\t<\/h3>\n\t\t\t\t<div class=\"elementor-post__excerpt\">\n\t\t\t<p>Det er det f\u00f8rste sp\u00f8rgsm\u00e5l. man skal stille sig selv, n\u00e5r man er interesseret i at k\u00f8be et vink\u00f8leskab. Samlere skal naturligvis have et vink\u00f8leskab<\/p>\n\t\t<\/div>\n\t\t\t\t\t<a class=\"elementor-post__read-more\" href=\"https:\/\/www.caveavin-lechai.fr\/da\/opbevare-mine-flasker-laenge-eller-drikke-dem-hurtigt\/\" >\n\t\t\t\tL\u00e6s mere &gt;\t\t\t<\/a>\n\t\t\t\t<\/div>\n\t\t\t\t<div class=\"elementor-post__meta-data\">\n\t\t\t\t\t<span class=\"elementor-post-date\">\n\t\t\t26 August 2020\t\t<\/span>\n\t\t\t\t<\/div>\n\t\t\t\t\t<\/div>\n\t\t<\/article>\n\t\t\t\t<article class=\"elementor-post elementor-grid-item post-24641 post type-post status-publish format-standard has-post-thumbnail hentry category-uncategorized-da product_hvordan-vaelger-jeg-den-rette-placering-til-vinkoeleskabet\">\n\t\t\t<div class=\"elementor-post__card\">\n\t\t\t\t<a class=\"elementor-post__thumbnail__link\" href=\"https:\/\/www.caveavin-lechai.fr\/da\/hvordan-vaelger-jeg-den-rette-placering-til-vinkoeleskabet\/\" ><div class=\"elementor-post__thumbnail\"><img width=\"600\" height=\"400\" src=\"https:\/\/www.caveavin-lechai.fr\/wp-content\/uploads\/2020\/06\/80-1658-600x400.png\" class=\"attachment-medium size-medium\" alt=\"\" loading=\"lazy\" srcset=\"https:\/\/www.caveavin-lechai.fr\/wp-content\/uploads\/2020\/06\/80-1658-600x400.png 600w, https:\/\/www.caveavin-lechai.fr\/wp-content\/uploads\/2020\/06\/80-1658-300x200.png 300w, https:\/\/www.caveavin-lechai.fr\/wp-content\/uploads\/2020\/06\/80-1658-200x133.png 200w, https:\/\/www.caveavin-lechai.fr\/wp-content\/uploads\/2020\/06\/80-1658-1024x683.png 1024w, https:\/\/www.caveavin-lechai.fr\/wp-content\/uploads\/2020\/06\/80-1658-768x512.png 768w, https:\/\/www.caveavin-lechai.fr\/wp-content\/uploads\/2020\/06\/80-1658.png 1200w\" sizes=\"(max-width: 600px) 100vw, 600px\" \/><\/div><\/a>\n\t\t\t\t<div class=\"elementor-post__badge\">Uncategorized<\/div>\n\t\t\t\t<div class=\"elementor-post__text\">\n\t\t\t\t<h3 class=\"elementor-post__title\">\n\t\t\t<a href=\"https:\/\/www.caveavin-lechai.fr\/da\/hvordan-vaelger-jeg-den-rette-placering-til-vinkoeleskabet\/\" >\n\t\t\t\tHvordan v\u00e6lger jeg den rette placering til vink\u00f8leskabet?\t\t\t<\/a>\n\t\t<\/h3>\n\t\t\t\t<div class=\"elementor-post__excerpt\">\n\t\t\t<p>Placeringen af dit nye vink\u00f8leskab afh\u00e6nger af forskellige faktorer: den tilg\u00e6ngelige plads, den \u00f8nskede kapacitet og temperaturen i det rum, hvor apparatet skal st\u00e5. Den<\/p>\n\t\t<\/div>\n\t\t\t\t\t<a class=\"elementor-post__read-more\" href=\"https:\/\/www.caveavin-lechai.fr\/da\/hvordan-vaelger-jeg-den-rette-placering-til-vinkoeleskabet\/\" >\n\t\t\t\tL\u00e6s mere &gt;\t\t\t<\/a>\n\t\t\t\t<\/div>\n\t\t\t\t<div class=\"elementor-post__meta-data\">\n\t\t\t\t\t<span class=\"elementor-post-date\">\n\t\t\t26 August 2020\t\t<\/span>\n\t\t\t\t<\/div>\n\t\t\t\t\t<\/div>\n\t\t<\/article>\n\t\t\t\t<article class=\"elementor-post elementor-grid-item post-24638 post type-post status-publish format-standard has-post-thumbnail hentry category-uncategorized-da product_hvordan-vaelger-jeg-mit-vinkoeleskabs-kapacitet\">\n\t\t\t<div class=\"elementor-post__card\">\n\t\t\t\t<a class=\"elementor-post__thumbnail__link\" href=\"https:\/\/www.caveavin-lechai.fr\/da\/hvordan-vaelger-jeg-mit-vinkoeleskabs-kapacitet\/\" ><div class=\"elementor-post__thumbnail\"><img width=\"600\" height=\"400\" src=\"https:\/\/www.caveavin-lechai.fr\/wp-content\/uploads\/2020\/06\/80-1560-600x400.png\" class=\"attachment-medium size-medium\" alt=\"\" loading=\"lazy\" srcset=\"https:\/\/www.caveavin-lechai.fr\/wp-content\/uploads\/2020\/06\/80-1560-600x400.png 600w, https:\/\/www.caveavin-lechai.fr\/wp-content\/uploads\/2020\/06\/80-1560-300x200.png 300w, https:\/\/www.caveavin-lechai.fr\/wp-content\/uploads\/2020\/06\/80-1560-200x133.png 200w, https:\/\/www.caveavin-lechai.fr\/wp-content\/uploads\/2020\/06\/80-1560-1024x683.png 1024w, https:\/\/www.caveavin-lechai.fr\/wp-content\/uploads\/2020\/06\/80-1560-768x512.png 768w, https:\/\/www.caveavin-lechai.fr\/wp-content\/uploads\/2020\/06\/80-1560.png 1200w\" sizes=\"(max-width: 600px) 100vw, 600px\" \/><\/div><\/a>\n\t\t\t\t<div class=\"elementor-post__badge\">Uncategorized<\/div>\n\t\t\t\t<div class=\"elementor-post__text\">\n\t\t\t\t<h3 class=\"elementor-post__title\">\n\t\t\t<a href=\"https:\/\/www.caveavin-lechai.fr\/da\/hvordan-vaelger-jeg-mit-vinkoeleskabs-kapacitet\/\" >\n\t\t\t\tHvordan v\u00e6lger jeg mit vink\u00f8leskabs kapacitet?\t\t\t<\/a>\n\t\t<\/h3>\n\t\t\t\t<div class=\"elementor-post__excerpt\">\n\t\t\t<p>F\u00f8rst og fremmest er det vigtigt at vide, at alle vink\u00f8leskabsm\u00e6rker anvender den samme flaskest\u00f8rrelse, n\u00e5r der tales om kapacitet. Det er en traditionel Bordeaux-flaske<\/p>\n\t\t<\/div>\n\t\t\t\t\t<a class=\"elementor-post__read-more\" href=\"https:\/\/www.caveavin-lechai.fr\/da\/hvordan-vaelger-jeg-mit-vinkoeleskabs-kapacitet\/\" >\n\t\t\t\tL\u00e6s mere &gt;\t\t\t<\/a>\n\t\t\t\t<\/div>\n\t\t\t\t<div class=\"elementor-post__meta-data\">\n\t\t\t\t\t<span class=\"elementor-post-date\">\n\t\t\t26 August 2020\t\t<\/span>\n\t\t\t\t<\/div>\n\t\t\t\t\t<\/div>\n\t\t<\/article>\n\t\t\t\t<\/div>\n\n\n\t\t\n\t\t\t\t<\/div>\n\t\t\t\t<\/div>\n\t\t\t\t<div class=\"elementor-element elementor-element-6d932d7 elementor-widget elementor-widget-spacer\" data-id=\"6d932d7\" data-element_type=\"widget\" data-widget_type=\"spacer.default\">\n\t\t\t\t<div class=\"elementor-widget-container\">\n\t\t\t\t\t<div class=\"elementor-spacer\">\n\t\t\t<div class=\"elementor-spacer-inner\"><\/div>\n\t\t<\/div>\n\t\t\t\t<\/div>\n\t\t\t\t<\/div>\n\t\t\t\t\t\t<\/div>\n\t\t\t\t\t<\/div>\n\t\t<\/div>\n\t\t\t\t\t\t\t\t<\/div>\n\t\t\t\t\t<\/div>\n\t\t<\/section>\n\t\t\t\t\t\t<\/div>\n\t\t\t\t\t\t<\/div>\n\t\t\t\t\t<\/div>\n\t\t","protected":false},"excerpt":{"rendered":"<p>Vores r\u00e5d<\/p>\n","protected":false},"author":1,"featured_media":24425,"parent":0,"menu_order":0,"comment_status":"closed","ping_status":"closed","template":"","meta":[],"yoast_head":"<!-- This site is optimized with the Yoast SEO plugin v18.3 - https:\/\/yoast.com\/wordpress\/plugins\/seo\/ -->\n<title>R\u00e5d | Le Chai<\/title>\n<meta name=\"robots\" content=\"index, follow, max-snippet:-1, max-image-preview:large, max-video-preview:-1\" \/>\n<link rel=\"canonical\" href=\"https:\/\/www.caveavin-lechai.fr\/da\/raad\/\" \/>\n<meta property=\"og:locale\" content=\"da_DK\" \/>\n<meta property=\"og:type\" content=\"article\" \/>\n<meta property=\"og:title\" content=\"R\u00e5d | Le Chai\" \/>\n<meta property=\"og:description\" content=\"Vores r\u00e5d\" \/>\n<meta property=\"og:url\" content=\"https:\/\/www.caveavin-lechai.fr\/da\/raad\/\" \/>\n<meta property=\"og:site_name\" content=\"Le Chai\" \/>\n<meta property=\"article:modified_time\" content=\"2020-08-26T07:33:24+00:00\" \/>\n<meta property=\"og:image\" content=\"https:\/\/www.caveavin-lechai.fr\/wp-content\/uploads\/2020\/03\/photo_8.jpg\" \/>\n\t<meta property=\"og:image:width\" content=\"1920\" \/>\n\t<meta property=\"og:image:height\" content=\"1281\" \/>\n\t<meta property=\"og:image:type\" content=\"image\/jpeg\" \/>\n<meta name=\"twitter:card\" content=\"summary_large_image\" \/>\n<script type=\"application\/ld+json\" class=\"yoast-schema-graph\">{\"@context\":\"https:\/\/schema.org\",\"@graph\":[{\"@type\":\"Organization\",\"@id\":\"https:\/\/www.caveavin-lechai.fr\/da\/#organization\",\"name\":\"Le Chai\",\"url\":\"https:\/\/www.caveavin-lechai.fr\/da\/\",\"sameAs\":[],\"logo\":{\"@type\":\"ImageObject\",\"@id\":\"https:\/\/www.caveavin-lechai.fr\/da\/#logo\",\"inLanguage\":\"da-DK\",\"url\":\"https:\/\/www.caveavin-lechai.fr\/wp-content\/uploads\/2020\/09\/favion-lechai.png\",\"contentUrl\":\"https:\/\/www.caveavin-lechai.fr\/wp-content\/uploads\/2020\/09\/favion-lechai.png\",\"width\":127,\"height\":122,\"caption\":\"Le Chai\"},\"image\":{\"@id\":\"https:\/\/www.caveavin-lechai.fr\/da\/#logo\"}},{\"@type\":\"WebSite\",\"@id\":\"https:\/\/www.caveavin-lechai.fr\/da\/#website\",\"url\":\"https:\/\/www.caveavin-lechai.fr\/da\/\",\"name\":\"Le Chai\",\"description\":\"L\u2019excellence de la cave \u00e0 vin\",\"publisher\":{\"@id\":\"https:\/\/www.caveavin-lechai.fr\/da\/#organization\"},\"potentialAction\":[{\"@type\":\"SearchAction\",\"target\":{\"@type\":\"EntryPoint\",\"urlTemplate\":\"https:\/\/www.caveavin-lechai.fr\/da\/?s={search_term_string}\"},\"query-input\":\"required name=search_term_string\"}],\"inLanguage\":\"da-DK\"},{\"@type\":\"ImageObject\",\"@id\":\"https:\/\/www.caveavin-lechai.fr\/da\/raad\/#primaryimage\",\"inLanguage\":\"da-DK\",\"url\":\"https:\/\/www.caveavin-lechai.fr\/wp-content\/uploads\/2020\/03\/photo_8.jpg\",\"contentUrl\":\"https:\/\/www.caveavin-lechai.fr\/wp-content\/uploads\/2020\/03\/photo_8.jpg\",\"width\":1920,\"height\":1281},{\"@type\":\"WebPage\",\"@id\":\"https:\/\/www.caveavin-lechai.fr\/da\/raad\/#webpage\",\"url\":\"https:\/\/www.caveavin-lechai.fr\/da\/raad\/\",\"name\":\"R\u00e5d | Le Chai\",\"isPartOf\":{\"@id\":\"https:\/\/www.caveavin-lechai.fr\/da\/#website\"},\"primaryImageOfPage\":{\"@id\":\"https:\/\/www.caveavin-lechai.fr\/da\/raad\/#primaryimage\"},\"datePublished\":\"2020-08-26T07:33:05+00:00\",\"dateModified\":\"2020-08-26T07:33:24+00:00\",\"breadcrumb\":{\"@id\":\"https:\/\/www.caveavin-lechai.fr\/da\/raad\/#breadcrumb\"},\"inLanguage\":\"da-DK\",\"potentialAction\":[{\"@type\":\"ReadAction\",\"target\":[\"https:\/\/www.caveavin-lechai.fr\/da\/raad\/\"]}]},{\"@type\":\"BreadcrumbList\",\"@id\":\"https:\/\/www.caveavin-lechai.fr\/da\/raad\/#breadcrumb\",\"itemListElement\":[{\"@type\":\"ListItem\",\"position\":1,\"name\":\"Bes\u00f8g\",\"item\":\"https:\/\/www.caveavin-lechai.fr\/da\/\"},{\"@type\":\"ListItem\",\"position\":2,\"name\":\"R\u00e5d\"}]}]}<\/script>\n<!-- \/ Yoast SEO plugin. -->","yoast_head_json":{"title":"R\u00e5d | Le Chai","robots":{"index":"index","follow":"follow","max-snippet":"max-snippet:-1","max-image-preview":"max-image-preview:large","max-video-preview":"max-video-preview:-1"},"canonical":"https:\/\/www.caveavin-lechai.fr\/da\/raad\/","og_locale":"da_DK","og_type":"article","og_title":"R\u00e5d | Le Chai","og_description":"Vores r\u00e5d","og_url":"https:\/\/www.caveavin-lechai.fr\/da\/raad\/","og_site_name":"Le Chai","article_modified_time":"2020-08-26T07:33:24+00:00","og_image":[{"width":1920,"height":1281,"url":"https:\/\/www.caveavin-lechai.fr\/wp-content\/uploads\/2020\/03\/photo_8.jpg","type":"image\/jpeg"}],"twitter_card":"summary_large_image","schema":{"@context":"https:\/\/schema.org","@graph":[{"@type":"Organization","@id":"https:\/\/www.caveavin-lechai.fr\/da\/#organization","name":"Le Chai","url":"https:\/\/www.caveavin-lechai.fr\/da\/","sameAs":[],"logo":{"@type":"ImageObject","@id":"https:\/\/www.caveavin-lechai.fr\/da\/#logo","inLanguage":"da-DK","url":"https:\/\/www.caveavin-lechai.fr\/wp-content\/uploads\/2020\/09\/favion-lechai.png","contentUrl":"https:\/\/www.caveavin-lechai.fr\/wp-content\/uploads\/2020\/09\/favion-lechai.png","width":127,"height":122,"caption":"Le Chai"},"image":{"@id":"https:\/\/www.caveavin-lechai.fr\/da\/#logo"}},{"@type":"WebSite","@id":"https:\/\/www.caveavin-lechai.fr\/da\/#website","url":"https:\/\/www.caveavin-lechai.fr\/da\/","name":"Le Chai","description":"L\u2019excellence de la cave \u00e0 vin","publisher":{"@id":"https:\/\/www.caveavin-lechai.fr\/da\/#organization"},"potentialAction":[{"@type":"SearchAction","target":{"@type":"EntryPoint","urlTemplate":"https:\/\/www.caveavin-lechai.fr\/da\/?s={search_term_string}"},"query-input":"required name=search_term_string"}],"inLanguage":"da-DK"},{"@type":"ImageObject","@id":"https:\/\/www.caveavin-lechai.fr\/da\/raad\/#primaryimage","inLanguage":"da-DK","url":"https:\/\/www.caveavin-lechai.fr\/wp-content\/uploads\/2020\/03\/photo_8.jpg","contentUrl":"https:\/\/www.caveavin-lechai.fr\/wp-content\/uploads\/2020\/03\/photo_8.jpg","width":1920,"height":1281},{"@type":"WebPage","@id":"https:\/\/www.caveavin-lechai.fr\/da\/raad\/#webpage","url":"https:\/\/www.caveavin-lechai.fr\/da\/raad\/","name":"R\u00e5d | Le Chai","isPartOf":{"@id":"https:\/\/www.caveavin-lechai.fr\/da\/#website"},"primaryImageOfPage":{"@id":"https:\/\/www.caveavin-lechai.fr\/da\/raad\/#primaryimage"},"datePublished":"2020-08-26T07:33:05+00:00","dateModified":"2020-08-26T07:33:24+00:00","breadcrumb":{"@id":"https:\/\/www.caveavin-lechai.fr\/da\/raad\/#breadcrumb"},"inLanguage":"da-DK","potentialAction":[{"@type":"ReadAction","target":["https:\/\/www.caveavin-lechai.fr\/da\/raad\/"]}]},{"@type":"BreadcrumbList","@id":"https:\/\/www.caveavin-lechai.fr\/da\/raad\/#breadcrumb","itemListElement":[{"@type":"ListItem","position":1,"name":"Bes\u00f8g","item":"https:\/\/www.caveavin-lechai.fr\/da\/"},{"@type":"ListItem","position":2,"name":"R\u00e5d"}]}]}},"acf":[],"_links":{"self":[{"href":"https:\/\/www.caveavin-lechai.fr\/da\/wp-json\/wp\/v2\/pages\/24652"}],"collection":[{"href":"https:\/\/www.caveavin-lechai.fr\/da\/wp-json\/wp\/v2\/pages"}],"about":[{"href":"https:\/\/www.caveavin-lechai.fr\/da\/wp-json\/wp\/v2\/types\/page"}],"author":[{"embeddable":true,"href":"https:\/\/www.caveavin-lechai.fr\/da\/wp-json\/wp\/v2\/users\/1"}],"replies":[{"embeddable":true,"href":"https:\/\/www.caveavin-lechai.fr\/da\/wp-json\/wp\/v2\/comments?post=24652"}],"version-history":[{"count":0,"href":"https:\/\/www.caveavin-lechai.fr\/da\/wp-json\/wp\/v2\/pages\/24652\/revisions"}],"wp:featuredmedia":[{"embeddable":true,"href":"https:\/\/www.caveavin-lechai.fr\/da\/wp-json\/wp\/v2\/media\/24425"}],"wp:attachment":[{"href":"https:\/\/www.caveavin-lechai.fr\/da\/wp-json\/wp\/v2\/media?parent=24652"}],"curies":[{"name":"wp","href":"https:\/\/api.w.org\/{rel}","templated":true}]}}